{"id":1281,"date":"2024-01-30T09:48:03","date_gmt":"2024-01-30T07:48:03","guid":{"rendered":"https:\/\/veekeskus.eu\/veekeskuse-kasutamise-reeglid\/"},"modified":"2026-02-26T14:34:07","modified_gmt":"2026-02-26T12:34:07","slug":"udens-centra-ieksejas-kartibas-noteikumi","status":"publish","type":"page","link":"https:\/\/veekeskus.eu\/lv\/udens-centra-ieksejas-kartibas-noteikumi\/","title":{"rendered":"\u016adens centra iek\u0161\u0113j\u0101s k\u0101rt\u012bbas noteikumi"},"content":{"rendered":"\n<p><\/p>\n\n\n\n<h2 class=\"wp-block-heading\"><\/h2>\n\n\n\n<p><strong>V\u0113lam visiem Tervise Paradiis \u016bdens centra apmekl\u0113t\u0101jiem pat\u012bkamu un dro\u0161u laika pavad\u012b\u0161anu.<\/strong> <strong>Ieg\u0101d\u0101joties bi\u013ceti, j\u016bs apliecin\u0101t, ka esat iepazinies ar \u016bdens centr\u0101 sp\u0113k\u0101 eso\u0161ajiem noteikumiem un piekritu\u0161i tos iev\u0113rot.<\/strong><br><strong>Ieg\u0101d\u0101joties bi\u013ceti, visi apmekl\u0113t\u0101ji apliecina, ka vi\u0146iem ir pietiekamas fizisk\u0101s sp\u0113jas, prasmes un vesel\u012bbas st\u0101voklis, lai var\u0113tu izmantot pied\u0101v\u0101tos pakalpojumus. Par b\u0113rnu prasm\u0113m un vesel\u012bbas st\u0101vokli atbild vi\u0146u pavado\u0146i.&nbsp;<\/strong><br><strong>Paldies!<\/strong><\/p>\n\n\n\n<p><strong>VISP\u0100R\u012aGI<\/strong><\/p>\n\n\n\n<ul class=\"wp-block-list\">\n<li><strong>\u016adens centrs, jo \u012bpa\u0161i lejup slidin\u0101\u0161an\u0101s atrakcijas un baseini, kas ir dzi\u013c\u0101ki nek\u0101 parasti, ir teritorija, kur ir augst\u0101ks risks nek\u0101 citur un kur\u0101 nav iesp\u0113jams piln\u012bb\u0101 izskaust incidentus ar kait\u0113jumu vesel\u012bbai, \u0146emot v\u0113r\u0101 atrakcijas\/baseina fizik\u0101l\u0101s \u012bpa\u0161\u012bbas, lietot\u0101ju skaitu un to fizisk\u0101s \u012bpatn\u012bbas un uzved\u012bbu.<\/strong><\/li>\n\n\n\n<li><strong>Dro\u0161\u012bba s\u0101kas ar klienta atbild\u012bgu uzved\u012bbu, iepaz\u012b\u0161anos ar \u0161iem noteikumiem un inform\u0101cijas un ierobe\u017eojumu izlas\u012b\u0161anu pie katras atrakcijas\/baseina.<\/strong><\/li>\n\n\n\n<li><strong>\u012apa\u0161i uzman\u012bgiem j\u0101b\u016bt veicot l\u0113cienus \u016bden\u012b (past\u0101v risks uzlekt virs\u016b citiem, risks neizk\u013c\u016bt no dzi\u013c\u0101 \u016bdens). L\u0112K\u0160ANA \u016aDEN\u012a IR AT\u013bAUTA TIKAI NO TAM PAREDZ\u0112T\u0100M VIET\u0100M \/ PLATFORM\u0100M.<\/strong><\/li>\n\n\n\n<li><strong>\u201eTervise Paradiis\u201c nav atbild\u012bga par kait\u0113jumiem, zaud\u0113jumiem, traum\u0101m u.tml., ko izrais\u012bjusi apmekl\u0113t\u0101ja nolaid\u012bba, uzman\u012bbas tr\u016bkums, nev\u0113r\u012bba, savu sp\u0113ju p\u0101rv\u0113rt\u0113\u0161ana, vesel\u012bbas probl\u0113mas vai \u0161o noteikumu neiev\u0113ro\u0161ana, tostarp person\u0101la nor\u0101d\u012bjumu neiev\u0113ro\u0161ana.<\/strong><\/li>\n\n\n\n<li><strong>Lai paaugstin\u0101tu dro\u0161\u012bbu un uzraudz\u012btu dro\u0161\u012bbas noteikumu iev\u0113ro\u0161anu, \u016bdens centr\u0101 str\u0101d\u0101 de\u017e\u016bras instruktori, bet prim\u0101r\u0101 atbild\u012bba par \u016bdens centra izmanto\u0161anu un ar to saist\u012bto iesp\u0113jamo kait\u0113jumu vesel\u012bbai vai mantai gulstas uz lietot\u0101ju (b\u0113rnu gad\u012bjum\u0101 uz vi\u0146u pieaugu\u0161o pavadoni). \u016adens centrs nenodro\u0161ina kompetentu un kvalific\u0113tu gl\u0101b\u0113ju kl\u0101tb\u016btni<\/strong><strong>.<\/strong><\/li>\n\n\n\n<li>P\u0101rvietojies \u016bdens centra \u0123\u0113rbtuv\u0113s, peldbasein\u0101 un \u016bdens atrakciju park\u0101 nesteidz\u012bgi, steiga\/skrie\u0161ana pa slapjo gr\u012bdu ir b\u012bstama gan tev, gan citiem apmekl\u0113t\u0101jiem.<\/li>\n\n\n\n<li>B\u0113rni l\u012bdz 14 gadiem (iesk.) var apmekl\u0113t \u016bdens atrakciju parku un peldbaseinu tikai kop\u0101 ar pieaugu\u0161u pavadoni, kam ir ieejas bi\u013cete un kur\u0161 atbild par b\u0113rnu dro\u0161\u012bbu un uzved\u012bbu, k\u0101 ar\u012b garant\u0113, ka b\u0113rns(i) iev\u0113ro visus \u016bdens centra izmanto\u0161anas noteikumus.<\/li>\n\n\n\n<li>B\u0113rni vecum\u0101 no 15 gadiem var apmekl\u0113t \u016bdens centru bez pavad\u012bbas un bez vec\u0101ku vai pieaugu\u0161o kl\u0101tb\u016btnes, bet vec\u0101ki ir atbild\u012bgi par b\u0113rna vesel\u012bbas st\u0101vokli, uzved\u012bbu un noteikumu iev\u0113ro\u0161anu.<\/li>\n\n\n\n<li>Neierodieties \u016bdens centr\u0101 alkohola vai narkotisko vielu reibum\u0101! \u016adens centra darbiniekam ir ties\u012bbas nep\u0101rdot bi\u013ceti personai reibuma st\u0101vokl\u012b. Apmekl\u0113jot \u016bdens centru alkohola reibum\u0101, j\u016bs uz\u0146ematies visu risku, kas saist\u012bts ar \u016bdens centra lieto\u0161anu.<\/li>\n\n\n\n<li>\u016adens atrakciju park\u0101, basein\u0101 un pirts centr\u0101 nav at\u013cauts \u0146emt l\u012bdzi savus dz\u0113rienus un citus p\u0101rtikas produktus. \u016adens centra apkalpojo\u0161am person\u0101lam ir ties\u012bbas l\u012bdz\u0146emtos \u0113dienus un dz\u0113rienus konfisc\u0113t.<\/li>\n\n\n\n<li>\u016adens centr\u0101 sm\u0113\u0137\u0113\u0161ana, stipro alkoholisko dz\u0113rienu un narkotisko vielu lieto\u0161ana ir stingri aizliegta.<\/li>\n\n\n\n<li>\u016adens centr\u0101 ir video apsardze.<\/li>\n\n\n\n<li>R\u0113\u0137inies ar citiem apmekl\u0113t\u0101jiem un esi uzman\u012bgs pret b\u0113rniem.<\/li>\n\n\n\n<li>\u016adens centr\u0101 ir aizliegts \u0146emt l\u012bdzi priek\u0161metus, kas var trauc\u0113t citiem apmekl\u0113t\u0101jiem vai rad\u012bt tiem vesel\u012bbas kait\u0113jumus. Turkl\u0101t nedr\u012bkst \u0146emt l\u012bdzi rota\u013clietas, kas neturas virs \u016bdens.<\/li>\n\n\n\n<li>L\u016bdzam neiebraukt \u016bdens centr\u0101 ar b\u0113rnu rati\u0146iem.<\/li>\n\n\n\n<li>Peldpl\u0113vju un \u201en\u0101ras\u201c peldkost\u012bmu izmanto\u0161ana \u016bdens centra baseinos ir aizliegta.<\/li>\n\n\n\n<li>\u201eTervise Paradiis\u201c neatbild par ap\u0123\u0113rbu, dokumentu, mobilo telefonu, v\u0113rtslietu vai citu priek\u0161metu boj\u0101jumiem, boj\u0101eju un pazaud\u0113\u0161anu \u016bdens centr\u0101, iz\u0146emot priek\u0161metus, kas atrodas seif\u0101 pie administratora.<\/li>\n\n\n\n<li>Aizmirstie un pazaud\u0113tie priek\u0161meti, kuri tiek atrasti\/nodoti person\u0101lam, tiek uzglab\u0101ti vienu (1) m\u0113nesi, p\u0113c tam tie tiek utiliz\u0113ti.<\/li>\n\n\n\n<li>Ja rodas probl\u0113mas, v\u0113rsieties pie person\u0101la.<\/li>\n\n\n\n<li>\u016adens centra darbiniekiem ir ties\u012bbas izteikt apmekl\u0113t\u0101jam, kur\u0161 p\u0101rk\u0101pj Br\u012bv\u0101 laika centra noteikumus, attiec\u012bgu aizr\u0101d\u012bjumu un\/vai izraid\u012bt no \u016bdens centra personas, kuras b\u012bstamas citiem un sev, vai trauc\u0113 citus apmekl\u0113t\u0101jus, anul\u0113t vi\u0146u bi\u013ceti, neatl\u012bdzinot t\u0101s v\u0113rt\u012bbu.<\/li>\n\n\n\n<li>\u201eTervise Paradiis\u201d administr\u0101cija jebkur\u0101 laik\u0101 var bez iepriek\u0161\u0113ja br\u012bdin\u0101juma main\u012bt atrakciju pieejam\u012bbu. \u0160\u0101d\u0101 gad\u012bjum\u0101 ieejas cenai atlaidi nepiem\u0113ro.<\/li>\n<\/ul>\n\n\n\n<p><strong>IEEJAS BI\u013bETES IEG\u0100DE UN SAMAKSA PAR PAKALPOJUMIEM<\/strong><\/p>\n\n\n\n<ul class=\"wp-block-list\">\n<li>Pie \u016bdensparka bi\u013cetes ieg\u0101des sa\u0146emsi elektronisko aproci, ar kuru var\u0113si atv\u0113rt durvis un ieejas turniketu.&nbsp;.<\/li>\n\n\n\n<li>Pie administratora var iznom\u0101t pirts dvieli vai peldm\u0113teli, maks\u0101jot atbilsto\u0161i sp\u0113k\u0101 eso\u0161ajam cenr\u0101dim. Apejies ar tiem r\u016bp\u012bgi un aizejot atdod iznom\u0101t\u0101s lietas administratoram. Par pazaud\u0113taj\u0101m liet\u0101m ir j\u0101maks\u0101 cenr\u0101d\u012b noteikta kompens\u0101cija.<\/li>\n\n\n\n<li>Valk\u0101 aproci redzam\u0101 veid\u0101 vis\u0101 \u016bdenspark\u0101 uztur\u0113\u0161an\u0101s laik\u0101. Apmekl\u0113t\u0101jiem nav at\u013cauts savstarp\u0113ji main\u012bties ar aproc\u0113m.<\/li>\n\n\n\n<li>L\u016bdzam saglab\u0101t \u016bdensparka kv\u012bti l\u012bdz aizie\u0161anai no \u016bdensparka.<\/li>\n\n\n\n<li>Apmekl\u0113t\u0101jiem no 18 gadu vecuma ir iesp\u0113jams izmantot maksai par pakalpojumiem Aqua b\u0101r\u0101 elektronisko aproci, kur\u0101 ir kred\u012bts par summu 40 EUR.<\/li>\n\n\n\n<li>Aizejot no \u016bdensparka, aproce ir j\u0101atdod atpaka\u013c administratoram un j\u0101samaks\u0101 izt\u0113r\u0113t\u0101 kred\u012bta summa.<\/li>\n\n\n\n<li>Ja apmekl\u0113t\u0101js, kur\u0161 ir jaun\u0101ks par 18 gadiem, v\u0113las, vi\u0146\u0161 var ieg\u0101d\u0101ties elektronisko aproci ar priek\u0161apmaksu pie administratora. To var priek\u0161apmaksas apjom\u0101 izmantot par Aqua b\u0101ra pakalpojumiem. Neizt\u0113r\u0113to summu apmekl\u0113t\u0101js sa\u0146em atpaka\u013c pie administratora, aizejot no \u016bdens centra, (tikai taj\u0101 pa\u0161\u0101 dien\u0101).<\/li>\n\n\n\n<li>Par aproces pazaud\u0113\u0161anu nekav\u0113jo\u0161i j\u0101inform\u0113 de\u017e\u016bras instruktors.<\/li>\n\n\n\n<li>Par pazaud\u0113to vai saboj\u0101to aproci ir j\u0101maks\u0101 kompens\u0101cija atbilsto\u0161i sp\u0113k\u0101 eso\u0161ajam cenr\u0101dim.<\/li>\n\n\n\n<li>\u016adens centra person\u0101lam ir ties\u012bbas l\u016bgt dokumentu personas vecuma noskaidro\u0161anai.<\/li>\n\n\n\n<li>L\u016bdzam p\u0101rbaud\u012bt nopirkto preci, bi\u013cetes un izdoto naudu t\u016bl\u012bt pie kases. V\u0113l\u0101k\u0101s pretenzijas netiks apmierin\u0101tas.<\/li>\n<\/ul>\n\n\n\n<p><strong>APMEKL\u0112JUMA LAIKS<\/strong><\/p>\n\n\n\n<ul class=\"wp-block-list\">\n<li>Apmekl\u0113juma laiks tiek skait\u012bts, s\u0101kot ar ien\u0101k\u0161anas br\u012bdi caur ieejas turniketu.<\/li>\n\n\n\n<li>Papildu maksu par p\u0101rsniegto apmekl\u0113juma laiku apr\u0113\u0137ina atbilsto\u0161i sp\u0113k\u0101 eso\u0161ajam cenr\u0101dim.<\/li>\n\n\n\n<li><strong>\u016aDENS CENTRA ATRAKCIJAS UN PIRTS TIEK SL\u0112GTAS&nbsp; 20 MIN PIRMS <\/strong><strong>\u016aDENS<\/strong> <strong>CENTRA SL\u0112G\u0160ANAS.<\/strong><\/li>\n<\/ul>\n\n\n\n<p><strong>\u0122\u0112RBTUVES&nbsp;&nbsp;&nbsp;&nbsp;&nbsp;&nbsp;&nbsp;&nbsp;<\/strong><\/p>\n\n\n\n<ul class=\"wp-block-list\">\n<li>Ieejot \u0123\u0113rbtuv\u0113, l\u016bdzu, novelc \u0101ra apavus vai nomaini tos pret iek\u0161telpu apaviem \u2013 t\u0101 pal\u012bdz\u0113si uztur\u0113t t\u012br\u012bbu! \u0100ra apavi ir j\u0101ievieto skap\u012bt\u012b. Aizejot no \u016bdens centra, l\u016bdzu, uzvelc \u0101ra apavus pie \u0123\u0113rbtuves durv\u012bm.<\/li>\n\n\n\n<li>\u0122\u0113rbtuv\u0113 vari izv\u0113l\u0113ties sev pat\u012bkamu skap\u012bti. Nomaini ap\u0123\u0113rbu un aiztaisi skap\u012b\u0161a durvis ar atsl\u0113gu. Atsl\u0113gu noteikti \u0146em l\u012bdzi! Atsl\u0113gu ar loc\u012btavas saiti vari piestiprin\u0101t pie rokas vai k\u0101jas.&nbsp; Skap\u012bti var atsl\u0113gt un aizsl\u0113gt atk\u0101rtoti.<\/li>\n\n\n\n<li>Katru reizi p\u0101rbaudi, vai skap\u012b\u0161a durvis k\u0101rt\u012bgi aizveras, gad\u012bjum\u0101, ja skap\u012b\u0161a durvis neaizveras k\u0101rt\u012bgi un\/vai ir boj\u0101tas, nekav\u0113jo\u0161i inform\u0113 par to administratoru vai de\u017e\u016bras instruktoru.<\/li>\n\n\n\n<li>R\u016bp\u012bgi glab\u0101 sava skap\u012b\u0161a atsl\u0113gu, to nozaud\u0113jot, ir j\u0101maks\u0101 kompens\u0101cija atbilsto\u0161i sp\u0113k\u0101 eso\u0161ajam cenr\u0101dim. Par atsl\u0113gas pazaud\u0113\u0161anu nekav\u0113jo\u0161i inform\u0113 administratoru vai de\u017e\u016bras instruktoru.<\/li>\n\n\n\n<li>\u016adens parks neatbild par garderobes skap\u012b atst\u0101to lietu\/priek\u0161metu (dokumenti, nauda un citas v\u0113rtslietas). Apmekl\u0113juma laik\u0101 ir iesp\u0113ja iznom\u0101t seif\u0101 pie \u016bdens centra administratora.<\/li>\n\n\n\n<li>Pirms do\u0161an\u0101s uz \u016bdens centru un peldbaseinu NOTEIKTI NOMAZG\u0100JIES bez peldkost\u012bma, not\u012bri no sejas kosm\u0113tiku.<\/li>\n\n\n\n<li>\u0122\u0113rbtuv\u0113s un mazg\u0101\u0161an\u0101s telp\u0101s matu kr\u0101so\u0161ana un sk\u016b\u0161an\u0101s ir aizliegta.<\/li>\n\n\n\n<li>\u0122\u0113rbtuv\u0113s eso\u0161aj\u0101s pirt\u012bs ir ieteicams uztur\u0113ties bez peldkost\u012bmiem, metot pirt\u012b garu, r\u0113\u0137inieties ar citiem apmekl\u0113t\u0101jiem.<\/li>\n\n\n\n<li>P\u0113c \u016bdens centra apmekl\u0113\u0161anas un p\u0113c mazg\u0101\u0161an\u0101s du\u0161\u0101 nosusini sevi, pirms tu ieej \u0123\u0113rbtuv\u0113.<\/li>\n\n\n\n<li>\u0122\u0113rbtuv\u0113s var rasties situ\u0101cija, ka v\u012brie\u0161u du\u0161as telp\u0101 un \u0123\u0113rbtuv\u0113 atrodas un veic savu darbu sievie\u0161u dzimuma telpu apkop\u0113jas. L\u016bdzam saproto\u0161u attieksmi!<\/li>\n<\/ul>\n\n\n\n<p><strong>\u016aDENSPARKA, PIRTS CENTRA UN PELDBASEINA NOTEIKUMI&nbsp;&nbsp;&nbsp;<\/strong><\/p>\n\n\n\n<ul class=\"wp-block-list\">\n<li>\u016adens prieku baud\u012b\u0161anai \u016bdenspark\u0101 vispiem\u0113rot\u0101kais ap\u0123\u0113rbs ir tradicion\u0101l\u0101s peldbikses vai peldkost\u012bms. Peld\u0113\u0161ana \u0161ortos, pelddr\u0113b\u0113s ar knied\u0113m, r\u0101v\u0113jsl\u0113dz\u0113jiem un pog\u0101m nav at\u013cauta. &nbsp;<\/li>\n\n\n\n<li><strong>L\u016bdzam r\u0113\u0137in\u0101ties ar iesp\u0113ju, ka \u016bdens centra atrakciju izmanto\u0161ana var boj\u0101t j\u016bsu peldkost\u012bmu vai peldbikses.<\/strong> Izmantojot atrakcijas, j\u016bs uz\u0146emies person\u012bgu atbild\u012bbu par savu ap\u0123\u0113rbu. \u016adens centrs neatbild par saboj\u0101taj\u0101m pelddr\u0113b\u0113m.<\/li>\n\n\n\n<li>Lai izsarg\u0101tos no nepat\u012bkama p\u0101rsteiguma, mazu\u013ciem l\u012bdz 3 gadu vecumam j\u0101lieto speci\u0101las mitrumiztur\u012bgas auti\u0146biks\u012btes. Auti\u0146biks\u012btes var nopirkt \u016bdens centra kas\u0113.<\/li>\n\n\n\n<li>Izv\u0113lies savai peld\u0113\u0161anas prasmei un vesel\u012bbas st\u0101voklim piem\u0113rota dzi\u013cuma peldbaseinu vai atrakciju.<\/li>\n\n\n\n<li>B\u0113rnus nedr\u012bkst atst\u0101t bez uzraudz\u012bbas. B\u0113rni, kuri neprot peld\u0113t, nedr\u012bkst atrasties basein\u0101 vieni pa\u0161i.<\/li>\n\n\n\n<li>Meln\u0101 sl\u012bdcaurule ir sl\u0113gta, ar speci\u0101liem ska\u0146as efektiem. Izv\u0113rt\u0113 savu vesel\u012bbas st\u0101vokli un fizisk\u0101s sp\u0113jas. \u0160o cauruli nav ieteicams izmantot epilepti\u0137iem.<\/li>\n\n\n\n<li>Papildu ieskrie\u0161an\u0101s, dodoties iek\u0161\u0101 slidcaurul\u0113s, nav at\u013cauta.<\/li>\n\n\n\n<li>Uzman\u012bbu! Ja sign\u0101llampi\u0146a uz sl\u012bdkalni\u0146iem ir boj\u0101ta (za\u013c\u0101 vai sarkan\u0101 gaisma deg nep\u0101rtraukti vai sign\u0101llampi\u0146a ir izsl\u0113gta), starp cilv\u0113kiem, kas brauc pa sl\u012bdkalni\u0146iem, j\u0101b\u016bt vismaz 40 sekun\u017eu att\u0101lumam!<\/li>\n\n\n\n<li>\u016adens centra atrakciju \u201ekalnu upe\u201c dr\u012bkst izmantot tikai apmekl\u0113t\u0101ji ar \u013coti labu peld\u0113tprasmi un briesmu saj\u016btu.<\/li>\n\n\n\n<li>Izmantojot \u201ekalnu upi\u201c, ir j\u0101seko attiec\u012bgaj\u0101m nor\u0101d\u0113m un z\u012bm\u0113m, j\u0101ietur savstarp\u0113ja distance un j\u0101r\u0113\u0137in\u0101s ar p\u0101r\u0113jiem apmekl\u0113t\u0101jiem.&nbsp;<\/li>\n<\/ul>\n\n\n\n<ul class=\"wp-block-list\">\n<li>Kategoriski ir aizliegts virz\u012bties atrakcij\u0101s pret straumi vai pret\u0113ji lej\u0101 sl\u012bd\u0113\u0161anas virzienam.<\/li>\n\n\n\n<li>L\u0113cieni \u016bden\u012b ir at\u013cauti tikai tam dom\u0101t\u0101 basein\u0101 de\u017e\u016bras instruktora kl\u0101tb\u016btn\u0113. Citos baseinos l\u0113cieni \u016bden\u012b nav at\u013cauti. Akrob\u0101tiskie l\u0113cieni ir aizliegti. Peldbasein\u0101 l\u0113cieni \u016bden\u012b ir at\u013cauti tikai no starta trampl\u012bniem treni\u0146a laik\u0101 un trenera kl\u0101tb\u016btn\u0113.<\/li>\n<\/ul>\n\n\n\n<ul class=\"wp-block-list\">\n<li>Nir\u0161anas laik\u0101 ir aizliegta ilgsto\u0161a uztur\u0113\u0161an\u0101s zem \u016bdens un sacens\u012bbas par elpas aiztur\u0113\u0161anu zem \u016bdens.<\/li>\n\n\n\n<li>Iev\u0113ro peldbasein\u0101 lab\u0101s puses kust\u012bbas principu un izturies saproto\u0161i pret citiem taj\u0101 pa\u0161\u0101 celi\u0146\u0101 peldo\u0161ajiem apmekl\u0113t\u0101jiem.<\/li>\n\n\n\n<li>Nepeldi p\u0101ri peldceli\u0146u norobe\u017eojumiem, celi\u0146u var main\u012bt, nirstot pa apak\u0161u.&nbsp; S\u0113d\u0113\u0161ana un st\u0101v\u0113\u0161ana uz celi\u0146u norobe\u017eojumiem ir aizliegta.<\/li>\n\n\n\n<li>Seko peldceli\u0146u apz\u012bm\u0113jumiem basein\u0101, nepeldi pa treni\u0146u grup\u0101m dom\u0101tiem peldceli\u0146iem.<\/li>\n\n\n\n<li>Garie mati ir j\u0101sasien vai j\u0101lieto peldcepure.<\/li>\n\n\n\n<li>Izmanto \u016bdens centra sporta piederumus un pal\u012bgl\u012bdzek\u013cus saudz\u012bgi un p\u0113c lieto\u0161anas novieto invent\u0101ru atpaka\u013c s\u0101kotn\u0113j\u0101 viet\u0101.<\/li>\n\n\n\n<li>Pirts centr\u0101 nav apsardzes.<\/li>\n\n\n\n<li>Apmekl\u0113jot pirts centru p\u0101rliecinies, ka esi izv\u0113l\u0113jies pirti atbilsto\u0161i savam vesel\u012bbas st\u0101voklim.<\/li>\n\n\n\n<li>Pirts centr\u0101 ieteicams dzert pietiekami daudz \u016bdens.<\/li>\n\n\n\n<li>Pirts centra mas\u0101\u017eas basein\u0101 l\u0113cieni \u016bden\u012b nav at\u013cauti.<\/li>\n\n\n\n<li>Pirt\u012bs nav at\u013cauts lietot medu, lob\u012bt\u0101jus un citas sm\u0113r\u0113jo\u0161as vielas.<\/li>\n\n\n\n<li>Sliktas pa\u0161saj\u016btas gad\u012bjum\u0101 atp\u016btieties un l\u016bdziet pal\u012bdz\u012bbu pie instruktora.<\/li>\n<\/ul>\n\n\n\n<p><strong>NOTEIKUMI GRUP\u0100M &nbsp;&nbsp;<\/strong><\/p>\n\n\n\n<ul class=\"wp-block-list\">\n<li>Pamatskolas un \u0123imn\u0101zijas skol\u0113nu grupu gad\u012bjum\u0101 uz katriem 15 skol\u0113niem ir j\u0101b\u016bt vienam pilngad\u012bgam pavadonim.<\/li>\n\n\n\n<li>B\u0113rnu un pusaud\u017eu grupu pavado\u0146i atbild par visiem grupas locek\u013ciem saska\u0146\u0101 ar \u0161iem noteikumiem un nodro\u0161ina, ka grupas locek\u013ci savlaic\u012bgi atst\u0101j \u016bdens centru.<\/li>\n<\/ul>\n\n\n\n<div style=\"height:44px\" aria-hidden=\"true\" class=\"wp-block-spacer\"><\/div>\n","protected":false},"excerpt":{"rendered":"<p>V\u0113lam visiem Tervise Paradiis \u016bdens centra apmekl\u0113t\u0101jiem pat\u012bkamu un dro\u0161u laika pavad\u012b\u0161anu. Ieg\u0101d\u0101joties bi\u013ceti, j\u016bs apliecin\u0101t, ka esat iepazinies ar \u016bdens centr\u0101 sp\u0113k\u0101 eso\u0161ajiem noteikumiem un piekritu\u0161i tos iev\u0113rot.Ieg\u0101d\u0101joties bi\u013ceti, visi apmekl\u0113t\u0101ji apliecina, ka vi\u0146iem ir pietiekamas fizisk\u0101s sp\u0113jas, prasmes un vesel\u012bbas st\u0101voklis, lai var\u0113tu izmantot pied\u0101v\u0101tos pakalpojumus. Par b\u0113rnu prasm\u0113m un vesel\u012bbas st\u0101vokli atbild [&hellip;]<\/p>\n","protected":false},"author":1,"featured_media":0,"parent":0,"menu_order":0,"comment_status":"closed","ping_status":"closed","template":"","meta":{"_acf_changed":false,"_seopress_robots_primary_cat":"","_seopress_titles_title":"","_seopress_titles_desc":"","_seopress_robots_index":"","_uag_custom_page_level_css":"","footnotes":""},"class_list":["post-1281","page","type-page","status-publish","hentry"],"acf":[],"uagb_featured_image_src":{"full":false,"thumbnail":false,"medium":false,"medium_large":false,"large":false,"1536x1536":false,"2048x2048":false,"gform-image-choice-sm":false,"gform-image-choice-md":false,"gform-image-choice-lg":false},"uagb_author_info":{"display_name":"paradiis","author_link":"https:\/\/veekeskus.eu\/lv\/author\/paradiis\/"},"uagb_comment_info":0,"uagb_excerpt":"V\u0113lam visiem Tervise Paradiis \u016bdens centra apmekl\u0113t\u0101jiem pat\u012bkamu un dro\u0161u laika pavad\u012b\u0161anu. Ieg\u0101d\u0101joties bi\u013ceti, j\u016bs apliecin\u0101t, ka esat iepazinies ar \u016bdens centr\u0101 sp\u0113k\u0101 eso\u0161ajiem noteikumiem un piekritu\u0161i tos iev\u0113rot.Ieg\u0101d\u0101joties bi\u013ceti, visi apmekl\u0113t\u0101ji apliecina, ka vi\u0146iem ir pietiekamas fizisk\u0101s sp\u0113jas, prasmes un vesel\u012bbas st\u0101voklis, lai var\u0113tu izmantot pied\u0101v\u0101tos pakalpojumus. Par b\u0113rnu prasm\u0113m un vesel\u012bbas st\u0101vokli atbild&hellip;","publishpress_future_action":{"enabled":false,"date":"2026-05-07 17:11:08","action":"change-status","newStatus":"draft","terms":[],"taxonomy":"translation_priority","extraData":[]},"publishpress_future_workflow_manual_trigger":{"enabledWorkflows":[]},"_links":{"self":[{"href":"https:\/\/veekeskus.eu\/lv\/wp-json\/wp\/v2\/pages\/1281","targetHints":{"allow":["GET"]}}],"collection":[{"href":"https:\/\/veekeskus.eu\/lv\/wp-json\/wp\/v2\/pages"}],"about":[{"href":"https:\/\/veekeskus.eu\/lv\/wp-json\/wp\/v2\/types\/page"}],"author":[{"embeddable":true,"href":"https:\/\/veekeskus.eu\/lv\/wp-json\/wp\/v2\/users\/1"}],"replies":[{"embeddable":true,"href":"https:\/\/veekeskus.eu\/lv\/wp-json\/wp\/v2\/comments?post=1281"}],"version-history":[{"count":3,"href":"https:\/\/veekeskus.eu\/lv\/wp-json\/wp\/v2\/pages\/1281\/revisions"}],"predecessor-version":[{"id":3784,"href":"https:\/\/veekeskus.eu\/lv\/wp-json\/wp\/v2\/pages\/1281\/revisions\/3784"}],"wp:attachment":[{"href":"https:\/\/veekeskus.eu\/lv\/wp-json\/wp\/v2\/media?parent=1281"}],"curies":[{"name":"wp","href":"https:\/\/api.w.org\/{rel}","templated":true}]}}