{"id":1272,"date":"2024-01-15T08:58:45","date_gmt":"2024-01-15T06:58:45","guid":{"rendered":"https:\/\/veekeskus.eu\/veekeskus\/saunakeskus\/"},"modified":"2025-03-25T16:01:07","modified_gmt":"2025-03-25T14:01:07","slug":"pirts-centrs-paradiisi-saunad","status":"publish","type":"page","link":"https:\/\/veekeskus.eu\/lv\/akvaparks\/pirts-centrs-paradiisi-saunad\/","title":{"rendered":"Pirts centrs &#8220;Paradiisi saunad&#8221;"},"content":{"rendered":"\n<h2 class=\"wp-block-heading\">P<strong>irtis no visas pasaules \u2013 parad\u012bzi no Jap\u0101nas l\u012bdz Persijai un Somijai<\/strong><\/h2>\n\n\n\n<p><strong>P\u0113rnavas viesn\u012bc\u0101 Tervise Paradiis J\u016bs gaida iesp\u0113ja izbaud\u012bt da\u017e\u0101du tautu un kult\u016bru pirtis. Esam sav\u0101ku\u0161i \u0161eit pirtis no visas pasaules \u2013 parad\u012bzi no Jap\u0101nas l\u012bdz Persijai un Somijai. M\u0101j\u012bgais un bag\u0101t\u012bgais pirts centrs sniedz iesp\u0113ju no\u0161\u0137irties un baud\u012bt pirti sav\u0101 temp\u0101. \u016adens centra 1. st\u0101va troksnis paliek aiz priv\u0101t\u0101m durv\u012bm, kur var mier\u012bg\u0101k atsl\u0101bin\u0101ties vienatn\u0113 vai kop\u0101 ar \u0123imeni.<\/strong><\/p>\n\n\n\n<div style=\"height:60px\" aria-hidden=\"true\" class=\"wp-block-spacer\"><\/div>\n\n\n\n<div class=\"wp-block-columns is-layout-flex wp-container-core-columns-is-layout-9d6595d7 wp-block-columns-is-layout-flex\">\n<div class=\"wp-block-column is-layout-flow wp-block-column-is-layout-flow\" style=\"flex-basis:33.33%\">\n<h3 class=\"wp-block-heading\"><strong>Priv\u0101tums<\/strong><\/h3>\n<\/div>\n\n\n\n<div class=\"wp-block-column is-layout-flow wp-block-column-is-layout-flow\" style=\"flex-basis:66.66%\">\n<p>Ieeja pirt\u012bs ir tikai klientiem ar rokas aproci, kuri ir \u0161o pakalpojumu izv\u0113l\u0113ju\u0161ies. Tas ne\u013cauj \u016bdens centra k\u0146adai trauc\u0113t J\u016bsu atp\u016btu.<\/p>\n<\/div>\n<\/div>\n\n\n\n<div class=\"wp-block-columns is-layout-flex wp-container-core-columns-is-layout-9d6595d7 wp-block-columns-is-layout-flex\">\n<div class=\"wp-block-column is-layout-flow wp-block-column-is-layout-flow\" style=\"flex-basis:33.33%\">\n<h3 class=\"wp-block-heading\"><strong>8 piedz\u012bvojumi<\/strong><\/h3>\n<\/div>\n\n\n\n<div class=\"wp-block-column is-layout-flow wp-block-column-is-layout-flow\" style=\"flex-basis:66.66%\">\n<p>J\u016bs gaida jap\u0101\u0146u vanna, aroma pirts, tvaiku pirts, s\u0101ls pirts, san\u0101rijs, \u201e\u0101li\u0146\u0123is\u201c, baseins un sevi\u0161\u0137i karsta tvaiku pirts.<\/p>\n<\/div>\n<\/div>\n\n\n\n<div class=\"wp-block-columns is-layout-flex wp-container-core-columns-is-layout-9d6595d7 wp-block-columns-is-layout-flex\">\n<div class=\"wp-block-column is-layout-flow wp-block-column-is-layout-flow\" style=\"flex-basis:33.33%\">\n<h3 class=\"wp-block-heading\"><strong>Visa \u0123imene ir apmierin\u0101ta<\/strong><\/h3>\n<\/div>\n\n\n\n<div class=\"wp-block-column is-layout-flow wp-block-column-is-layout-flow\" style=\"flex-basis:66.66%\">\n<p>M\u016bsu \u016bdens centrs ir dom\u0101ts visai \u0123imenei: \u016bdens centrs, kur var iztrakoties kop\u0101 ar b\u0113rniem; pirtis, kur var mier\u012bg\u0101 temp\u0101 atp\u016bsties.&nbsp;<\/p>\n<\/div>\n<\/div>\n\n\n\n<div class=\"wp-block-columns is-layout-flex wp-container-core-columns-is-layout-9d6595d7 wp-block-columns-is-layout-flex\">\n<div class=\"wp-block-column is-layout-flow wp-block-column-is-layout-flow\" style=\"flex-basis:33.33%\">\n<h3 class=\"wp-block-heading\"><strong>Olympus \/ Aroma pirts<\/strong><\/h3>\n<\/div>\n\n\n\n<div class=\"wp-block-column is-layout-flow wp-block-column-is-layout-flow\" style=\"flex-basis:66.66%\">\n<p>Grie\u0137u dievu m\u0101joklis nesasniedzam\u0101 augstum\u0101. Mums t\u0101 ir aroma pirts ar sav\u0101m \u0113teriskaj\u0101m e\u013c\u013c\u0101m un luksusa noska\u0146ojumu.<\/p>\n<\/div>\n<\/div>\n\n\n\n<div class=\"wp-block-columns is-layout-flex wp-container-core-columns-is-layout-9d6595d7 wp-block-columns-is-layout-flex\">\n<div class=\"wp-block-column is-layout-flow wp-block-column-is-layout-flow\" style=\"flex-basis:33.33%\">\n<h3 class=\"wp-block-heading\"><strong>Shambala \/ Tvaika pirts<\/strong><\/h3>\n<\/div>\n\n\n\n<div class=\"wp-block-column is-layout-flow wp-block-column-is-layout-flow\" style=\"flex-basis:66.66%\">\n<p>Himalaju kalnos, m\u0101ko\u0146os pasl\u0113pta kara\u013cvalsts. Mums t\u0101 noz\u012bm\u0113 mier\u012bgu noska\u0146ojumu un pasl\u0113p\u0161anos kalna virsot\u0146u migl\u0101.<\/p>\n<\/div>\n<\/div>\n\n\n\n<div class=\"wp-block-columns is-layout-flex wp-container-core-columns-is-layout-9d6595d7 wp-block-columns-is-layout-flex\">\n<div class=\"wp-block-column is-layout-flow wp-block-column-is-layout-flow\" style=\"flex-basis:33.33%\">\n<h3 class=\"wp-block-heading\"><strong>Harem \/ S\u0101ls pirts<\/strong><\/h3>\n<\/div>\n\n\n\n<div class=\"wp-block-column is-layout-flow wp-block-column-is-layout-flow\" style=\"flex-basis:66.66%\">\n<p>Persijas patv\u0113rums. Mums t\u0101 ir mier\u012bga, jutekliska vieta ar gaismu sp\u0113li un s\u0101\u013cu piegar\u0161u.<\/p>\n<\/div>\n<\/div>\n\n\n\n<div class=\"wp-block-columns is-layout-flex wp-container-core-columns-is-layout-9d6595d7 wp-block-columns-is-layout-flex\">\n<div class=\"wp-block-column is-layout-flow wp-block-column-is-layout-flow\" style=\"flex-basis:33.33%\">\n<h3 class=\"wp-block-heading\"><strong>Elysia \/ San\u0101rijs<\/strong><\/h3>\n<\/div>\n\n\n\n<div class=\"wp-block-column is-layout-flow wp-block-column-is-layout-flow\" style=\"flex-basis:66.66%\">\n<p>Kreeka kangelaste ja \u00f5ilishingede puhkepaik. Meil saab siin ennast parajas soojuses kosutada ja puhata.<\/p>\n<\/div>\n<\/div>\n\n\n\n<div class=\"wp-block-columns is-layout-flex wp-container-core-columns-is-layout-9d6595d7 wp-block-columns-is-layout-flex\">\n<div class=\"wp-block-column is-layout-flow wp-block-column-is-layout-flow\" style=\"flex-basis:33.33%\">\n<h3 class=\"wp-block-heading\"><strong>Hyperborea \/ Tvaika pirts<\/strong><\/h3>\n<\/div>\n\n\n\n<div class=\"wp-block-column is-layout-flow wp-block-column-is-layout-flow\" style=\"flex-basis:66.66%\">\n<p>Mitolo\u0123iska zieme\u013cvalsts. Mums t\u0101 ir karsta somu sauna, kas liek saskat\u012bt zieme\u013cbl\u0101zmu un ilgoties p\u0113c sniegkupen\u0101m.<\/p>\n<\/div>\n<\/div>\n\n\n\n<div class=\"wp-block-columns is-layout-flex wp-container-core-columns-is-layout-9d6595d7 wp-block-columns-is-layout-flex\">\n<div class=\"wp-block-column is-layout-flow wp-block-column-is-layout-flow\" style=\"flex-basis:33.33%\">\n<h3 class=\"wp-block-heading\"><strong>Tengoku \/ Jap\u0101\u0146u vanna<\/strong><\/h3>\n<\/div>\n\n\n\n<div class=\"wp-block-column is-layout-flow wp-block-column-is-layout-flow\" style=\"flex-basis:66.66%\">\n<p>Debesis, kas atrodas aiz Jap\u0101nas debes\u012bm, \u201elaba vieta\u201c. Mums t\u0101 ir karsta vanna, kur \u0137ermenis, kauli un dv\u0113sele tiek piln\u012bb\u0101 izkars\u0113ti.<\/p>\n<\/div>\n<\/div>\n\n\n\n<div class=\"wp-block-columns is-layout-flex wp-container-core-columns-is-layout-9d6595d7 wp-block-columns-is-layout-flex\">\n<div class=\"wp-block-column is-layout-flow wp-block-column-is-layout-flow\" style=\"flex-basis:33.33%\">\n<h3 class=\"wp-block-heading\"><strong>Thule \/ Atv\u0113sino\u0161a vanna<\/strong><\/h3>\n<\/div>\n\n\n\n<div class=\"wp-block-column is-layout-flow wp-block-column-is-layout-flow\" style=\"flex-basis:66.66%\">\n<p>M\u012btiska sala Skandin\u0101vij\u0101. Mums t\u0101 ir v\u0113sa \u016bdens bauda, kur\u0101 r\u016bd\u012bt savu pirt\u012bs sakars\u0113to \u0137ermeni.<\/p>\n<\/div>\n<\/div>\n\n\n\n<div class=\"wp-block-columns is-layout-flex wp-container-core-columns-is-layout-9d6595d7 wp-block-columns-is-layout-flex\">\n<div class=\"wp-block-column is-layout-flow wp-block-column-is-layout-flow\" style=\"flex-basis:33.33%\">\n<h3 class=\"wp-block-heading\"><strong>Atlant\u012bda \/ Baseins<\/strong><\/h3>\n<\/div>\n\n\n\n<div class=\"wp-block-column is-layout-flow wp-block-column-is-layout-flow\" style=\"flex-basis:66.66%\">\n<p>Atlantijas oke\u0101n\u0101 nogrimus\u012b m\u012btisk\u0101 zem\u016bdens pils\u0113ta. Pie mums tas ir mas\u0101\u017eas un atp\u016btas baseins, kas dom\u0101ts \u016bdens prieku baud\u012b\u0161anai.<\/p>\n<\/div>\n<\/div>\n\n\n\n<div style=\"height:50px\" aria-hidden=\"true\" class=\"wp-block-spacer\"><\/div>\n\n\n\n<p><strong>Cenas var atrast <a href=\"https:\/\/veekeskus.eu\/lv\/cenas\/\" target=\"_blank\" rel=\"noreferrer noopener\">\u0161eit<\/a>.<\/strong><\/p>\n\n\n<section class=\"teade wow fadeIn parallax\" data-stellar-background-ratio=\"0.4\"><div class=\"bg-charcoal-gray padding-nine-all text-center mt-100\"><h5 class=\"font-weight-600 alt-font text-white\">Pirts centrs Paradiisi Saunad<\/h5><div class=\"text-white text-large\">\n<p>ir sl\u0113gts 23.-27.08.2026. (apkopes dienas).<\/p>\n\n\n\n<p><\/p>\n<\/div><\/div><\/section>\n\n\n\n<div style=\"height:50px\" aria-hidden=\"true\" class=\"wp-block-spacer\"><\/div>\n\n\n\n<figure class=\"wp-block-gallery has-nested-images columns-4 wp-block-gallery-1 is-layout-flex wp-block-gallery-is-layout-flex\">\n<figure class=\"wp-block-image size-large\"><a href=\"https:\/\/veekeskus.eu\/wp-content\/uploads\/2024\/01\/770x788-1-2.jpg\" data-lbwps-width=\"770\" data-lbwps-height=\"788\" data-lbwps-srcsmall=\"https:\/\/veekeskus.eu\/wp-content\/uploads\/2024\/01\/770x788-1-2-704x720.jpg\"><img alt=\"\" loading=\"lazy\" decoding=\"async\" width=\"770\" height=\"788\" data-id=\"232\" src=\"https:\/\/veekeskus.eu\/wp-content\/uploads\/2024\/01\/770x788-1-2.jpg\" alt=\"\" class=\"wp-image-232\" srcset=\"https:\/\/veekeskus.eu\/wp-content\/uploads\/2024\/01\/770x788-1-2.jpg 770w, https:\/\/veekeskus.eu\/wp-content\/uploads\/2024\/01\/770x788-1-2-704x720.jpg 704w, https:\/\/veekeskus.eu\/wp-content\/uploads\/2024\/01\/770x788-1-2-768x786.jpg 768w\" sizes=\"auto, (max-width: 770px) 100vw, 770px\" \/><\/a><\/figure>\n\n\n\n<figure class=\"wp-block-image size-large\"><a href=\"https:\/\/veekeskus.eu\/wp-content\/uploads\/2024\/01\/770x788-2-2.jpg\" data-lbwps-width=\"770\" data-lbwps-height=\"788\" data-lbwps-srcsmall=\"https:\/\/veekeskus.eu\/wp-content\/uploads\/2024\/01\/770x788-2-2-704x720.jpg\"><img alt=\"\" loading=\"lazy\" decoding=\"async\" width=\"770\" height=\"788\" data-id=\"233\" src=\"https:\/\/veekeskus.eu\/wp-content\/uploads\/2024\/01\/770x788-2-2.jpg\" alt=\"\" class=\"wp-image-233\" srcset=\"https:\/\/veekeskus.eu\/wp-content\/uploads\/2024\/01\/770x788-2-2.jpg 770w, https:\/\/veekeskus.eu\/wp-content\/uploads\/2024\/01\/770x788-2-2-704x720.jpg 704w, https:\/\/veekeskus.eu\/wp-content\/uploads\/2024\/01\/770x788-2-2-768x786.jpg 768w\" sizes=\"auto, (max-width: 770px) 100vw, 770px\" \/><\/a><\/figure>\n\n\n\n<figure class=\"wp-block-image size-large tall\"><a href=\"https:\/\/veekeskus.eu\/wp-content\/uploads\/2024\/01\/770x1604-1-2.jpg\" data-lbwps-width=\"770\" data-lbwps-height=\"1604\" data-lbwps-srcsmall=\"https:\/\/veekeskus.eu\/wp-content\/uploads\/2024\/01\/770x1604-1-2-346x720.jpg\"><img alt=\"\" loading=\"lazy\" decoding=\"async\" width=\"691\" height=\"1440\" data-id=\"243\" src=\"https:\/\/veekeskus.eu\/wp-content\/uploads\/2024\/01\/770x1604-1-2-691x1440.jpg\" alt=\"\" class=\"wp-image-243\" srcset=\"https:\/\/veekeskus.eu\/wp-content\/uploads\/2024\/01\/770x1604-1-2-691x1440.jpg 691w, https:\/\/veekeskus.eu\/wp-content\/uploads\/2024\/01\/770x1604-1-2-346x720.jpg 346w, https:\/\/veekeskus.eu\/wp-content\/uploads\/2024\/01\/770x1604-1-2-768x1600.jpg 768w, https:\/\/veekeskus.eu\/wp-content\/uploads\/2024\/01\/770x1604-1-2-737x1536.jpg 737w, https:\/\/veekeskus.eu\/wp-content\/uploads\/2024\/01\/770x1604-1-2.jpg 770w\" sizes=\"auto, (max-width: 691px) 100vw, 691px\" \/><\/a><\/figure>\n\n\n\n<figure class=\"wp-block-image size-large\"><a href=\"https:\/\/veekeskus.eu\/wp-content\/uploads\/2024\/01\/770x788-7-3.jpg\" data-lbwps-width=\"770\" data-lbwps-height=\"788\" data-lbwps-srcsmall=\"https:\/\/veekeskus.eu\/wp-content\/uploads\/2024\/01\/770x788-7-3-704x720.jpg\"><img loading=\"lazy\" decoding=\"async\" width=\"770\" height=\"788\" data-id=\"238\" src=\"https:\/\/veekeskus.eu\/wp-content\/uploads\/2024\/01\/770x788-7-3.jpg\" alt=\"pirts centrs\" class=\"wp-image-238\" srcset=\"https:\/\/veekeskus.eu\/wp-content\/uploads\/2024\/01\/770x788-7-3.jpg 770w, https:\/\/veekeskus.eu\/wp-content\/uploads\/2024\/01\/770x788-7-3-704x720.jpg 704w, https:\/\/veekeskus.eu\/wp-content\/uploads\/2024\/01\/770x788-7-3-768x786.jpg 768w\" sizes=\"auto, (max-width: 770px) 100vw, 770px\" \/><\/a><\/figure>\n\n\n\n<figure class=\"wp-block-image size-large\"><a href=\"https:\/\/veekeskus.eu\/wp-content\/uploads\/2024\/01\/770x788-8-3.jpg\" data-lbwps-width=\"770\" data-lbwps-height=\"788\" data-lbwps-srcsmall=\"https:\/\/veekeskus.eu\/wp-content\/uploads\/2024\/01\/770x788-8-3-704x720.jpg\"><img alt=\"\" loading=\"lazy\" decoding=\"async\" width=\"770\" height=\"788\" data-id=\"239\" src=\"https:\/\/veekeskus.eu\/wp-content\/uploads\/2024\/01\/770x788-8-3.jpg\" alt=\"\" class=\"wp-image-239\" srcset=\"https:\/\/veekeskus.eu\/wp-content\/uploads\/2024\/01\/770x788-8-3.jpg 770w, https:\/\/veekeskus.eu\/wp-content\/uploads\/2024\/01\/770x788-8-3-704x720.jpg 704w, https:\/\/veekeskus.eu\/wp-content\/uploads\/2024\/01\/770x788-8-3-768x786.jpg 768w\" sizes=\"auto, (max-width: 770px) 100vw, 770px\" \/><\/a><\/figure>\n\n\n\n<figure class=\"wp-block-image size-large\"><a href=\"https:\/\/veekeskus.eu\/wp-content\/uploads\/2024\/01\/770x788-9-2.jpg\" data-lbwps-width=\"770\" data-lbwps-height=\"788\" data-lbwps-srcsmall=\"https:\/\/veekeskus.eu\/wp-content\/uploads\/2024\/01\/770x788-9-2-704x720.jpg\"><img alt=\"\" loading=\"lazy\" decoding=\"async\" width=\"770\" height=\"788\" data-id=\"240\" src=\"https:\/\/veekeskus.eu\/wp-content\/uploads\/2024\/01\/770x788-9-2.jpg\" alt=\"\" class=\"wp-image-240\" srcset=\"https:\/\/veekeskus.eu\/wp-content\/uploads\/2024\/01\/770x788-9-2.jpg 770w, https:\/\/veekeskus.eu\/wp-content\/uploads\/2024\/01\/770x788-9-2-704x720.jpg 704w, https:\/\/veekeskus.eu\/wp-content\/uploads\/2024\/01\/770x788-9-2-768x786.jpg 768w\" sizes=\"auto, (max-width: 770px) 100vw, 770px\" \/><\/a><\/figure>\n\n\n\n<figure class=\"wp-block-image size-large\"><a href=\"https:\/\/veekeskus.eu\/wp-content\/uploads\/2024\/01\/770x788-10-2.jpg\" data-lbwps-width=\"770\" data-lbwps-height=\"788\" data-lbwps-srcsmall=\"https:\/\/veekeskus.eu\/wp-content\/uploads\/2024\/01\/770x788-10-2-704x720.jpg\"><img alt=\"\" loading=\"lazy\" decoding=\"async\" width=\"770\" height=\"788\" data-id=\"241\" src=\"https:\/\/veekeskus.eu\/wp-content\/uploads\/2024\/01\/770x788-10-2.jpg\" alt=\"\" class=\"wp-image-241\" srcset=\"https:\/\/veekeskus.eu\/wp-content\/uploads\/2024\/01\/770x788-10-2.jpg 770w, https:\/\/veekeskus.eu\/wp-content\/uploads\/2024\/01\/770x788-10-2-704x720.jpg 704w, https:\/\/veekeskus.eu\/wp-content\/uploads\/2024\/01\/770x788-10-2-768x786.jpg 768w\" sizes=\"auto, (max-width: 770px) 100vw, 770px\" \/><\/a><\/figure>\n<\/figure>\n\n\n\n<div style=\"height:100px\" aria-hidden=\"true\" class=\"wp-block-spacer\"><\/div>\n","protected":false},"excerpt":{"rendered":"<p>Pirtis no visas pasaules \u2013 parad\u012bzi no Jap\u0101nas l\u012bdz Persijai un Somijai P\u0113rnavas viesn\u012bc\u0101 Tervise Paradiis J\u016bs gaida iesp\u0113ja izbaud\u012bt da\u017e\u0101du tautu un kult\u016bru pirtis. Esam sav\u0101ku\u0161i \u0161eit pirtis no visas pasaules \u2013 parad\u012bzi no Jap\u0101nas l\u012bdz Persijai un Somijai. M\u0101j\u012bgais un bag\u0101t\u012bgais pirts centrs sniedz iesp\u0113ju no\u0161\u0137irties un baud\u012bt pirti sav\u0101 temp\u0101. \u016adens centra [&hellip;]<\/p>\n","protected":false},"author":1,"featured_media":852,"parent":1176,"menu_order":0,"comment_status":"closed","ping_status":"closed","template":"","meta":{"_acf_changed":false,"_seopress_robots_primary_cat":"","_seopress_titles_title":"","_seopress_titles_desc":"Pirts centrs. P\u0113rnavas viesn\u012bc\u0101 Tervise Paradiis J\u016bs gaida iesp\u0113ja izbaud\u012bt da\u017e\u0101du tautu un kult\u016bru pirtis. ","_seopress_robots_index":"","_uag_custom_page_level_css":"","footnotes":""},"class_list":["post-1272","page","type-page","status-publish","has-post-thumbnail","hentry"],"acf":[],"uagb_featured_image_src":{"full":["https:\/\/veekeskus.eu\/wp-content\/uploads\/2024\/01\/saunakeskus.jpg",1920,982,false],"thumbnail":["https:\/\/veekeskus.eu\/wp-content\/uploads\/2024\/01\/saunakeskus-320x320.jpg",320,320,true],"medium":["https:\/\/veekeskus.eu\/wp-content\/uploads\/2024\/01\/saunakeskus-720x368.jpg",720,368,true],"medium_large":["https:\/\/veekeskus.eu\/wp-content\/uploads\/2024\/01\/saunakeskus-768x393.jpg",768,393,true],"large":["https:\/\/veekeskus.eu\/wp-content\/uploads\/2024\/01\/saunakeskus-1440x737.jpg",1440,737,true],"1536x1536":["https:\/\/veekeskus.eu\/wp-content\/uploads\/2024\/01\/saunakeskus-1536x786.jpg",1536,786,true],"2048x2048":["https:\/\/veekeskus.eu\/wp-content\/uploads\/2024\/01\/saunakeskus.jpg",1920,982,false],"gform-image-choice-sm":["https:\/\/veekeskus.eu\/wp-content\/uploads\/2024\/01\/saunakeskus.jpg",300,153,false],"gform-image-choice-md":["https:\/\/veekeskus.eu\/wp-content\/uploads\/2024\/01\/saunakeskus.jpg",400,205,false],"gform-image-choice-lg":["https:\/\/veekeskus.eu\/wp-content\/uploads\/2024\/01\/saunakeskus.jpg",600,307,false]},"uagb_author_info":{"display_name":"paradiis","author_link":"https:\/\/veekeskus.eu\/lv\/author\/paradiis\/"},"uagb_comment_info":0,"uagb_excerpt":"Pirtis no visas pasaules \u2013 parad\u012bzi no Jap\u0101nas l\u012bdz Persijai un Somijai P\u0113rnavas viesn\u012bc\u0101 Tervise Paradiis J\u016bs gaida iesp\u0113ja izbaud\u012bt da\u017e\u0101du tautu un kult\u016bru pirtis. Esam sav\u0101ku\u0161i \u0161eit pirtis no visas pasaules \u2013 parad\u012bzi no Jap\u0101nas l\u012bdz Persijai un Somijai. M\u0101j\u012bgais un bag\u0101t\u012bgais pirts centrs sniedz iesp\u0113ju no\u0161\u0137irties un baud\u012bt pirti sav\u0101 temp\u0101. \u016adens centra&hellip;","publishpress_future_action":{"enabled":false,"date":"2026-04-24 07:45:50","action":"change-status","newStatus":"draft","terms":[],"taxonomy":"translation_priority","extraData":[]},"publishpress_future_workflow_manual_trigger":{"enabledWorkflows":[]},"_links":{"self":[{"href":"https:\/\/veekeskus.eu\/lv\/wp-json\/wp\/v2\/pages\/1272","targetHints":{"allow":["GET"]}}],"collection":[{"href":"https:\/\/veekeskus.eu\/lv\/wp-json\/wp\/v2\/pages"}],"about":[{"href":"https:\/\/veekeskus.eu\/lv\/wp-json\/wp\/v2\/types\/page"}],"author":[{"embeddable":true,"href":"https:\/\/veekeskus.eu\/lv\/wp-json\/wp\/v2\/users\/1"}],"replies":[{"embeddable":true,"href":"https:\/\/veekeskus.eu\/lv\/wp-json\/wp\/v2\/comments?post=1272"}],"version-history":[{"count":5,"href":"https:\/\/veekeskus.eu\/lv\/wp-json\/wp\/v2\/pages\/1272\/revisions"}],"predecessor-version":[{"id":3104,"href":"https:\/\/veekeskus.eu\/lv\/wp-json\/wp\/v2\/pages\/1272\/revisions\/3104"}],"up":[{"embeddable":true,"href":"https:\/\/veekeskus.eu\/lv\/wp-json\/wp\/v2\/pages\/1176"}],"wp:featuredmedia":[{"embeddable":true,"href":"https:\/\/veekeskus.eu\/lv\/wp-json\/wp\/v2\/media\/852"}],"wp:attachment":[{"href":"https:\/\/veekeskus.eu\/lv\/wp-json\/wp\/v2\/media?parent=1272"}],"curies":[{"name":"wp","href":"https:\/\/api.w.org\/{rel}","templated":true}]}}