{"id":1260,"date":"2024-01-30T09:47:31","date_gmt":"2024-01-30T07:47:31","guid":{"rendered":"https:\/\/veekeskus.eu\/parkimine\/"},"modified":"2026-04-22T09:10:36","modified_gmt":"2026-04-22T06:10:36","slug":"autostavvieta","status":"publish","type":"page","link":"https:\/\/veekeskus.eu\/lv\/autostavvieta\/","title":{"rendered":"Autost\u0101vvieta"},"content":{"rendered":"\n<p><strong>Tervise Paradiis teritorij\u0101  autost\u0101vvietu izmato\u0161ana ir par maksu 24 stundas diennakt\u012b!<\/strong><\/p>\n\n\n\n<p>Transportl\u012bdzek\u013cu novieto\u0161ana uz Tervise Paradiis celi\u0146iem un teritorij\u0101 ir at\u013cauta tikai Tervise Paradiis klientiem.Automa\u0161\u012bnas j\u0101novieto atbilsto\u0161i atz\u012bm\u0113taj\u0101m st\u0101vviet\u0101m, uzst\u0101d\u012btaj\u0101m ce\u013caz\u012bm\u0113m un papildu inform\u0101cijas pl\u0101ksn\u012bt\u0113m, k\u0101 ar\u012b autost\u0101vvietas izmanto\u0161anas noteikumiem.<\/p>\n\n\n\n<p>Ierodoties, l\u016bdzu, izmantojiet autost\u0101vvietas pulksteni, kas dos Jums pietiekami daudz laika, lai ievad\u012btu automa\u0161\u012bnas datus autost\u0101vvietas sist\u0113m\u0101. Tervise Paradiis klienti var izmantot autost\u0101vvietu bez maksas <strong>30 min\u016btes<\/strong>, skaitot no iebrauk\u0161anas br\u012b\u017ea, pie noteikuma, ka ir uzst\u0101d\u012bts autost\u0101vvietas pulkstenis.<\/p>\n\n\n\n<p><strong>Maksa par autotransporta st\u0101v\u0113\u0161anu maksas autost\u0101vviet\u0101:<\/strong><\/p>\n\n\n\n<p><strong>No 1. janv\u0101ra l\u012bdz 30. apr\u012blim 2026<br><br><\/strong>5 stundas \u2013 3 \u20ac<br>Uzturoties viesn\u012bc\u0101 1-2 diennaktis 8 \u20ac \/par visu periodu<br>Uzturoties viesn\u012bc\u0101 3-10 diennaktis 15 \u20ac \/par visu periodu<strong><br><br>No 1. maija l\u012bdz 31. augustam 2026<br><br><\/strong>5 stundas \u2013 6 \u20ac<br>Uzturoties viesn\u012bc\u0101 1-2 diennaktis 15 \u20ac \/par visu periodu<br>Uzturoties viesn\u012bc\u0101 3-10 diennaktis 25 \u20ac \/par visu periodu<strong><br><br>No 1. septembra l\u012bdz 31. decembrim 2026<br><br><\/strong>5 stundas \u2013 3 \u20ac<br>Uzturoties viesn\u012bc\u0101 1-2 diennaktis 8 \u20ac \/par visu periodu<br>Uzturoties viesn\u012bc\u0101 3-10 diennaktis 15 \u20ac \/par visu periodu<\/p>\n\n\n\n<div style=\"height:50px\" aria-hidden=\"true\" class=\"wp-block-spacer\"><\/div>\n\n\n\n<p><strong>No autost\u0101vvietas izmanto\u0161anas maksas ir atbr\u012bvoti \u0161\u0101di transportl\u012bdzek\u013ci:<\/strong> autobusi, operat\u012bvie transportl\u012bdzek\u013ci un Tervise Paradiis apkalpojo\u0161o uz\u0146\u0113mumu transportl\u012bdzek\u013ci.<\/p>\n\n\n\n<p>Autost\u0101vvietas izmanto\u0161ana ir iesp\u0113jama pie noteikuma, ka ir pieejamas br\u012bvas vietas. Autost\u0101vvietas iepriek\u0161\u0113ja rezerv\u0113\u0161ana nav iesp\u0113jama.<br>Samaks\u0101t\u0101 autost\u0101vvietas maksa neatbilst autost\u0101vvietas garantijai visu uztur\u0113\u0161an\u0101s laiku viesn\u012bc\u0101, ja apmekl\u0113t\u0101js \u0161aj\u0101 laik\u0101 pamet viesn\u012bcas autost\u0101vvietu.<br><br>J\u016bs varat re\u0123istr\u0113t savu transportl\u012bdzekli un samaks\u0101t par autost\u0101vvietas izmanto\u0161anu pie pa\u0161apkalpo\u0161an\u0101s termin\u0101\u013ciem par <strong>5 stundu <\/strong>periodu uzreiz p\u0113c iebrauk\u0161anas maksas autost\u0101vviet\u0101. Pa\u0161apkalpo\u0161an\u0101s termin\u0101\u013cos nav iesp\u0113jams apvienot autost\u0101vvietas izmanto\u0161anas periodus, un samaksu par n\u0101kamo <strong>5 stundu<\/strong> periodu varat veikt tikai p\u0113c sp\u0113k\u0101 eso\u0161\u0101 perioda beig\u0101m.<br>Pa\u0161apkalpo\u0161an\u0101s maks\u0101jumu termin\u0101\u013ci ir uzst\u0101d\u012bti viesn\u012bcas un \u016bdens parka, un tajos var nor\u0113\u0137in\u0101ties tikai ar bankas karti.&nbsp;<br>Par autost\u0101vvietu ir iesp\u0113jams nor\u0113\u0137in\u0101ties skaidr\u0101 naud\u0101 Tervise Paradiis kas\u0113s (iz\u0146emot veikalu).<br><strong><br>Viesn\u012bc\u0101 nak\u0161\u0146ojo\u0161s klients, konferences klients un \u016bdens centra dienas bi\u013cetes pirc\u0113js <\/strong>var samaks\u0101t par autost\u0101vvietu pie viesn\u012bcas\/\u016bdens centra administratora atbilsto\u0161i uztur\u0113\u0161an\u0101s\/pakalpojuma ilgumam, un autost\u0101vvietas sist\u0113m\u0101 tiek fiks\u0113ts atbilsto\u0161ais autost\u0101vvietas izmanto\u0161anas laiks.<br><br><strong>Par maksas autost\u0101vvietu nav iesp\u0113jams nor\u0113\u0137in\u0101ties ar mobilo t\u0101lruni vai ar P\u0113rnavas pils\u0113tas autost\u0101vvietu karti!<br><br><\/strong>Par autost\u0101vvietas lieto\u0161anas noteikumu p\u0101rk\u0101p\u0161anu, tostarp par neapmaks\u0101tu autost\u0101vvietu, autost\u0101vvietas kontrolierim (EuroPark Estonia O\u00dc darbinieki) ir ties\u012bbas piem\u0113rot l\u012bgumsodu <strong>60 \u20ac<\/strong> apm\u0113r\u0101.<\/p>\n\n\n\n<p>Autost\u0101vvieta nav apsarg\u0101ta. Viesn\u012bca nav atbild\u012bga par automa\u0161\u012bn\u0101m vai automa\u0161\u012bn\u0101 atst\u0101tajiem priek\u0161metiem.<br><br>Tervise Paradiis patur ties\u012bbas main\u012bt cenas.<\/p>\n\n\n\n<p>NB! Autost\u0101vvietas uz iel\u0101m viesn\u012bcas apk\u0101rtn\u0113 ar\u012b ir par maksu. L\u016bdzam iepaz\u012bties ar jauno autost\u0101vvietu izmanto\u0161anas k\u0101rt\u012bbu P\u0113rnavas pils\u0113t\u0101: <a href=\"https:\/\/visitparnu.com\/lv\/autostavvietas-pernava\/\">https:\/\/visitparnu.com\/lv\/autostavvietas-pernava\/<\/a><\/p>\n","protected":false},"excerpt":{"rendered":"<p>Tervise Paradiis teritorij\u0101 autost\u0101vvietu izmato\u0161ana ir par maksu 24 stundas diennakt\u012b! Transportl\u012bdzek\u013cu novieto\u0161ana uz Tervise Paradiis celi\u0146iem un teritorij\u0101 ir at\u013cauta tikai Tervise Paradiis klientiem.Automa\u0161\u012bnas j\u0101novieto atbilsto\u0161i atz\u012bm\u0113taj\u0101m st\u0101vviet\u0101m, uzst\u0101d\u012btaj\u0101m ce\u013caz\u012bm\u0113m un papildu inform\u0101cijas pl\u0101ksn\u012bt\u0113m, k\u0101 ar\u012b autost\u0101vvietas izmanto\u0161anas noteikumiem. Ierodoties, l\u016bdzu, izmantojiet autost\u0101vvietas pulksteni, kas dos Jums pietiekami daudz laika, lai ievad\u012btu automa\u0161\u012bnas datus [&hellip;]<\/p>\n","protected":false},"author":1,"featured_media":0,"parent":0,"menu_order":0,"comment_status":"closed","ping_status":"closed","template":"","meta":{"_acf_changed":false,"_seopress_robots_primary_cat":"","_seopress_titles_title":"","_seopress_titles_desc":"","_seopress_robots_index":"","_uag_custom_page_level_css":"","footnotes":""},"class_list":["post-1260","page","type-page","status-publish","hentry"],"acf":[],"uagb_featured_image_src":{"full":false,"thumbnail":false,"medium":false,"medium_large":false,"large":false,"1536x1536":false,"2048x2048":false,"gform-image-choice-sm":false,"gform-image-choice-md":false,"gform-image-choice-lg":false},"uagb_author_info":{"display_name":"paradiis","author_link":"https:\/\/veekeskus.eu\/lv\/author\/paradiis\/"},"uagb_comment_info":0,"uagb_excerpt":"Tervise Paradiis teritorij\u0101 autost\u0101vvietu izmato\u0161ana ir par maksu 24 stundas diennakt\u012b! Transportl\u012bdzek\u013cu novieto\u0161ana uz Tervise Paradiis celi\u0146iem un teritorij\u0101 ir at\u013cauta tikai Tervise Paradiis klientiem.Automa\u0161\u012bnas j\u0101novieto atbilsto\u0161i atz\u012bm\u0113taj\u0101m st\u0101vviet\u0101m, uzst\u0101d\u012btaj\u0101m ce\u013caz\u012bm\u0113m un papildu inform\u0101cijas pl\u0101ksn\u012bt\u0113m, k\u0101 ar\u012b autost\u0101vvietas izmanto\u0161anas noteikumiem. Ierodoties, l\u016bdzu, izmantojiet autost\u0101vvietas pulksteni, kas dos Jums pietiekami daudz laika, lai ievad\u012btu automa\u0161\u012bnas datus&hellip;","publishpress_future_action":{"enabled":false,"date":"2026-05-09 19:05:24","action":"change-status","newStatus":"draft","terms":[],"taxonomy":"translation_priority","extraData":[]},"publishpress_future_workflow_manual_trigger":{"enabledWorkflows":[]},"_links":{"self":[{"href":"https:\/\/veekeskus.eu\/lv\/wp-json\/wp\/v2\/pages\/1260","targetHints":{"allow":["GET"]}}],"collection":[{"href":"https:\/\/veekeskus.eu\/lv\/wp-json\/wp\/v2\/pages"}],"about":[{"href":"https:\/\/veekeskus.eu\/lv\/wp-json\/wp\/v2\/types\/page"}],"author":[{"embeddable":true,"href":"https:\/\/veekeskus.eu\/lv\/wp-json\/wp\/v2\/users\/1"}],"replies":[{"embeddable":true,"href":"https:\/\/veekeskus.eu\/lv\/wp-json\/wp\/v2\/comments?post=1260"}],"version-history":[{"count":11,"href":"https:\/\/veekeskus.eu\/lv\/wp-json\/wp\/v2\/pages\/1260\/revisions"}],"predecessor-version":[{"id":3894,"href":"https:\/\/veekeskus.eu\/lv\/wp-json\/wp\/v2\/pages\/1260\/revisions\/3894"}],"wp:attachment":[{"href":"https:\/\/veekeskus.eu\/lv\/wp-json\/wp\/v2\/media?parent=1260"}],"curies":[{"name":"wp","href":"https:\/\/api.w.org\/{rel}","templated":true}]}}