{"id":1254,"date":"2024-01-30T09:48:11","date_gmt":"2024-01-30T07:48:11","guid":{"rendered":"https:\/\/veekeskus.eu\/liutorude-kasutaja-meelespea\/"},"modified":"2025-03-17T15:05:52","modified_gmt":"2025-03-17T13:05:52","slug":"apmekletaju-noteikumi-slidkalnini","status":"publish","type":"page","link":"https:\/\/veekeskus.eu\/lv\/apmekletaju-noteikumi-slidkalnini\/","title":{"rendered":"Apmekl\u0113t\u0101ju noteikumi"},"content":{"rendered":"\n<div class=\"wp-block-columns is-layout-flex wp-container-core-columns-is-layout-9d6595d7 wp-block-columns-is-layout-flex\">\n<div class=\"wp-block-column is-layout-flow wp-block-column-is-layout-flow\" style=\"flex-basis:10%\"><\/div>\n\n\n\n<div class=\"wp-block-column is-layout-flow wp-block-column-is-layout-flow\" style=\"flex-basis:80%\">\n<h2 class=\"wp-block-heading\">Slidkalni\u0146i<\/h2>\n\n\n\n<p><strong>\u016adens centrs, jo \u012bpa\u0161i lejup slidin\u0101\u0161an\u0101s atrakcijas un baseini, kas ir dzi\u013c\u0101ki nek\u0101 parasti, ir teritorija, kur ir augst\u0101ks risks nek\u0101 citur un kur\u0101 nav iesp\u0113jams piln\u012bb\u0101 izskaust incidentus ar kait\u0113jumu vesel\u012bbai, \u0146emot v\u0113r\u0101 atrakcijas\/baseina fizik\u0101l\u0101s \u012bpa\u0161\u012bbas, lietot\u0101ju skaitu un to fizisk\u0101s \u012bpatn\u012bbas un uzved\u012bbu.<\/strong><\/p>\n\n\n\n<p><strong>Papildu ieskrie\u0161an\u0101s, dodoties iek\u0161\u0101 slidcaurul\u0113s, nav at\u013cauta.<\/strong><\/p>\n\n\n\n<p>Uzman\u012bbu! Ja sign\u0101llampi\u0146a uz sl\u012bdkalni\u0146iem ir boj\u0101ta (za\u013c\u0101 vai sarkan\u0101 gaisma deg nep\u0101rtraukti vai sign\u0101llampi\u0146a ir izsl\u0113gta), starp cilv\u0113kiem, kas brauc pa sl\u012bdkalni\u0146iem, j\u0101b\u016bt vismaz 40 sekun\u017eu att\u0101lumam!<\/p>\n\n\n\n<p>Iev\u0113rojot \u016bdens slidkalni\u0146u lieto\u0161anas dro\u0161\u012bbas nor\u0101d\u012bjumus, j\u016bs nodro\u0161in\u0101siet savu un citu apmekl\u0113t\u0101ju dro\u0161\u012bbu.\n\nLai jums gar\u0161 brauciens!<\/p>\n\n\n<div class=\"wp-block-image full\">\n<figure data-wp-context=\"{&quot;imageId&quot;:&quot;69f2ea373b389&quot;}\" data-wp-interactive=\"core\/image\" data-wp-key=\"69f2ea373b389\" class=\"aligncenter size-full wp-lightbox-container\"><img alt=\"\" loading=\"lazy\" decoding=\"async\" width=\"740\" height=\"1046\" data-wp-class--hide=\"state.isContentHidden\" data-wp-class--show=\"state.isContentVisible\" data-wp-init=\"callbacks.setButtonStyles\" data-wp-on--click=\"actions.showLightbox\" data-wp-on--load=\"callbacks.setButtonStyles\" data-wp-on-window--resize=\"callbacks.setButtonStyles\" src=\"https:\/\/veekeskus.eu\/wp-content\/uploads\/2024\/01\/liutorude-kasutamisjuhend-1.jpg\" alt=\"\" class=\"wp-image-344\" style=\"object-fit:cover\" srcset=\"https:\/\/veekeskus.eu\/wp-content\/uploads\/2024\/01\/liutorude-kasutamisjuhend-1.jpg 740w, https:\/\/veekeskus.eu\/wp-content\/uploads\/2024\/01\/liutorude-kasutamisjuhend-1-509x720.jpg 509w\" sizes=\"auto, (max-width: 740px) 100vw, 740px\" \/><button\n\t\t\tclass=\"lightbox-trigger\"\n\t\t\ttype=\"button\"\n\t\t\taria-haspopup=\"dialog\"\n\t\t\taria-label=\"Enlarge\"\n\t\t\tdata-wp-init=\"callbacks.initTriggerButton\"\n\t\t\tdata-wp-on--click=\"actions.showLightbox\"\n\t\t\tdata-wp-style--right=\"state.imageButtonRight\"\n\t\t\tdata-wp-style--top=\"state.imageButtonTop\"\n\t\t>\n\t\t\t<svg xmlns=\"http:\/\/www.w3.org\/2000\/svg\" width=\"12\" height=\"12\" fill=\"none\" viewBox=\"0 0 12 12\">\n\t\t\t\t<path fill=\"#fff\" d=\"M2 0a2 2 0 0 0-2 2v2h1.5V2a.5.5 0 0 1 .5-.5h2V0H2Zm2 10.5H2a.5.5 0 0 1-.5-.5V8H0v2a2 2 0 0 0 2 2h2v-1.5ZM8 12v-1.5h2a.5.5 0 0 0 .5-.5V8H12v2a2 2 0 0 1-2 2H8Zm2-12a2 2 0 0 1 2 2v2h-1.5V2a.5.5 0 0 0-.5-.5H8V0h2Z\" \/>\n\t\t\t<\/svg>\n\t\t<\/button><\/figure>\n<\/div>\n\n\n<div style=\"height:100px\" aria-hidden=\"true\" class=\"wp-block-spacer\"><\/div>\n\n\n<div class=\"wp-block-image full\">\n<figure class=\"aligncenter size-full\"><img alt=\"\" loading=\"lazy\" decoding=\"async\" width=\"740\" height=\"543\" src=\"https:\/\/veekeskus.eu\/wp-content\/uploads\/2024\/01\/liutorude-kasutamisjuhend-2.jpg\" alt=\"\" class=\"wp-image-343\" srcset=\"https:\/\/veekeskus.eu\/wp-content\/uploads\/2024\/01\/liutorude-kasutamisjuhend-2.jpg 740w, https:\/\/veekeskus.eu\/wp-content\/uploads\/2024\/01\/liutorude-kasutamisjuhend-2-720x528.jpg 720w\" sizes=\"auto, (max-width: 740px) 100vw, 740px\" \/><\/figure>\n<\/div>\n\n\n<div style=\"height:100px\" aria-hidden=\"true\" class=\"wp-block-spacer\"><\/div>\n\n\n\n<p class=\"has-text-align-center\"><strong>Water slide NR 1 <\/strong><\/p>\n\n\n<div class=\"wp-block-image full\">\n<figure class=\"aligncenter size-full\"><img alt=\"\" loading=\"lazy\" decoding=\"async\" width=\"740\" height=\"534\" src=\"https:\/\/veekeskus.eu\/wp-content\/uploads\/2024\/01\/liutorude-kasutamisjuhend-3.png\" alt=\"\" class=\"wp-image-342\" srcset=\"https:\/\/veekeskus.eu\/wp-content\/uploads\/2024\/01\/liutorude-kasutamisjuhend-3.png 740w, https:\/\/veekeskus.eu\/wp-content\/uploads\/2024\/01\/liutorude-kasutamisjuhend-3-720x520.png 720w\" sizes=\"auto, (max-width: 740px) 100vw, 740px\" \/><\/figure>\n<\/div>\n\n\n<div style=\"height:100px\" aria-hidden=\"true\" class=\"wp-block-spacer\"><\/div>\n\n\n\n<p class=\"has-text-align-center\"><strong>Water slide NR 2<\/strong><\/p>\n\n\n<div class=\"wp-block-image full\">\n<figure class=\"aligncenter size-full is-resized\"><img alt=\"\" loading=\"lazy\" decoding=\"async\" width=\"740\" height=\"689\" src=\"https:\/\/veekeskus.eu\/wp-content\/uploads\/2024\/01\/liutorude-kasutamisjuhend-4.jpg\" alt=\"\" class=\"wp-image-341\" style=\"width:840px;height:auto\" srcset=\"https:\/\/veekeskus.eu\/wp-content\/uploads\/2024\/01\/liutorude-kasutamisjuhend-4.jpg 740w, https:\/\/veekeskus.eu\/wp-content\/uploads\/2024\/01\/liutorude-kasutamisjuhend-4-720x670.jpg 720w\" sizes=\"auto, (max-width: 740px) 100vw, 740px\" \/><\/figure>\n<\/div>\n\n\n<div style=\"height:100px\" aria-hidden=\"true\" class=\"wp-block-spacer\"><\/div>\n\n\n\n<p class=\"has-text-align-center\"><strong>Water slide NR 3 <\/strong><\/p>\n\n\n<div class=\"wp-block-image full\">\n<figure class=\"aligncenter size-full is-resized\"><img alt=\"\" loading=\"lazy\" decoding=\"async\" width=\"740\" height=\"640\" src=\"https:\/\/veekeskus.eu\/wp-content\/uploads\/2024\/01\/liutorude-kasutamisjuhend-5.png\" alt=\"\" class=\"wp-image-340\" style=\"width:840px;height:auto\" srcset=\"https:\/\/veekeskus.eu\/wp-content\/uploads\/2024\/01\/liutorude-kasutamisjuhend-5.png 740w, https:\/\/veekeskus.eu\/wp-content\/uploads\/2024\/01\/liutorude-kasutamisjuhend-5-720x623.png 720w\" sizes=\"auto, (max-width: 740px) 100vw, 740px\" \/><\/figure>\n<\/div>\n\n\n<div style=\"height:100px\" aria-hidden=\"true\" class=\"wp-block-spacer\"><\/div>\n\n\n\n<p class=\"has-text-align-center\"><strong>Water slide NR 4<\/strong><\/p>\n\n\n<div class=\"wp-block-image full\">\n<figure class=\"aligncenter size-full is-resized\"><img alt=\"\" loading=\"lazy\" decoding=\"async\" width=\"740\" height=\"727\" src=\"https:\/\/veekeskus.eu\/wp-content\/uploads\/2024\/01\/liutorude-kasutamisjuhend-6.jpg\" alt=\"\" class=\"wp-image-339\" style=\"width:840px;height:auto\" srcset=\"https:\/\/veekeskus.eu\/wp-content\/uploads\/2024\/01\/liutorude-kasutamisjuhend-6.jpg 740w, https:\/\/veekeskus.eu\/wp-content\/uploads\/2024\/01\/liutorude-kasutamisjuhend-6-720x707.jpg 720w\" sizes=\"auto, (max-width: 740px) 100vw, 740px\" \/><\/figure>\n<\/div>\n\n\n<div style=\"height:100px\" aria-hidden=\"true\" class=\"wp-block-spacer\"><\/div>\n\n\n\n<p class=\"has-text-align-center\"><strong>Water slide NR 5<\/strong><\/p>\n\n\n<div class=\"wp-block-image full\">\n<figure class=\"aligncenter size-full\"><img alt=\"\" loading=\"lazy\" decoding=\"async\" width=\"740\" height=\"651\" src=\"https:\/\/veekeskus.eu\/wp-content\/uploads\/2024\/01\/liutorude-kasutamisjuhend-7.jpg\" alt=\"\" class=\"wp-image-338\" srcset=\"https:\/\/veekeskus.eu\/wp-content\/uploads\/2024\/01\/liutorude-kasutamisjuhend-7.jpg 740w, https:\/\/veekeskus.eu\/wp-content\/uploads\/2024\/01\/liutorude-kasutamisjuhend-7-720x633.jpg 720w\" sizes=\"auto, (max-width: 740px) 100vw, 740px\" \/><\/figure>\n<\/div><\/div>\n\n\n\n<div class=\"wp-block-column is-layout-flow wp-block-column-is-layout-flow\" style=\"flex-basis:10%\"><\/div>\n<\/div>\n\n\n\n<div style=\"height:100px\" aria-hidden=\"true\" class=\"wp-block-spacer\"><\/div>\n","protected":false},"excerpt":{"rendered":"<p>Slidkalni\u0146i \u016adens centrs, jo \u012bpa\u0161i lejup slidin\u0101\u0161an\u0101s atrakcijas un baseini, kas ir dzi\u013c\u0101ki nek\u0101 parasti, ir teritorija, kur ir augst\u0101ks risks nek\u0101 citur un kur\u0101 nav iesp\u0113jams piln\u012bb\u0101 izskaust incidentus ar kait\u0113jumu vesel\u012bbai, \u0146emot v\u0113r\u0101 atrakcijas\/baseina fizik\u0101l\u0101s \u012bpa\u0161\u012bbas, lietot\u0101ju skaitu un to fizisk\u0101s \u012bpatn\u012bbas un uzved\u012bbu. Papildu ieskrie\u0161an\u0101s, dodoties iek\u0161\u0101 slidcaurul\u0113s, nav at\u013cauta. Uzman\u012bbu! Ja [&hellip;]<\/p>\n","protected":false},"author":1,"featured_media":0,"parent":0,"menu_order":0,"comment_status":"closed","ping_status":"closed","template":"","meta":{"_acf_changed":false,"_seopress_robots_primary_cat":"","_seopress_titles_title":"","_seopress_titles_desc":"","_seopress_robots_index":"","_uag_custom_page_level_css":"","footnotes":""},"class_list":["post-1254","page","type-page","status-publish","hentry"],"acf":[],"uagb_featured_image_src":{"full":false,"thumbnail":false,"medium":false,"medium_large":false,"large":false,"1536x1536":false,"2048x2048":false,"gform-image-choice-sm":false,"gform-image-choice-md":false,"gform-image-choice-lg":false},"uagb_author_info":{"display_name":"paradiis","author_link":"https:\/\/veekeskus.eu\/lv\/author\/paradiis\/"},"uagb_comment_info":0,"uagb_excerpt":"Slidkalni\u0146i \u016adens centrs, jo \u012bpa\u0161i lejup slidin\u0101\u0161an\u0101s atrakcijas un baseini, kas ir dzi\u013c\u0101ki nek\u0101 parasti, ir teritorija, kur ir augst\u0101ks risks nek\u0101 citur un kur\u0101 nav iesp\u0113jams piln\u012bb\u0101 izskaust incidentus ar kait\u0113jumu vesel\u012bbai, \u0146emot v\u0113r\u0101 atrakcijas\/baseina fizik\u0101l\u0101s \u012bpa\u0161\u012bbas, lietot\u0101ju skaitu un to fizisk\u0101s \u012bpatn\u012bbas un uzved\u012bbu. Papildu ieskrie\u0161an\u0101s, dodoties iek\u0161\u0101 slidcaurul\u0113s, nav at\u013cauta. Uzman\u012bbu! Ja&hellip;","publishpress_future_action":{"enabled":false,"date":"2026-05-07 08:35:51","action":"change-status","newStatus":"draft","terms":[],"taxonomy":"translation_priority","extraData":[]},"publishpress_future_workflow_manual_trigger":{"enabledWorkflows":[]},"_links":{"self":[{"href":"https:\/\/veekeskus.eu\/lv\/wp-json\/wp\/v2\/pages\/1254","targetHints":{"allow":["GET"]}}],"collection":[{"href":"https:\/\/veekeskus.eu\/lv\/wp-json\/wp\/v2\/pages"}],"about":[{"href":"https:\/\/veekeskus.eu\/lv\/wp-json\/wp\/v2\/types\/page"}],"author":[{"embeddable":true,"href":"https:\/\/veekeskus.eu\/lv\/wp-json\/wp\/v2\/users\/1"}],"replies":[{"embeddable":true,"href":"https:\/\/veekeskus.eu\/lv\/wp-json\/wp\/v2\/comments?post=1254"}],"version-history":[{"count":5,"href":"https:\/\/veekeskus.eu\/lv\/wp-json\/wp\/v2\/pages\/1254\/revisions"}],"predecessor-version":[{"id":3018,"href":"https:\/\/veekeskus.eu\/lv\/wp-json\/wp\/v2\/pages\/1254\/revisions\/3018"}],"wp:attachment":[{"href":"https:\/\/veekeskus.eu\/lv\/wp-json\/wp\/v2\/media?parent=1254"}],"curies":[{"name":"wp","href":"https:\/\/api.w.org\/{rel}","templated":true}]}}