{"id":1241,"date":"2024-01-15T08:37:36","date_gmt":"2024-01-15T06:37:36","guid":{"rendered":"https:\/\/veekeskus.eu\/lahtiolekuajad\/"},"modified":"2026-04-02T09:32:27","modified_gmt":"2026-04-02T06:32:27","slug":"darba-laiks","status":"publish","type":"page","link":"https:\/\/veekeskus.eu\/lv\/darba-laiks\/","title":{"rendered":"Darba laiks"},"content":{"rendered":"\n<div class=\"wp-block-uagb-tabs uagb-block-d26a0608 uagb-tabs__wrap uagb-tabs__hstyle2-desktop uagb-tabs__vstyle6-tablet uagb-tabs__stack1-mobile\" data-tab-active=\"0\"><ul class=\"uagb-tabs__panel uagb-tabs__align-center\" role=\"tablist\"><li class=\"uagb-tab uagb-tabs__active\" role=\"none\"><a href=\"#uagb-tabs__tab0\" class=\"uagb-tabs-list uagb-tabs__icon-position-left\" data-tab=\"0\" role=\"tab\"><div>Akvaparks<\/div><\/a><\/li><li class=\"uagb-tab \" role=\"none\"><a href=\"#uagb-tabs__tab1\" class=\"uagb-tabs-list uagb-tabs__icon-position-left\" data-tab=\"1\" role=\"tab\"><div>Baseins<\/div><\/a><\/li><li class=\"uagb-tab \" role=\"none\"><a href=\"#uagb-tabs__tab2\" class=\"uagb-tabs-list uagb-tabs__icon-position-left\" data-tab=\"2\" role=\"tab\"><div>Svaru z\u0101le<\/div><\/a><\/li><li class=\"uagb-tab \" role=\"none\"><a href=\"#uagb-tabs__tab3\" class=\"uagb-tabs-list uagb-tabs__icon-position-left\" data-tab=\"3\" role=\"tab\"><div>Bowlings<\/div><\/a><\/li><\/ul><div class=\"uagb-tabs__body-wrap\">\n<div class=\"wp-block-uagb-tabs-child uagb-tabs__body-container uagb-inner-tab-0\" aria-labelledby=\"uagb-tabs__tab0\">\n<h3 class=\"wp-block-heading\">AKVAPARKS UN PIRTS CENTRS &#8220;PARADIISI SAUNAD&#8221;<\/h3>\n\n\n\n<p><strong>02.03.\u201321.06.2026.; 24.08.\u201323.12.2026.; 25.\u201330.12.2026.<\/strong><\/p>\n\n\n\n<p>Sv\u0113t.\u2013ceturtd. 10\u201321<br>Piekt.\u2013sestd. 10\u201322<br>Atrakcijas un saunas tiek sl\u0113gtas 20 min\u016btes pirms akvaparka sl\u0113g\u0161anas.<\/p>\n\n\n\n<p><strong>22.06.\u201323.08. (iz\u0146emot 23.06.)<\/strong><\/p>\n\n\n\n<p>Pirmd.\u2013sv\u0113t. 10\u201322<br>Atrakcijas un saunas tiek sl\u0113gtas 20 min\u016btes pirms akvaparka sl\u0113g\u0161anas.<\/p>\n\n\n\n<p><strong>23.06.2026, 24.12.2026., 31.12.2026.<\/strong><\/p>\n\n\n\n<p>10\u201318<br>Atrakcijas un saunas tiek sl\u0113gtas 20 min\u016btes pirms akvaparka sl\u0113g\u0161anas.<\/p>\n\n\n\n<div style=\"height:50px\" aria-hidden=\"true\" class=\"wp-block-spacer\"><\/div>\n\n\n\n<p><\/p>\n\n\n<section class=\"teade wow fadeIn parallax\" data-stellar-background-ratio=\"0.4\"><div class=\"bg-deep-pink padding-nine-all text-center mt-100\"><h5 class=\"font-weight-600 alt-font text-white\">Apkopes dienas akvapark\u0101 un pirts centra<\/h5><div class=\"text-white text-large\">\n<p><strong>Apkopes dienas 2026. gad\u0101 ir:<\/strong>\u00a003.03, 07.04, 12.05, 30.08-03.09, 06.10, 10.11, 08.12.<\/p>\n\n\n\n<p>Apkopes dien\u0101s akvaparks un pirts centrs durvis apmekl\u0113t\u0101jiem plkst. 17:00.<\/p>\n\n\n\n<p>Peldbaseins, trena\u017eieru z\u0101le un aerobikas z\u0101les apkopes dien\u0101 ir atv\u0113rtas.<br>Apkopes dien\u0101s viesn\u012bcas viesi var bez maksas apmekl\u0113t viesn\u012bcas \u201cTervis Medical SPA Hotel\u201d (Seedri 3, Pernava) <a href=\"https:\/\/spatervis.ee\/lv\/pirts-un-udens-centrs\/\" data-type=\"link\" data-id=\"https:\/\/spatervis.ee\/lv\/pirts-un-udens-centrs\/\" target=\"_blank\" rel=\"noreferrer noopener\">pirts un \u016bdens centru<\/a>, 3 stundas.<\/p>\n\n\n\n<p><strong>Akvaparks ir sl\u0113gts no 30.08. l\u012bdz 3.09. <\/strong>pl\u0101noto apkopes darbu d\u0113\u013c. Akvaparks atkal tiks atv\u0113rts 4.09. plkst. 15:00.<br>Viesn\u012bcas viesi (kuri ir ieg\u0101d\u0101ju\u0161ies naktsm\u012btni ar piek\u013cuvi \u016bdens atrakciju parkam vai spa paketi) var apmekl\u0113t pirts centru \u201eParadiisi Saunad\u201c. Apkopes dien\u0101s viesn\u012bcas viesi var bez maksas apmekl\u0113t viesn\u012bcas \u201cTervis Medical SPA Hotel\u201d (Seedri 3, Pernava) <a href=\"https:\/\/spatervis.ee\/lv\/pirts-un-udens-centrs\/\" data-type=\"link\" data-id=\"https:\/\/spatervis.ee\/lv\/pirts-un-udens-centrs\/\" target=\"_blank\" rel=\"noreferrer noopener\">pirts un \u016bdens centru<\/a>, 3 stundas.<\/p>\n\n\n\n<p><strong>Pirts centrs \u201cParadiisi Saunad\u201d ir sl\u0113gts<\/strong> 23.-27.08.2026 (apkopes dienas).<\/p>\n\n\n\n<p>Prec\u012bz\u0101ku inform\u0101ciju varat sa\u0146emt no \u016bdens centra administratora vai pa t\u0101lruni <a href=\"tel:+372 445 1666\" data-type=\"link\" data-id=\"callto:+3724451666\"><mark style=\"background-color:rgba(0, 0, 0, 0)\" class=\"has-inline-color has-white-color\"><strong>+372 445 1666<\/strong><\/mark><\/a>.<\/p>\n<\/div><\/div><\/section>\n<\/div>\n\n\n\n<div class=\"wp-block-uagb-tabs-child uagb-tabs__body-container uagb-inner-tab-1\" aria-labelledby=\"uagb-tabs__tab1\">\n<h3 class=\"wp-block-heading\">PELDBASEINS<\/h3>\n\n\n\n<p>sv\u0113td.-ceturtd. 6:30-21<br>piektd.-sestd. 6:30-22<\/p>\n\n\n\n<p>Pirtis ir atv\u0113rtas sv\u0113td.-ceturtd. no 7 l\u012bdz 20. Piektd.-sestd. no 7 l\u012bdz 21.<\/p>\n\n\n<section class=\"teade wow fadeIn parallax\" data-stellar-background-ratio=\"0.4\"><div class=\"bg-deep-pink padding-nine-all text-center mt-100\"><h5 class=\"font-weight-600 alt-font text-white\">Tervise Paradiis peldbaseins<\/h5><div class=\"text-white text-large\">\n<p>ir sl\u0113gts 23.08 &#8211; 27.08.2026. (apkopes dienas).<\/p>\n<\/div><\/div><\/section>\n<\/div>\n\n\n\n<div class=\"wp-block-uagb-tabs-child uagb-tabs__body-container uagb-inner-tab-2\" aria-labelledby=\"uagb-tabs__tab2\">\n<h3 class=\"wp-block-heading\">SVARU Z\u0100LE<\/h3>\n\n\n\n<p>sv\u0113td.-ceturtd. 6:30-21<br>piektd.-sestd. 6:30-22<\/p>\n<\/div>\n\n\n\n<div class=\"wp-block-uagb-tabs-child uagb-tabs__body-container uagb-inner-tab-3\" aria-labelledby=\"uagb-tabs__tab3\">\n<h3 class=\"wp-block-heading\">BOWLINGS<\/h3>\n\n\n\n<div class=\"wp-block-columns is-layout-flex wp-container-core-columns-is-layout-9d6595d7 wp-block-columns-is-layout-flex\">\n<div class=\"wp-block-column is-layout-flow wp-block-column-is-layout-flow\">\n<p>pirmd. sl\u0113gts <br>otrd.-ceturtd. 12 &#8211; 22<br>piektd.-sestd. 12 &#8211; 00<br>sv\u0113td. 12 &#8211; 22<\/p>\n\n\n\n<p><strong>Skol\u0113nu br\u012bvlaik\u0101<\/strong><br>22.12.2025-04.01.2026; 23.02-01.03.2026; 13.-19.04.2026; 26.10-1.11.2026; 21.12.2026-03.01.2027<\/p>\n\n\n\n<p>otrd.-sv\u0113td. 12 &#8211; 00<\/p>\n<\/div>\n<\/div>\n\n\n\n<div style=\"height:50px\" aria-hidden=\"true\" class=\"wp-block-spacer\"><\/div>\n\n\n\n<p><\/p>\n\n\n<section class=\"teade wow fadeIn parallax\" data-stellar-background-ratio=\"0.4\"><div class=\"bg-deep-pink padding-nine-all text-center mt-100\"><h5 class=\"font-weight-600 alt-font text-white\">Apkopes dien\u0101 boulinga z\u0101le<\/h5><div class=\"text-white text-large\">\n<p>Katra m\u0113ne\u0161a otraj\u0101 tre\u0161dien\u0101 boulinga z\u0101l\u0113 ir apkopes diena. <br>Apkopes dien\u0101 boulinga z\u0101le tiek atv\u0113rta pulksten 19:00.<\/p>\n\n\n\n<p><\/p>\n<\/div><\/div><\/section>\n<\/div>\n<\/div><\/div>\n","protected":false},"excerpt":{"rendered":"","protected":false},"author":1,"featured_media":864,"parent":0,"menu_order":0,"comment_status":"closed","ping_status":"closed","template":"","meta":{"_acf_changed":false,"_seopress_robots_primary_cat":"","_seopress_titles_title":"","_seopress_titles_desc":"","_seopress_robots_index":"","_uag_custom_page_level_css":"","footnotes":""},"class_list":["post-1241","page","type-page","status-publish","has-post-thumbnail","hentry"],"acf":[],"uagb_featured_image_src":{"full":["https:\/\/veekeskus.eu\/wp-content\/uploads\/2024\/01\/lahtiolekuajad.jpg",1920,982,false],"thumbnail":["https:\/\/veekeskus.eu\/wp-content\/uploads\/2024\/01\/lahtiolekuajad-320x320.jpg",320,320,true],"medium":["https:\/\/veekeskus.eu\/wp-content\/uploads\/2024\/01\/lahtiolekuajad-720x368.jpg",720,368,true],"medium_large":["https:\/\/veekeskus.eu\/wp-content\/uploads\/2024\/01\/lahtiolekuajad-768x393.jpg",768,393,true],"large":["https:\/\/veekeskus.eu\/wp-content\/uploads\/2024\/01\/lahtiolekuajad-1440x737.jpg",1440,737,true],"1536x1536":["https:\/\/veekeskus.eu\/wp-content\/uploads\/2024\/01\/lahtiolekuajad-1536x786.jpg",1536,786,true],"2048x2048":["https:\/\/veekeskus.eu\/wp-content\/uploads\/2024\/01\/lahtiolekuajad.jpg",1920,982,false],"gform-image-choice-sm":["https:\/\/veekeskus.eu\/wp-content\/uploads\/2024\/01\/lahtiolekuajad.jpg",300,153,false],"gform-image-choice-md":["https:\/\/veekeskus.eu\/wp-content\/uploads\/2024\/01\/lahtiolekuajad.jpg",400,205,false],"gform-image-choice-lg":["https:\/\/veekeskus.eu\/wp-content\/uploads\/2024\/01\/lahtiolekuajad.jpg",600,307,false]},"uagb_author_info":{"display_name":"paradiis","author_link":"https:\/\/veekeskus.eu\/lv\/author\/paradiis\/"},"uagb_comment_info":0,"uagb_excerpt":null,"publishpress_future_action":{"enabled":false,"date":"2026-04-14 13:19:40","action":"change-status","newStatus":"draft","terms":[],"taxonomy":"translation_priority","extraData":[]},"publishpress_future_workflow_manual_trigger":{"enabledWorkflows":[]},"_links":{"self":[{"href":"https:\/\/veekeskus.eu\/lv\/wp-json\/wp\/v2\/pages\/1241","targetHints":{"allow":["GET"]}}],"collection":[{"href":"https:\/\/veekeskus.eu\/lv\/wp-json\/wp\/v2\/pages"}],"about":[{"href":"https:\/\/veekeskus.eu\/lv\/wp-json\/wp\/v2\/types\/page"}],"author":[{"embeddable":true,"href":"https:\/\/veekeskus.eu\/lv\/wp-json\/wp\/v2\/users\/1"}],"replies":[{"embeddable":true,"href":"https:\/\/veekeskus.eu\/lv\/wp-json\/wp\/v2\/comments?post=1241"}],"version-history":[{"count":75,"href":"https:\/\/veekeskus.eu\/lv\/wp-json\/wp\/v2\/pages\/1241\/revisions"}],"predecessor-version":[{"id":3837,"href":"https:\/\/veekeskus.eu\/lv\/wp-json\/wp\/v2\/pages\/1241\/revisions\/3837"}],"wp:featuredmedia":[{"embeddable":true,"href":"https:\/\/veekeskus.eu\/lv\/wp-json\/wp\/v2\/media\/864"}],"wp:attachment":[{"href":"https:\/\/veekeskus.eu\/lv\/wp-json\/wp\/v2\/media?parent=1241"}],"curies":[{"name":"wp","href":"https:\/\/api.w.org\/{rel}","templated":true}]}}