{"id":1235,"date":"2024-01-15T08:38:01","date_gmt":"2024-01-15T06:38:01","guid":{"rendered":"https:\/\/veekeskus.eu\/kinkekaart\/"},"modified":"2025-03-17T15:08:46","modified_gmt":"2025-03-17T13:08:46","slug":"davanu-karte","status":"publish","type":"page","link":"https:\/\/veekeskus.eu\/lv\/davanu-karte\/","title":{"rendered":"D\u0101vanu karte"},"content":{"rendered":"\n<h2 class=\"wp-block-heading\"><strong>\u016adens atrakciju parka \u201cTervise Paradiis\u201d d\u0101vanu karte \u2013 lieliska d\u0101vana visiem \u016bdens draugiem<\/strong><\/h2>\n\n\n\n<p>Mekl\u0113 perfektu d\u0101vanu, lai p\u0101rsteigtu un iepriecin\u0101tu sev tuv\u0101kos? \u201cTervise Paradiis\u201d <a href=\"https:\/\/giftcard.terviseparadiis.ee\/\" target=\"_blank\" rel=\"noreferrer noopener\">d\u0101vanu karte<\/a> ir tie\u0161i tas, ko Tu mekl\u0113! D\u0101v\u0101 draugiem, \u0123imenei vai kol\u0113\u0123iem iesp\u0113ju izbaud\u012bt atp\u016btu \u016bdens park\u0101.<\/p>\n\n\n\n<p>\u201cTervise Paradiis\u201d ir paz\u012bstams k\u0101 viens no lab\u0101kajiem \u016bdens atrakciju parkiem Igaunij\u0101. \u016adens atrakciju parks ir lieliska vieta, kur aizmirst ikdienas r\u016bpes un \u013caut va\u013cu mazajam b\u0113rnam, kas m\u012bt ikvien\u0101 no mums, \u2013 traukties lejup pa slidcaurul\u0113m un kalnu upi vai baud\u012bt uzmundrino\u0161\u0101s un relaks\u0113jo\u0161\u0101s pirtis.<\/p>\n\n\n\n<div class=\"wp-block-buttons is-horizontal is-content-justification-center is-layout-flex wp-container-core-buttons-is-layout-769315fb wp-block-buttons-is-layout-flex\">\n<div class=\"wp-block-button\"><a class=\"wp-block-button__link wp-element-button\" href=\"https:\/\/giftcard.terviseparadiis.ee\/\" target=\"_blank\" rel=\"noreferrer noopener\">IEG\u0100D\u0100JIES D\u0100VANU KARTI \u0160EIT<\/a><\/div>\n<\/div>\n\n\n\n<div style=\"height:50px\" aria-hidden=\"true\" class=\"wp-block-spacer\"><\/div>\n\n\n\n<h2 class=\"wp-block-heading\">K\u0101p\u0113c izv\u0113l\u0113ties \u201cTervise Paradiis\u201d d\u0101vanu karti?<\/h2>\n\n\n\n<div class=\"wp-block-columns is-layout-flex wp-container-core-columns-is-layout-9d6595d7 wp-block-columns-is-layout-flex\">\n<div class=\"wp-block-column is-layout-flow wp-block-column-is-layout-flow\" style=\"flex-basis:33.33%\">\n<p><strong>Unik\u0101la d\u0101vana<\/strong><\/p>\n<\/div>\n\n\n\n<div class=\"wp-block-column is-layout-flow wp-block-column-is-layout-flow\" style=\"flex-basis:66.66%\">\n<p>\u201cTervise Paradiis\u201d d\u0101vanu karte ir unik\u0101la un v\u0113rt\u012bga d\u0101vana, kas ilgi paliks atmi\u0146\u0101. T\u0101 ir iesp\u0113ja sniegt d\u0101vanas sa\u0146\u0113m\u0113jam kaut ko \u012bpa\u0161u un v\u0113rt\u012bgu.<\/p>\n<\/div>\n<\/div>\n\n\n\n<div class=\"wp-block-columns is-layout-flex wp-container-core-columns-is-layout-9d6595d7 wp-block-columns-is-layout-flex\">\n<div class=\"wp-block-column is-layout-flow wp-block-column-is-layout-flow\" style=\"flex-basis:33.33%\">\n<p><strong>Daudzpus\u012bga pieredze<\/strong><\/p>\n<\/div>\n\n\n\n<div class=\"wp-block-column is-layout-flow wp-block-column-is-layout-flow\" style=\"flex-basis:66.66%\">\n<p>\u016adens atrakciju parka d\u0101vanu karte paver durvis uz daudzpus\u012bgu SPA pieredzi. No karstaj\u0101m pirt\u012bm l\u012bdz burbu\u013cvann\u0101m un baseiniem \u2013 ikviens atrad\u012bs to, kas visvair\u0101k pat\u012bk.<\/p>\n<\/div>\n<\/div>\n\n\n\n<div class=\"wp-block-columns is-layout-flex wp-container-core-columns-is-layout-9d6595d7 wp-block-columns-is-layout-flex\">\n<div class=\"wp-block-column is-layout-flow wp-block-column-is-layout-flow\" style=\"flex-basis:33.33%\">\n<p><strong>Vesel\u012bba un labsaj\u016bta<\/strong><\/p>\n<\/div>\n\n\n\n<div class=\"wp-block-column is-layout-flow wp-block-column-is-layout-flow\" style=\"flex-basis:66.66%\">\n<p>Vesel\u012bbu veicino\u0161a d\u0101vana vienm\u0113r ir mod\u0113. \u016adens atrakciju parka \u201cTervise Paradiis\u201d pakalpojumi ir v\u0113rsti uz labsaj\u016btas rad\u012b\u0161anu \u0137ermenim un pr\u0101tam, pied\u0101v\u0101jot daudzpus\u012bgu atp\u016btu un r\u016bpes par vesel\u012bbu.<\/p>\n<\/div>\n<\/div>\n\n\n\n<div class=\"wp-block-columns is-layout-flex wp-container-core-columns-is-layout-9d6595d7 wp-block-columns-is-layout-flex\">\n<div class=\"wp-block-column is-layout-flow wp-block-column-is-layout-flow\" style=\"flex-basis:33.33%\">\n<p><strong>Relaks\u0101cija ikvienam<\/strong><\/p>\n<\/div>\n\n\n\n<div class=\"wp-block-column is-layout-flow wp-block-column-is-layout-flow\" style=\"flex-basis:66.66%\">\n<p>Neatkar\u012bgi no t\u0101, vai d\u0101vanas sa\u0146\u0113m\u0113js ir SPA m\u012b\u013cot\u0101js, akt\u012bvs peld\u0113t\u0101js vai vienk\u0101r\u0161i cilv\u0113ks, kas v\u0113las palutin\u0101t savu \u0137ermeni un pr\u0101tu, \u016bdens atrakciju parka d\u0101vanu karte ir piem\u0113rota ikvienam. Pateicoties daudzveid\u012bgajam pakalpojumu kl\u0101stam, ikviens \u0161eit atrad\u012bs kaut ko sev piem\u0113rotu.<\/p>\n<\/div>\n<\/div>\n\n\n\n<div class=\"wp-block-columns is-layout-flex wp-container-core-columns-is-layout-9d6595d7 wp-block-columns-is-layout-flex\">\n<div class=\"wp-block-column is-layout-flow wp-block-column-is-layout-flow\" style=\"flex-basis:33.33%\">\n<p><strong>Kvalitat\u012bvi pavad\u012bts laiks ar tuv\u0101kajiem<\/strong><\/p>\n<\/div>\n\n\n\n<div class=\"wp-block-column is-layout-flow wp-block-column-is-layout-flow\" style=\"flex-basis:66.66%\">\n<p>\u016adens atrakciju parka apmekl\u0113jums ir lielisks veids, k\u0101 kvalitat\u012bvi pavad\u012bt laiku kop\u0101 ar tuviniekiem. D\u0101vanu kartes \u012bpa\u0161nieki var izbaud\u012bt kop\u012bgus mirk\u013cus baseinos un relaks\u0113jo\u0161\u0101s saun\u0101s.<\/p>\n<\/div>\n<\/div>\n\n\n\n<h2 class=\"wp-block-heading\">D\u0101vanu kartes ieg\u0101de ir vienk\u0101r\u0161a<\/h2>\n\n\n\n<p>Ieg\u0101d\u0101jies d\u0101vanu karti \u0161eit, m\u016bsu <a href=\"https:\/\/giftcard.terviseparadiis.ee\/\" target=\"_blank\" rel=\"noreferrer noopener\">t\u012bmek\u013cvietn\u0113<\/a>, vai pie \u016bdens atrakciju parka administratora.<br>D\u0101vanu karte ir der\u012bga vair\u0101kus m\u0113ne\u0161us no ieg\u0101des datuma, kas \u013cauj d\u0101vanas sa\u0146\u0113m\u0113jam izv\u0113l\u0113ties sev \u0113rt\u0101ko laiku aizraujo\u0161am akvaparka apmekl\u0113jumam.<\/p>\n\n\n\n<p>Padari savu d\u0101vanu \u012bpa\u0161u un pat\u012bkamu \u2013 izv\u0113lies \u016bdens atrakciju parka \u201cTervise Paradiis\u201d d\u0101vanu karti un d\u0101v\u0101 saviem m\u012b\u013cajiem pieredzi, ko vi\u0146i atcer\u0113sies gadiem ilgi!<\/p>\n","protected":false},"excerpt":{"rendered":"<p>\u016adens atrakciju parka \u201cTervise Paradiis\u201d d\u0101vanu karte \u2013 lieliska d\u0101vana visiem \u016bdens draugiem Mekl\u0113 perfektu d\u0101vanu, lai p\u0101rsteigtu un iepriecin\u0101tu sev tuv\u0101kos? \u201cTervise Paradiis\u201d d\u0101vanu karte ir tie\u0161i tas, ko Tu mekl\u0113! D\u0101v\u0101 draugiem, \u0123imenei vai kol\u0113\u0123iem iesp\u0113ju izbaud\u012bt atp\u016btu \u016bdens park\u0101. \u201cTervise Paradiis\u201d ir paz\u012bstams k\u0101 viens no lab\u0101kajiem \u016bdens atrakciju parkiem Igaunij\u0101. \u016adens [&hellip;]<\/p>\n","protected":false},"author":1,"featured_media":840,"parent":0,"menu_order":0,"comment_status":"closed","ping_status":"closed","template":"","meta":{"_acf_changed":false,"_seopress_robots_primary_cat":"","_seopress_titles_title":"","_seopress_titles_desc":"","_seopress_robots_index":"","_uag_custom_page_level_css":"","footnotes":""},"class_list":["post-1235","page","type-page","status-publish","has-post-thumbnail","hentry"],"acf":[],"uagb_featured_image_src":{"full":["https:\/\/veekeskus.eu\/wp-content\/uploads\/2024\/01\/kinkekaart.jpg",1920,982,false],"thumbnail":["https:\/\/veekeskus.eu\/wp-content\/uploads\/2024\/01\/kinkekaart-320x320.jpg",320,320,true],"medium":["https:\/\/veekeskus.eu\/wp-content\/uploads\/2024\/01\/kinkekaart-720x368.jpg",720,368,true],"medium_large":["https:\/\/veekeskus.eu\/wp-content\/uploads\/2024\/01\/kinkekaart-768x393.jpg",768,393,true],"large":["https:\/\/veekeskus.eu\/wp-content\/uploads\/2024\/01\/kinkekaart-1440x737.jpg",1440,737,true],"1536x1536":["https:\/\/veekeskus.eu\/wp-content\/uploads\/2024\/01\/kinkekaart-1536x786.jpg",1536,786,true],"2048x2048":["https:\/\/veekeskus.eu\/wp-content\/uploads\/2024\/01\/kinkekaart.jpg",1920,982,false],"gform-image-choice-sm":["https:\/\/veekeskus.eu\/wp-content\/uploads\/2024\/01\/kinkekaart.jpg",300,153,false],"gform-image-choice-md":["https:\/\/veekeskus.eu\/wp-content\/uploads\/2024\/01\/kinkekaart.jpg",400,205,false],"gform-image-choice-lg":["https:\/\/veekeskus.eu\/wp-content\/uploads\/2024\/01\/kinkekaart.jpg",600,307,false]},"uagb_author_info":{"display_name":"paradiis","author_link":"https:\/\/veekeskus.eu\/lv\/author\/paradiis\/"},"uagb_comment_info":0,"uagb_excerpt":"\u016adens atrakciju parka \u201cTervise Paradiis\u201d d\u0101vanu karte \u2013 lieliska d\u0101vana visiem \u016bdens draugiem Mekl\u0113 perfektu d\u0101vanu, lai p\u0101rsteigtu un iepriecin\u0101tu sev tuv\u0101kos? \u201cTervise Paradiis\u201d d\u0101vanu karte ir tie\u0161i tas, ko Tu mekl\u0113! D\u0101v\u0101 draugiem, \u0123imenei vai kol\u0113\u0123iem iesp\u0113ju izbaud\u012bt atp\u016btu \u016bdens park\u0101. \u201cTervise Paradiis\u201d ir paz\u012bstams k\u0101 viens no lab\u0101kajiem \u016bdens atrakciju parkiem Igaunij\u0101. \u016adens&hellip;","publishpress_future_action":{"enabled":false,"date":"2026-04-28 11:14:54","action":"change-status","newStatus":"draft","terms":[],"taxonomy":"translation_priority","extraData":[]},"publishpress_future_workflow_manual_trigger":{"enabledWorkflows":[]},"_links":{"self":[{"href":"https:\/\/veekeskus.eu\/lv\/wp-json\/wp\/v2\/pages\/1235","targetHints":{"allow":["GET"]}}],"collection":[{"href":"https:\/\/veekeskus.eu\/lv\/wp-json\/wp\/v2\/pages"}],"about":[{"href":"https:\/\/veekeskus.eu\/lv\/wp-json\/wp\/v2\/types\/page"}],"author":[{"embeddable":true,"href":"https:\/\/veekeskus.eu\/lv\/wp-json\/wp\/v2\/users\/1"}],"replies":[{"embeddable":true,"href":"https:\/\/veekeskus.eu\/lv\/wp-json\/wp\/v2\/comments?post=1235"}],"version-history":[{"count":3,"href":"https:\/\/veekeskus.eu\/lv\/wp-json\/wp\/v2\/pages\/1235\/revisions"}],"predecessor-version":[{"id":2185,"href":"https:\/\/veekeskus.eu\/lv\/wp-json\/wp\/v2\/pages\/1235\/revisions\/2185"}],"wp:featuredmedia":[{"embeddable":true,"href":"https:\/\/veekeskus.eu\/lv\/wp-json\/wp\/v2\/media\/840"}],"wp:attachment":[{"href":"https:\/\/veekeskus.eu\/lv\/wp-json\/wp\/v2\/media?parent=1235"}],"curies":[{"name":"wp","href":"https:\/\/api.w.org\/{rel}","templated":true}]}}