{"id":1190,"date":"2024-01-15T08:37:23","date_gmt":"2024-01-15T06:37:23","guid":{"rendered":"https:\/\/veekeskus.eu\/hinnad\/"},"modified":"2026-03-31T16:37:15","modified_gmt":"2026-03-31T13:37:15","slug":"cenas","status":"publish","type":"page","link":"https:\/\/veekeskus.eu\/lv\/cenas\/","title":{"rendered":"Cenas"},"content":{"rendered":"\n<h2 class=\"wp-block-heading\"><\/h2>\n\n\n\n<div class=\"wp-block-uagb-tabs uagb-block-d26a0608 uagb-tabs__wrap uagb-tabs__hstyle2-desktop uagb-tabs__vstyle6-tablet uagb-tabs__stack1-mobile\" data-tab-active=\"0\"><ul class=\"uagb-tabs__panel uagb-tabs__align-center\" role=\"tablist\"><li class=\"uagb-tab uagb-tabs__active\" role=\"none\"><a href=\"#uagb-tabs__tab0\" class=\"uagb-tabs-list uagb-tabs__icon-position-left\" data-tab=\"0\" role=\"tab\"><div>Akvaparks<\/div><\/a><\/li><li class=\"uagb-tab \" role=\"none\"><a href=\"#uagb-tabs__tab1\" class=\"uagb-tabs-list uagb-tabs__icon-position-left\" data-tab=\"1\" role=\"tab\"><div>Sport<\/div><\/a><\/li><li class=\"uagb-tab \" role=\"none\"><a href=\"#uagb-tabs__tab2\" class=\"uagb-tabs-list uagb-tabs__icon-position-left\" data-tab=\"2\" role=\"tab\"><div>Boulings<\/div><\/a><\/li><li class=\"uagb-tab \" role=\"none\"><a href=\"#uagb-tabs__tab3\" class=\"uagb-tabs-list uagb-tabs__icon-position-left\" data-tab=\"3\" role=\"tab\"><div>B\u0113rnu dzim\u0161anas dienu<\/div><\/a><\/li><li class=\"uagb-tab \" role=\"none\"><a href=\"#uagb-tabs__tab4\" class=\"uagb-tabs-list uagb-tabs__icon-position-left\" data-tab=\"4\" role=\"tab\"><div>Skola-paket<\/div><\/a><\/li><\/ul><div class=\"uagb-tabs__body-wrap\">\n<div class=\"wp-block-uagb-tabs-child uagb-tabs__body-container uagb-inner-tab-0\" aria-labelledby=\"uagb-tabs__tab0\">\n<h3 class=\"wp-block-heading\">Akvaparks un pirts centrs<\/h3>\n\n\n\n<p><strong>Ieg\u0101d\u0101joties bi\u013ceti, j\u016bs apliecin\u0101t, ka esat <a href=\"https:\/\/veekeskus.eu\/lv\/udens-centra-ieksejas-kartibas-noteikumi\/\" target=\"_blank\" rel=\"noreferrer noopener\">iepazinies ar \u016bdens centr\u0101 sp\u0113k\u0101 eso\u0161ajiem noteikumiem un piekritu\u0161i<\/a> tos iev\u0113rot.<\/strong><br>NB! L\u016bgums piev\u0113rst uzman\u012bbu darba laikam <a href=\"https:\/\/veekeskus.eu\/lv\/darba-laiks\/\" target=\"_blank\" rel=\"noreferrer noopener\">\u0161eit<\/a>.<\/p>\n\n\n\n<div style=\"height:30px\" aria-hidden=\"true\" class=\"wp-block-spacer\"><\/div>\n\n\n\n<figure class=\"wp-block-table is-style-stripes\"><table><tbody><tr><td><strong>3 STUNDU BI\u013bETE<\/strong><br><strong><strong><strong><strong><strong>05.01-31.05.2026 un 01.09.2026-03.01.2027<\/strong><\/strong><\/strong><\/strong><\/strong><\/td><td class=\"has-text-align-center\" data-align=\"center\"><strong>pieaugu\u0161ais<\/strong><\/td><td class=\"has-text-align-center\" data-align=\"center\"><strong>b\u0113rnu <br>4-6 gadus<br><\/strong>(6 g.iesk)<\/td><td class=\"has-text-align-center\" data-align=\"center\"><strong>bilete ar atlaidi<\/strong><\/td><td class=\"has-text-align-center\" data-align=\"center\"><strong>gimenes bilete<\/strong><\/td><\/tr><tr><td><strong><strong>PIRMD.-CETURTD<\/strong>.<\/strong><\/td><td class=\"has-text-align-center\" data-align=\"center\"><\/td><td class=\"has-text-align-center\" data-align=\"center\"><\/td><td class=\"has-text-align-center\" data-align=\"center\"><\/td><td class=\"has-text-align-center\" data-align=\"center\"><\/td><\/tr><tr><td>akvaparks<\/td><td class=\"has-text-align-center\" data-align=\"center\">22 \u20ac<\/td><td class=\"has-text-align-center\" data-align=\"center\">5 \u20ac<\/td><td class=\"has-text-align-center\" data-align=\"center\">18 \u20ac<\/td><td class=\"has-text-align-center\" data-align=\"center\">60 \u20ac<\/td><\/tr><tr><td>akvaparks + baseins + pirts centrs<\/td><td class=\"has-text-align-center\" data-align=\"center\">32 \u20ac<\/td><td class=\"has-text-align-center\" data-align=\"center\">10 \u20ac<\/td><td class=\"has-text-align-center\" data-align=\"center\">25 \u20ac<\/td><td class=\"has-text-align-center\" data-align=\"center\">82 \u20ac<\/td><\/tr><tr><td><strong>PIEKTD.-SV\u0112TD.&nbsp; \/Igaunijas valsts sv\u0113tkos un skol\u0113nu br\u012bvdien\u0101s<\/strong><\/td><td class=\"has-text-align-center\" data-align=\"center\"><\/td><td class=\"has-text-align-center\" data-align=\"center\"><\/td><td class=\"has-text-align-center\" data-align=\"center\"><\/td><td class=\"has-text-align-center\" data-align=\"center\"><\/td><\/tr><tr><td>akvaparks <\/td><td class=\"has-text-align-center\" data-align=\"center\">25 \u20ac<\/td><td class=\"has-text-align-center\" data-align=\"center\">6 \u20ac<\/td><td class=\"has-text-align-center\" data-align=\"center\">20 \u20ac<\/td><td class=\"has-text-align-center\" data-align=\"center\">70 \u20ac<\/td><\/tr><tr><td>akvaparks + baseins + pirts centrs<\/td><td class=\"has-text-align-center\" data-align=\"center\">36 \u20ac<\/td><td class=\"has-text-align-center\" data-align=\"center\">11 \u20ac<\/td><td class=\"has-text-align-center\" data-align=\"center\">29 \u20ac<\/td><td class=\"has-text-align-center\" data-align=\"center\">93 \u20ac<\/td><\/tr><tr><td><strong>DIENAS BI\u013bETE<\/strong><br><strong><strong><strong><strong><strong><strong><strong><strong><strong>05.01-31.05.2026 un 01.09.2026-03.01.2027<\/strong><\/strong><\/strong><\/strong><\/strong><\/strong><\/strong><\/strong><\/strong><\/td><td class=\"has-text-align-center\" data-align=\"center\"><strong>pieaugu\u0161ais<\/strong><\/td><td class=\"has-text-align-center\" data-align=\"center\"><strong>b\u0113rnu <br>4-6 gadus<br><\/strong>(6 g.iesk)<\/td><td class=\"has-text-align-center\" data-align=\"center\"><strong>bilete ar atlaidi<\/strong><\/td><td class=\"has-text-align-center\" data-align=\"center\"><strong>gimenes bilete<\/strong><\/td><\/tr><tr><td><strong>PIRMD.-CETURTD.<\/strong><\/td><td class=\"has-text-align-center\" data-align=\"center\"><\/td><td class=\"has-text-align-center\" data-align=\"center\"><\/td><td class=\"has-text-align-center\" data-align=\"center\"><\/td><td class=\"has-text-align-center\" data-align=\"center\"><\/td><\/tr><tr><td>akvaparks<\/td><td class=\"has-text-align-center\" data-align=\"center\">30 \u20ac<\/td><td class=\"has-text-align-center\" data-align=\"center\">8 \u20ac<\/td><td class=\"has-text-align-center\" data-align=\"center\">25 \u20ac<\/td><td class=\"has-text-align-center\" data-align=\"center\">80 \u20ac<\/td><\/tr><tr><td>akvaparks + baseins + pirts centrs<\/td><td class=\"has-text-align-center\" data-align=\"center\">35 \u20ac<\/td><td class=\"has-text-align-center\" data-align=\"center\">12 \u20ac<\/td><td class=\"has-text-align-center\" data-align=\"center\">30 \u20ac<\/td><td class=\"has-text-align-center\" data-align=\"center\">90 \u20ac<\/td><\/tr><tr><td><strong>PIEKTD.-SV\u0112TD.&nbsp; \/Igaunijas valsts sv\u0113tkos un skol\u0113nu br\u012bvdien\u0101s<\/strong><\/td><td class=\"has-text-align-center\" data-align=\"center\"><\/td><td class=\"has-text-align-center\" data-align=\"center\"><\/td><td class=\"has-text-align-center\" data-align=\"center\"><\/td><td class=\"has-text-align-center\" data-align=\"center\"><\/td><\/tr><tr><td>akvaparks<\/td><td class=\"has-text-align-center\" data-align=\"center\">34 \u20ac<\/td><td class=\"has-text-align-center\" data-align=\"center\">9 \u20ac<\/td><td class=\"has-text-align-center\" data-align=\"center\">31 \u20ac<\/td><td class=\"has-text-align-center\" data-align=\"center\">88 \u20ac<\/td><\/tr><tr><td>akvaparks + baseins + pirts centrs<\/td><td class=\"has-text-align-center\" data-align=\"center\">40 \u20ac<\/td><td class=\"has-text-align-center\" data-align=\"center\">13 \u20ac<\/td><td class=\"has-text-align-center\" data-align=\"center\">35 \u20ac<\/td><td class=\"has-text-align-center\" data-align=\"center\">105 \u20ac<\/td><\/tr><tr><td><strong>VASARAS SEZONA<\/strong><br><strong>3 STUNDU BI\u013bETE<\/strong><br><strong>01.06-31.08.2026<\/strong><\/td><td class=\"has-text-align-center\" data-align=\"center\"><strong>pieaugu\u0161ais<\/strong><\/td><td class=\"has-text-align-center\" data-align=\"center\"><strong>b\u0113rnu <\/strong><br><strong>4-6 gadus<\/strong><br>(6 g.iesk)<\/td><td class=\"has-text-align-center\" data-align=\"center\"><strong>bilete ar atlaidi<\/strong><\/td><td class=\"has-text-align-center\" data-align=\"center\"><strong>gimenes bilete<\/strong><\/td><\/tr><tr><td><strong>PIRMD.-SV\u0112TD. <\/strong><\/td><td class=\"has-text-align-center\" data-align=\"center\"><\/td><td class=\"has-text-align-center\" data-align=\"center\"><\/td><td class=\"has-text-align-center\" data-align=\"center\"><\/td><td class=\"has-text-align-center\" data-align=\"center\"><\/td><\/tr><tr><td>akvaparks<\/td><td class=\"has-text-align-center\" data-align=\"center\">25 \u20ac<\/td><td class=\"has-text-align-center\" data-align=\"center\">6 \u20ac<\/td><td class=\"has-text-align-center\" data-align=\"center\">20 \u20ac<\/td><td class=\"has-text-align-center\" data-align=\"center\">70 \u20ac<\/td><\/tr><tr><td>akvaparks + baseins + pirts centrs<\/td><td class=\"has-text-align-center\" data-align=\"center\">36 \u20ac<\/td><td class=\"has-text-align-center\" data-align=\"center\">11 \u20ac<\/td><td class=\"has-text-align-center\" data-align=\"center\">29 \u20ac<\/td><td class=\"has-text-align-center\" data-align=\"center\">93 \u20ac<\/td><\/tr><tr><td><strong>VASARAS SEZONA<\/strong><br><strong>DIENAS BI\u013bETE <\/strong><br><strong>01.06-31.08.2026<\/strong><\/td><td class=\"has-text-align-center\" data-align=\"center\"><strong>pieaugu\u0161ais<\/strong><\/td><td class=\"has-text-align-center\" data-align=\"center\"><strong>b\u0113rnu <br>4-6 gadus <br><\/strong>(6 g.iesk)<\/td><td class=\"has-text-align-center\" data-align=\"center\"><strong>bilete ar atlaidi<\/strong><\/td><td class=\"has-text-align-center\" data-align=\"center\">&nbsp;<strong>gimenes bilete<\/strong><\/td><\/tr><tr><td><strong>PIRMD.-SV\u0112TD. <\/strong><\/td><td class=\"has-text-align-center\" data-align=\"center\"><\/td><td class=\"has-text-align-center\" data-align=\"center\"><\/td><td class=\"has-text-align-center\" data-align=\"center\"><\/td><td class=\"has-text-align-center\" data-align=\"center\"><\/td><\/tr><tr><td>akvaparks<\/td><td class=\"has-text-align-center\" data-align=\"center\">34 \u20ac<\/td><td class=\"has-text-align-center\" data-align=\"center\">9 \u20ac<\/td><td class=\"has-text-align-center\" data-align=\"center\">31 \u20ac<\/td><td class=\"has-text-align-center\" data-align=\"center\">88 \u20ac<\/td><\/tr><tr><td><span style=\"font-size: 12px;\"><\/span>akvaparks + baseins + pirts centrs<\/td><td class=\"has-text-align-center\" data-align=\"center\">40 \u20ac<\/td><td class=\"has-text-align-center\" data-align=\"center\">13 \u20ac<\/td><td class=\"has-text-align-center\" data-align=\"center\">35 \u20ac<\/td><td class=\"has-text-align-center\" data-align=\"center\">105 \u20ac<\/td><\/tr><\/tbody><\/table><\/figure>\n\n\n\n<ul class=\"wp-block-list\">\n<li><strong>Bi\u013ceti ar atlaidi<\/strong> varat nopirkt, uzr\u0101dot der\u012bgu pension\u0101ra apliec\u012bbu, inval\u012bda apliec\u012bbu, skolnieka vai studenta apliec\u012bbu, ISIC un ITIC karti. <\/li>\n\n\n\n<li><strong>Gimenes bilete<\/strong> ir der\u012bga 2 pieaugu\u0161ajiem un 2 b\u0113rniem l\u012bdz 15 gadu vecumam (15 g. ieskaitot). B\u0113rni l\u012bdz 3 gadu vecumam (3 g. ieskaitot) kop\u0101 ar bileti nopriku\u0161u pieaugu\u0161o var apmekl\u0113t spa un prits centru bez maksas. <\/li>\n\n\n\n<li>B\u0113rni l\u012bdz 3 gadu (ieskaitot) vecumam var kop\u0101 ar pieaugu\u0161o, kur\u0161 ir samaks\u0101jis par pirts centra apmekl\u0113jumu, apmekl\u0113t pirts centru bez maksas. <\/li>\n\n\n\n<li><strong>Igaunijas valsts sv\u0113tkos un sekojo\u0161os datumos ir sp\u0113k\u0101 ned\u0113\u013cas nogales cena: <\/strong>22.12.2025-04.01.2026; 23.02-01.03.2026; 13.-19.04.2026; 26.10-1.11.2026; 21.12.2026-03.01.2027<\/li>\n\n\n\n<li>Aizmirstie un pazaud\u0113tie priek\u0161meti, kuri tiek atrasti\/nodoti person\u0101lam, tiek uzglab\u0101ti 1 m\u0113nesi, p\u0113c tam tie tiek utiliz\u0113ti.<\/li>\n\n\n\n<li>\u016adens centra atrakcijas un pirts tiek sl\u0113gtas 20 min pirms \u016bdens centra sl\u0113g\u0161anas.<\/li>\n\n\n\n<li><strong>Ieg\u0101d\u0101joties bi\u013ceti, j\u016bs apliecin\u0101t, ka esat iepazinies ar \u016bdens centr\u0101 sp\u0113k\u0101 eso\u0161ajiem <a href=\"https:\/\/veekeskus.eu\/lv\/udens-centra-ieksejas-kartibas-noteikumi\/\" target=\"_blank\" rel=\"noreferrer noopener\">noteikumiem <\/a>un piekritu\u0161i tos iev\u0113rot.<\/strong><\/li>\n<\/ul>\n\n\n\n<div style=\"height:50px\" aria-hidden=\"true\" class=\"wp-block-spacer\"><\/div>\n\n\n\n<figure class=\"wp-block-table is-style-stripes\"><table><tbody><tr><td><strong>PAPILDU PAKALPOJUMI<\/strong><\/td><td><\/td><\/tr><tr><td>Individu\u0101l\u0101 seifa \u012bre<\/td><td>2 \u20ac<\/td><\/tr><tr><td>R\u012btasv\u0101rku iznom\u0101\u0161ana<\/td><td>4 \u20ac<\/td><\/tr><tr><td>R\u012btasv\u0101rku garantijas nauda<\/td><td>15 \u20ac<\/td><\/tr><tr><td>Pirts dvie\u013ca iznom\u0101\u0161ana<\/td><td>3 \u20ac<\/td><\/tr><tr><td>Pirts dvie\u013ca garantijas nauda<\/td><td>7 \u20ac<\/td><\/tr><tr><td>Piemaksa par p\u0101rsniegto laiku<\/td><td>0,20 \u20ac \/ 1 min<\/td><\/tr><tr><td>Atl\u012bdz\u012bba par pazaud\u0113tu atsl\u0113gu<\/td><td>12 \u20ac<\/td><\/tr><tr><td>Atl\u012bdz\u012bba par pazaud\u0113tu elektronisk\u0101s aproces (\u010dipa)<\/td><td>55 \u20ac<\/td><\/tr><tr><td>Kompens\u0101cija par elektronisk\u0101s aproces (\u010dipa) boj\u0101\u0161anu<\/td><td>2 \u20ac<\/td><\/tr><\/tbody><\/table><\/figure>\n\n\n\n<div style=\"height:50px\" aria-hidden=\"true\" class=\"wp-block-spacer\"><\/div>\n\n\n<section class=\"teade wow fadeIn parallax\" data-stellar-background-ratio=\"0.4\"><div class=\"bg-deep-pink padding-nine-all text-center mt-100\"><h5 class=\"font-weight-600 alt-font text-white\">Apkopes dienas akvapark\u0101 un pirts centra<\/h5><div class=\"text-white text-large\">\n<p><strong>Apkopes dienas 2026. gad\u0101 ir:<\/strong>\u00a003.03, 07.04, 12.05, 30.08-03.09, 06.10, 10.11, 08.12.<\/p>\n\n\n\n<p>Apkopes dien\u0101s akvaparks un pirts centrs durvis apmekl\u0113t\u0101jiem plkst. 17:00.<\/p>\n\n\n\n<p>Peldbaseins, trena\u017eieru z\u0101le un aerobikas z\u0101les apkopes dien\u0101 ir atv\u0113rtas.<br>Apkopes dien\u0101s viesn\u012bcas viesi var bez maksas apmekl\u0113t viesn\u012bcas \u201cTervis Medical SPA Hotel\u201d (Seedri 3, Pernava) <a href=\"https:\/\/spatervis.ee\/lv\/pirts-un-udens-centrs\/\" data-type=\"link\" data-id=\"https:\/\/spatervis.ee\/lv\/pirts-un-udens-centrs\/\" target=\"_blank\" rel=\"noreferrer noopener\">pirts un \u016bdens centru<\/a>, 3 stundas.<\/p>\n\n\n\n<p><strong>Akvaparks ir sl\u0113gts no 30.08. l\u012bdz 3.09. <\/strong>pl\u0101noto apkopes darbu d\u0113\u013c. Akvaparks atkal tiks atv\u0113rts 4.09. plkst. 15:00.<br>Viesn\u012bcas viesi (kuri ir ieg\u0101d\u0101ju\u0161ies naktsm\u012btni ar piek\u013cuvi \u016bdens atrakciju parkam vai spa paketi) var apmekl\u0113t pirts centru \u201eParadiisi Saunad\u201c. Apkopes dien\u0101s viesn\u012bcas viesi var bez maksas apmekl\u0113t viesn\u012bcas \u201cTervis Medical SPA Hotel\u201d (Seedri 3, Pernava) <a href=\"https:\/\/spatervis.ee\/lv\/pirts-un-udens-centrs\/\" data-type=\"link\" data-id=\"https:\/\/spatervis.ee\/lv\/pirts-un-udens-centrs\/\" target=\"_blank\" rel=\"noreferrer noopener\">pirts un \u016bdens centru<\/a>, 3 stundas.<\/p>\n\n\n\n<p><strong>Pirts centrs \u201cParadiisi Saunad\u201d ir sl\u0113gts<\/strong> 23.-27.08.2026 (apkopes dienas).<\/p>\n\n\n\n<p>Prec\u012bz\u0101ku inform\u0101ciju varat sa\u0146emt no \u016bdens centra administratora vai pa t\u0101lruni <a href=\"tel:+372 445 1666\" data-type=\"link\" data-id=\"callto:+3724451666\"><mark style=\"background-color:rgba(0, 0, 0, 0)\" class=\"has-inline-color has-white-color\"><strong>+372 445 1666<\/strong><\/mark><\/a>.<\/p>\n<\/div><\/div><\/section>\n<\/div>\n\n\n\n<div class=\"wp-block-uagb-tabs-child uagb-tabs__body-container uagb-inner-tab-1\" aria-labelledby=\"uagb-tabs__tab1\">\n<h3 class=\"wp-block-heading\">Peldbaseins, aerobika, svaru z\u0101le<\/h3>\n\n\n\n<h2 class=\"wp-block-heading\">2026<\/h2>\n\n\n\n<figure class=\"wp-block-table is-style-stripes\"><table class=\"has-fixed-layout\"><tbody><tr><td><strong>PELD\u0112\u0160ANA 1,5 STUNDAS<\/strong><\/td><td class=\"has-text-align-center\" data-align=\"center\"><strong><strong>pieaugu\u0161ais<\/strong><\/strong><\/td><td class=\"has-text-align-center\" data-align=\"center\"><strong>bilete ar atlaidi<\/strong><\/td><\/tr><tr><td>pirmd.-sv\u0113td. 6:30-8:30<\/td><td class=\"has-text-align-center\" data-align=\"center\">7 \u20ac<\/td><td class=\"has-text-align-center\" data-align=\"center\">6 \u20ac<\/td><\/tr><tr><td>pirmd.-sv\u0113td. 8:30-21:00<\/td><td class=\"has-text-align-center\" data-align=\"center\">8.50 \u20ac<\/td><td class=\"has-text-align-center\" data-align=\"center\">7.50 \u20ac<\/td><\/tr><tr><td><strong>GRUPU TRENI\u0145I<\/strong><\/td><td class=\"has-text-align-center\" data-align=\"center\"><\/td><td class=\"has-text-align-center\" data-align=\"center\"><\/td><\/tr><tr><td>Body Pump, fysioball, Les Mills Core, pilates, Body Balance, Body Combat, Aqua Aerobics, Zumba utt<\/td><td class=\"has-text-align-center\" data-align=\"center\">8.50 \u20ac<\/td><td class=\"has-text-align-center\" data-align=\"center\">7.50 \u20ac<\/td><\/tr><tr><td><strong>SVARU Z\u0100LE<\/strong><\/td><td class=\"has-text-align-center\" data-align=\"center\"><\/td><td class=\"has-text-align-center\" data-align=\"center\"><\/td><\/tr><tr><td>pirmd.-sv\u0113td. 6:30-21:00<\/td><td class=\"has-text-align-center\" data-align=\"center\">8.50 \u20ac<\/td><td class=\"has-text-align-center\" data-align=\"center\">6.50 \u20ac<\/td><\/tr><tr><td>pirmd.-piektd. 9:00-15:00<\/td><td class=\"has-text-align-center\" data-align=\"center\">7.50 \u20ac<\/td><td class=\"has-text-align-center\" data-align=\"center\">5.50 \u20ac<\/td><\/tr><tr><td><strong>SVARU Z\u0100LE + BASEINS<\/strong><\/td><td class=\"has-text-align-center\" data-align=\"center\"><\/td><td class=\"has-text-align-center\" data-align=\"center\"><\/td><\/tr><tr><td>pirmd.-sv\u0113td. 6:30-21:00<\/td><td class=\"has-text-align-center\" data-align=\"center\">14 \u20ac<\/td><td class=\"has-text-align-center\" data-align=\"center\">11 \u20ac<\/td><\/tr><\/tbody><\/table><\/figure>\n\n\n\n<p>*Bileti ar atlaidi var ieg\u0101d\u0101ties, uzr\u0101dot der\u012bgu pension\u0101ra apliec\u012bbu, skolnieka vai studenta apliec\u012bbu, ISIC un ITIC karti.<\/p>\n\n\n\n<div style=\"height:50px\" aria-hidden=\"true\" class=\"wp-block-spacer\"><\/div>\n\n\n\n<figure class=\"wp-block-table is-style-stripes\"><table><tbody><tr><td><strong>PAPILDU PAKALPOJUMI<\/strong><\/td><td><\/td><\/tr><tr><td>Individu\u0101l\u0101 seifa \u012bre<\/td><td>2 \u20ac<\/td><\/tr><tr><td>R\u012btasv\u0101rku iznom\u0101\u0161ana<\/td><td>4 \u20ac<\/td><\/tr><tr><td>R\u012btasv\u0101rku garantijas nauda<\/td><td>15 \u20ac<\/td><\/tr><tr><td>Pirts dvie\u013ca iznom\u0101\u0161ana<\/td><td>3 \u20ac<\/td><\/tr><tr><td>Pirts dvie\u013ca garantijas nauda<\/td><td>7 \u20ac<\/td><\/tr><tr><td>Piemaksa par p\u0101rsniegto laiku<\/td><td>0,20 \u20ac \/ 1 min<\/td><\/tr><tr><td>Atl\u012bdz\u012bba par pazaud\u0113tu atsl\u0113gu<\/td><td>12 \u20ac<\/td><\/tr><tr><td>Atl\u012bdz\u012bba par pazaud\u0113tu elektronisk\u0101s aproces (\u010dipa)<\/td><td>55 \u20ac<\/td><\/tr><tr><td>Kompens\u0101cija par elektronisk\u0101s aproces (\u010dipa) boj\u0101\u0161anu<\/td><td>2 \u20ac<\/td><\/tr><\/tbody><\/table><\/figure>\n\n\n\n<div style=\"height:50px\" aria-hidden=\"true\" class=\"wp-block-spacer\"><\/div>\n\n\n<section class=\"teade wow fadeIn parallax\" data-stellar-background-ratio=\"0.4\"><div class=\"bg-deep-pink padding-nine-all text-center mt-100\"><h5 class=\"font-weight-600 alt-font text-white\">Tervise Paradiis peldbaseins<\/h5><div class=\"text-white text-large\">\n<p>ir sl\u0113gts 23.08 &#8211; 27.08.2026. (apkopes dienas).<\/p>\n<\/div><\/div><\/section>\n<\/div>\n\n\n\n<div class=\"wp-block-uagb-tabs-child uagb-tabs__body-container uagb-inner-tab-2\" aria-labelledby=\"uagb-tabs__tab2\">\n<h2 class=\"wp-block-heading\">Boulings<\/h2>\n\n\n\n<figure class=\"wp-block-table is-style-stripes\"><table class=\"has-fixed-layout\"><thead><tr><th class=\"has-text-align-left\" data-align=\"left\"><\/th><th class=\"has-text-align-center\" data-align=\"center\">cenapar 1 celi\u0146u,<br>par 1 stundu<\/th><th class=\"has-text-align-center\" data-align=\"center\">bilete ar atlaidi*<br>par 1 celi\u0146u, <br>par 1 stundu<\/th><\/tr><\/thead><tbody><tr><td class=\"has-text-align-left\" data-align=\"left\">otrd.-ceturtd.&nbsp;l\u012bdz 18:00<\/td><td class=\"has-text-align-center\" data-align=\"center\">18 \u20ac<\/td><td class=\"has-text-align-center\" data-align=\"center\">15 \u20ac<\/td><\/tr><tr><td class=\"has-text-align-left\" data-align=\"left\">ortd.-ceturtd.&nbsp;no 18:00<\/td><td class=\"has-text-align-center\" data-align=\"center\">30 \u20ac<\/td><td class=\"has-text-align-center\" data-align=\"center\">&#8211;<\/td><\/tr><tr><td class=\"has-text-align-left\" data-align=\"left\">piektd.-sv\u0113td. l\u012bdz 18:00<\/td><td class=\"has-text-align-center\" data-align=\"center\">30 \u20ac<\/td><td class=\"has-text-align-center\" data-align=\"center\">15 \u20ac<\/td><\/tr><tr><td class=\"has-text-align-left\" data-align=\"left\">piektd.-sv\u0113td. no 18:00<\/td><td class=\"has-text-align-center\" data-align=\"center\">30 \u20ac<\/td><td class=\"has-text-align-center\" data-align=\"center\">&#8211;<\/td><\/tr><tr><td class=\"has-text-align-left\" data-align=\"left\"><\/td><td class=\"has-text-align-center\" data-align=\"center\"><\/td><td class=\"has-text-align-center\" data-align=\"center\"><\/td><\/tr><tr><td class=\"has-text-align-left\" data-align=\"left\">Biljards par 1 stundu<\/td><td class=\"has-text-align-center\" data-align=\"center\">7 \u20ac<\/td><td class=\"has-text-align-center\" data-align=\"center\"><\/td><\/tr><tr><td class=\"has-text-align-left\" data-align=\"left\">Apavi p\u0101ris<\/td><td class=\"has-text-align-center\" data-align=\"center\">1 \u20ac<\/td><td class=\"has-text-align-center\" data-align=\"center\"><\/td><\/tr><\/tbody><\/table><\/figure>\n\n\n\n<div style=\"height:50px\" aria-hidden=\"true\" class=\"wp-block-spacer\"><\/div>\n\n\n\n<p>* Bileti ar atlaidi var ieg\u0101d\u0101ties, uzr\u0101dot der\u012bgu pension\u0101ra apliec\u012bbu, skolnieka vai studenta apliec\u012bbu, ISIC un ITIC karti.<br>** L\u016bdzam \u0146emt v\u0113r\u0101, ka person\u012bg\u0101 invent\u0101ra lieto\u0161ana ir uz J\u016bsu pa\u0161u atbild\u012bbu!<\/p>\n\n\n<section class=\"teade wow fadeIn parallax\" data-stellar-background-ratio=\"0.4\"><div class=\"bg-deep-pink padding-nine-all text-center mt-100\"><h5 class=\"font-weight-600 alt-font text-white\">Apkopes dien\u0101 boulinga z\u0101le<\/h5><div class=\"text-white text-large\">\n<p>Katra m\u0113ne\u0161a otraj\u0101 tre\u0161dien\u0101 boulinga z\u0101l\u0113 ir apkopes diena. <br>Apkopes dien\u0101 boulinga z\u0101le tiek atv\u0113rta pulksten 19:00.<\/p>\n\n\n\n<p><\/p>\n<\/div><\/div><\/section>\n<\/div>\n\n\n\n<div class=\"wp-block-uagb-tabs-child uagb-tabs__body-container uagb-inner-tab-3\" aria-labelledby=\"uagb-tabs__tab3\">\n<h2 class=\"wp-block-heading\">B\u0113rnu dzim\u0161anas dienu paketes<\/h2>\n\n\n\n<p>Tervise Paradiis ir daudz jauku iesp\u0113ju b\u0113rna dzim\u0161anas dienas svin\u012bb\u0101m!<br>Iepaz\u012bsties ar \u012bpa\u0161ajiem b\u0113rnu dzim\u0161anas dienu pied\u0101v\u0101jumiem <a href=\"https:\/\/veekeskus.eu\/lv\/bernu-dzimsanas-dienas\/\" target=\"_blank\" rel=\"noreferrer noopener\">\u0161eit<\/a>.<\/p>\n<\/div>\n\n\n\n<div class=\"wp-block-uagb-tabs-child uagb-tabs__body-container uagb-inner-tab-4\" aria-labelledby=\"uagb-tabs__tab4\">\n<p><strong>Kop\u012bgas aktivit\u0101tes vieno un sag\u0101d\u0101 prieku vair\u0101k nek\u0101 vienu dienu! <\/strong><br>Aicin\u0101m klases ekskursij\u0101 uz \u016bdens atrakciju parku \u201cTervise Paradiis\u201d! Iepaz\u012bsties ar da\u017e\u0101d\u0101m iesp\u0113j\u0101m <a href=\"https:\/\/veekeskus.eu\/lv\/akvaparks\/skolam-grupam\/\">\u0161eit<\/a><\/p>\n<\/div>\n<\/div><\/div>\n\n\n\n<p>Tervise Paradiis spa viesn\u012bca &amp; akvaparks patur ties\u012bbas main\u012bt cenas.<\/p>\n","protected":false},"excerpt":{"rendered":"<p>Tervise Paradiis spa viesn\u012bca &amp; akvaparks patur ties\u012bbas main\u012bt cenas.<\/p>\n","protected":false},"author":1,"featured_media":860,"parent":0,"menu_order":0,"comment_status":"closed","ping_status":"closed","template":"","meta":{"_acf_changed":false,"_seopress_robots_primary_cat":"","_seopress_titles_title":"","_seopress_titles_desc":"","_seopress_robots_index":"","_uag_custom_page_level_css":"","footnotes":""},"class_list":["post-1190","page","type-page","status-publish","has-post-thumbnail","hentry"],"acf":[],"uagb_featured_image_src":{"full":["https:\/\/veekeskus.eu\/wp-content\/uploads\/2024\/01\/hinnad.jpg",1920,982,false],"thumbnail":["https:\/\/veekeskus.eu\/wp-content\/uploads\/2024\/01\/hinnad-320x320.jpg",320,320,true],"medium":["https:\/\/veekeskus.eu\/wp-content\/uploads\/2024\/01\/hinnad-720x368.jpg",720,368,true],"medium_large":["https:\/\/veekeskus.eu\/wp-content\/uploads\/2024\/01\/hinnad-768x393.jpg",768,393,true],"large":["https:\/\/veekeskus.eu\/wp-content\/uploads\/2024\/01\/hinnad-1440x737.jpg",1440,737,true],"1536x1536":["https:\/\/veekeskus.eu\/wp-content\/uploads\/2024\/01\/hinnad-1536x786.jpg",1536,786,true],"2048x2048":["https:\/\/veekeskus.eu\/wp-content\/uploads\/2024\/01\/hinnad.jpg",1920,982,false],"gform-image-choice-sm":["https:\/\/veekeskus.eu\/wp-content\/uploads\/2024\/01\/hinnad.jpg",300,153,false],"gform-image-choice-md":["https:\/\/veekeskus.eu\/wp-content\/uploads\/2024\/01\/hinnad.jpg",400,205,false],"gform-image-choice-lg":["https:\/\/veekeskus.eu\/wp-content\/uploads\/2024\/01\/hinnad.jpg",600,307,false]},"uagb_author_info":{"display_name":"paradiis","author_link":"https:\/\/veekeskus.eu\/lv\/author\/paradiis\/"},"uagb_comment_info":0,"uagb_excerpt":"Tervise Paradiis spa viesn\u012bca &amp; akvaparks patur ties\u012bbas main\u012bt cenas.","publishpress_future_action":{"enabled":false,"date":"2026-04-25 14:48:22","action":"change-status","newStatus":"draft","terms":[],"taxonomy":"translation_priority","extraData":[]},"publishpress_future_workflow_manual_trigger":{"enabledWorkflows":[]},"_links":{"self":[{"href":"https:\/\/veekeskus.eu\/lv\/wp-json\/wp\/v2\/pages\/1190","targetHints":{"allow":["GET"]}}],"collection":[{"href":"https:\/\/veekeskus.eu\/lv\/wp-json\/wp\/v2\/pages"}],"about":[{"href":"https:\/\/veekeskus.eu\/lv\/wp-json\/wp\/v2\/types\/page"}],"author":[{"embeddable":true,"href":"https:\/\/veekeskus.eu\/lv\/wp-json\/wp\/v2\/users\/1"}],"replies":[{"embeddable":true,"href":"https:\/\/veekeskus.eu\/lv\/wp-json\/wp\/v2\/comments?post=1190"}],"version-history":[{"count":68,"href":"https:\/\/veekeskus.eu\/lv\/wp-json\/wp\/v2\/pages\/1190\/revisions"}],"predecessor-version":[{"id":3816,"href":"https:\/\/veekeskus.eu\/lv\/wp-json\/wp\/v2\/pages\/1190\/revisions\/3816"}],"wp:featuredmedia":[{"embeddable":true,"href":"https:\/\/veekeskus.eu\/lv\/wp-json\/wp\/v2\/media\/860"}],"wp:attachment":[{"href":"https:\/\/veekeskus.eu\/lv\/wp-json\/wp\/v2\/media?parent=1190"}],"curies":[{"name":"wp","href":"https:\/\/api.w.org\/{rel}","templated":true}]}}