{"id":1607,"date":"2024-01-30T09:48:19","date_gmt":"2024-01-30T07:48:19","guid":{"rendered":"https:\/\/veekeskus.eu\/privaatsuspoliitika\/"},"modified":"2025-03-25T15:51:37","modified_gmt":"2025-03-25T13:51:37","slug":"tietosuojaseloste","status":"publish","type":"page","link":"https:\/\/veekeskus.eu\/fi\/tietosuojaseloste\/","title":{"rendered":"Tietosuojaseloste"},"content":{"rendered":"\n<h2 class=\"wp-block-heading\">Tervis Spaa Gruppin tietosuojaseloste<\/h2>\n\n\n\n<p>Tervis Spaa Grupp arvostaa yksityisyytt\u00e4 ja haluaa s\u00e4ilytt\u00e4\u00e4 asiakkaiden luovuttamia henkil\u00f6tietoja turvallisesti. Otamme huomioon voimassa olevan lains\u00e4\u00e4d\u00e4nn\u00f6n ja asetukset ja teemme parhaamme, jotta henkil\u00f6tietosi olisivat suojattuja nyt ja tulevaisuudessa.<\/p>\n\n\n\n<p>T\u00e4m\u00e4 tietosuojaseloste kertoo, mit\u00e4 tietoja ker\u00e4\u00e4mme asiakkaistamme ja mit\u00e4 n\u00e4ill\u00e4 tiedoilla teemme. Pyyd\u00e4mme lukemaan selosteen l\u00e4pi ennen verkkosivujen k\u00e4ytt\u00f6\u00e4 ja edellyt\u00e4mme, ett\u00e4 ellet hyv\u00e4ksy tietosuojaehtojamme, lopetat verkkosivujemme k\u00e4yt\u00f6n. Verkkosivuinamme k\u00e4sit\u00e4mme seuraavia osoitteita:<\/p>\n\n\n\n<p><a href=\"http:\/\/www.spa.ee\/\">www.spa.ee<\/a>&nbsp;&nbsp;&nbsp;<br><a href=\"http:\/\/www.spatervis.ee\/\">www.spatervis.ee<\/a>&nbsp;&nbsp;<br><a href=\"http:\/\/www.terviseparadiis.ee\/undefined\/\">www.terviseparadiis.ee<\/a>&nbsp;&nbsp;<br><a href=\"http:\/\/www.spasport.ee\/\">www.spasport.ee<\/a><br><a href=\"https:\/\/\/www.restoranpurpur.ee\">www.restoranpurpur.ee<\/a><br><a href=\"https:\/\/www.restrorankuu.ee\">www.restorankuu.ee<\/a><br><a href=\"https:\/\/www.veekeskus.eu\">www.veekeskus.eu<\/a><\/p>\n\n\n\n<p>N\u00e4m\u00e4 tietosuojaehdot koskevat Tervis Spaa Gruppin yrityksi\u00e4:<\/p>\n\n\n\n<ul class=\"wp-block-list\">\n<li>Sanatoorium Tervis AS<\/li>\n\n\n\n<li>Tervise Paradiis O\u00dc<\/li>\n<\/ul>\n\n\n\n<h2 class=\"wp-block-heading\"><strong>TERVIS SPAA GRUPPIN KER\u00c4\u00c4M\u00c4T TIEDOT<br><\/strong><\/h2>\n\n\n\n<ul class=\"wp-block-list\">\n<li><strong>Henkil\u00f6tiedot:<\/strong>\u00a0etunimi, sukunimi, syntym\u00e4aika, henkil\u00f6tunnus<\/li>\n\n\n\n<li><strong>Yhteystiedot:<\/strong>\u00a0kotiosoite, s\u00e4hk\u00f6postiosoite, puhelinnumero<\/li>\n\n\n\n<li><strong>Matkustajailmoituksen sis\u00e4lt\u00e4m\u00e4t tiedot:<\/strong>\u00a0kansalaisuus, asiakkaan kanssa majoittuvan puolison ja alaik\u00e4isen nimi, syntym\u00e4aika ja kansalaisuus, majoituspalvelun tarjoamisen aika. Lis\u00e4ksi voidaan tarvita viel\u00e4 seuraavia tietoja: matkustusasiakirjan tyyppi, numero ja my\u00f6nt\u00e4j\u00e4maa.<\/li>\n<\/ul>\n\n\n\n<p><em>* Matkustajailmoitukseen liittyvien tietojen ker\u00e4\u00e4misest\u00e4 on s\u00e4\u00e4detty matkailulaissa<\/em><\/p>\n\n\n\n<ul class=\"wp-block-list\">\n<li><strong>Luottokortin tiedot:<\/strong>\u00a0esim. kortin numero, omistajan nimi ja kortin voimassaoloaika<\/li>\n\n\n\n<li><strong>Turvakameroiden tallennukset:<\/strong>\u00a0vieraillessanne hotellissamme alueilla, joissa k\u00e4ytet\u00e4\u00e4n turvallisuustarkoituksessa valvontakameroita<\/li>\n\n\n\n<li><strong>S\u00e4hk\u00f6isten kulkukorttien tiedot:<\/strong>\u00a0liikkuessanne hotellissamme sellaisten alueiden l\u00e4pi, joissa k\u00e4ytet\u00e4\u00e4n turvallisuuden ja vapaan p\u00e4\u00e4syn rajoituksen tarkoituksessa s\u00e4hk\u00f6isi\u00e4 kulkukortteja<\/li>\n\n\n\n<li><strong>Henkil\u00f6kohtaisten mieltymysten tiedot:<\/strong>\u00a0esimerkiksi ostettuihin tuotteisiin, hoitoihin, ruokailuihin ja valittuihin paketteihin ja majoitukseen liittyv\u00e4t tiedot<\/li>\n\n\n\n<li><strong>Terveydentilaan liittyv\u00e4t tiedot:<\/strong>\u00a0hoitopalveluiden tai hoitopakettien osalta saatamme tarvita lis\u00e4tietoja terveydentilastasi.<\/li>\n<\/ul>\n\n\n\n<h2 class=\"wp-block-heading\"><strong>KUINKA KER\u00c4\u00c4MME N\u00c4IT\u00c4 TIETOJA?<\/strong><\/h2>\n\n\n\n<p>Yleens\u00e4 saamme n\u00e4m\u00e4 tiedot suoraan sinulta, kun:<\/p>\n\n\n\n<ul class=\"wp-block-list\">\n<li>teet palveluistamme kyselyn puhelimitse, s\u00e4hk\u00f6postitse tai verkkosivujen kautta<\/li>\n\n\n\n<li>varaat tai ostat palvelujamme puhelimitse, s\u00e4hk\u00f6postitse tai verkkosivujen kautta<\/li>\n\n\n\n<li>varaat, ostat tai k\u00e4yt\u00e4t palvelujamme hotellissa oleskelun aikana.<\/li>\n<\/ul>\n\n\n\n<p>Voimme saada tietojasi my\u00f6s yhteysty\u00f6kumppaneiltamme, joilta olet tilannut yritykseemme liittyvi\u00e4 palveluita.<\/p>\n\n\n\n<h2 class=\"wp-block-heading\"><strong>MITEN K\u00c4YT\u00c4MME SAAMIAMME TIETOJA?<\/strong><\/h2>\n\n\n\n<p>K\u00e4yt\u00e4mme tietoja seuraavissa tarkoituksissa:<\/p>\n\n\n\n<ul class=\"wp-block-list\">\n<li>tilaamiesi palveluiden tarjoamiseksi<\/li>\n\n\n\n<li>lains\u00e4\u00e4d\u00e4nn\u00f6ss\u00e4 s\u00e4\u00e4dettyjen velvoitteiden suorittamiseksi<\/li>\n\n\n\n<li>turvallisuuden hallinnoimiseen<\/li>\n\n\n\n<li>yleisiin liiketaloudellisiin tarkoituksiin.<\/li>\n<\/ul>\n\n\n\n<p>Esimerkiksi:<\/p>\n\n\n\n<ul class=\"wp-block-list\">\n<li><strong>Henkil\u00f6tiedot,<\/strong>\u00a0jotta voisimme tarjota palveluja henkil\u00f6lle, joka on sen tilannut tai jolle se on tilattu<\/li>\n\n\n\n<li><strong>Yhteystiedot,<\/strong>\u00a0jotta voisimme tarvittaessa ottaa sinuun yhteytt\u00e4<\/li>\n\n\n\n<li><strong>Matkustajailmoitukseen liittyv\u00e4t tiedot,<\/strong>\u00a0noudattaaksemme laissa m\u00e4\u00e4r\u00e4ttyj\u00e4 velvoitteita. Ellet esit\u00e4 meille n\u00e4it\u00e4 tietoja, meill\u00e4 ei ole lupaa tarjota sinulle majoituspalveluja<\/li>\n\n\n\n<li><strong>Luottokorttiin liittyv\u00e4t tiedot,<\/strong>\u00a0joita tarvitsemme siin\u00e4 tapauksessa, ett\u00e4 k\u00e4yt\u00e4t tilatuista palveluista tai tehdyist\u00e4 kustannuksista maksamiseen luottokorttia<\/li>\n\n\n\n<li><strong>Turvakameroiden tallennukset,<\/strong>\u00a0jotka voidaan l\u00e4hett\u00e4\u00e4 j\u00e4rjestysviranomaisille v\u00e4likohtauksien tapauksessa<\/li>\n\n\n\n<li><strong>S\u00e4hk\u00f6isiin kulkukortteihin liittyv\u00e4t kulkutiedot,<\/strong>\u00a0jotta voisimme tarjota tilattuja palveluja<\/li>\n\n\n\n<li><strong>Henkil\u00f6kohtaisten mieltymysten tiedot,<\/strong>\u00a0tarjotaksemme sinulle mahdollisimman hyv\u00e4\u00e4 palvelua<\/li>\n\n\n\n<li><strong>Terveydentilaa koskevat tiedot,<\/strong>\u00a0tarjotaksemme mahdollisimman oikeita hoitopalveluita.<\/li>\n<\/ul>\n\n\n\n<h2 class=\"wp-block-heading\"><strong>MILL\u00c4 OIKEUDELLISILLA PERUSTEILLA K\u00c4SITTELEMME HENKIL\u00d6TIETOJASI?<\/strong><\/h2>\n\n\n\n<p>&nbsp;Henkil\u00f6tietojen k\u00e4sittelymme perustuu erilaisiin s\u00e4\u00e4d\u00f6ksiin:<\/p>\n\n\n\n<ul class=\"wp-block-list\">\n<li>tarpeeseen luoda sopimussuhde<\/li>\n\n\n\n<li>tarpeeseen t\u00e4ytt\u00e4\u00e4 solmittua sopimusta<\/li>\n\n\n\n<li>tarpeeseen t\u00e4ytt\u00e4\u00e4 laissa s\u00e4\u00e4dettyj\u00e4 velvoitteita<\/li>\n\n\n\n<li>tarpeeseen panna t\u00e4yt\u00e4nt\u00f6\u00f6n oikeutettuja etujamme, mm. liiketoiminnan toteuttaminen<\/li>\n\n\n\n<li>tarpeeseen vastata kirjeeseesi, kyselyyn, selvityspyynt\u00f6\u00f6n tai valitukseen<\/li>\n\n\n\n<li>tarpeeseen puolustaa elint\u00e4rkeit\u00e4 etujasi (esimerkiksi tietojesi kertominen ambulanssity\u00f6ntekij\u00e4lle tarvittaessa)<\/li>\n\n\n\n<li>antamaasi suostumukseen<\/li>\n\n\n\n<li>muilla laissa s\u00e4\u00e4detyll\u00e4 perusteilla.<\/li>\n<\/ul>\n\n\n\n<h2 class=\"wp-block-heading\"><strong>KENELLE JAAMME TIETOJASI?<\/strong><\/h2>\n\n\n\n<p>Emme jaa meille luovutettuja tietoja kolmansille tahoille, paitsi siin\u00e4 tapauksessa, ett\u00e4 se on n\u00e4iss\u00e4 tietosuojaehdoissa kuvattujen tavoitteiden saavuttamiseksi tarpeen. Voimme esimerkiksi luovuttaa tietoja:<\/p>\n\n\n\n<ul class=\"wp-block-list\">\n<li>Tervis Spaa Gruppin sis\u00e4isille yrityksille, mik\u00e4li sen on tarpeen sinuun liittyvien palveluiden tarjoamiseksi<\/li>\n\n\n\n<li>erilaisille palvelujentarjoajille, joilta voimme tilata tietojenk\u00e4sittelyyn liittyvi\u00e4 palveluita. Esimerkiksi tietoteknologiaan, matkailu- tai kuljetusalaan liittyv\u00e4t yritykset<\/li>\n\n\n\n<li>konsulteille, kuten tilintarkastajille, asianajajille, kirjanpit\u00e4jille ym. meille palveluja tarjoaville tahoille.<\/li>\n\n\n\n<li>laissa s\u00e4\u00e4detyiss\u00e4 tapauksissa<\/li>\n\n\n\n<li>mik\u00e4li tietojen jakaminen on tarpeen oikeussuojamme turvaamiseksi.<\/li>\n<\/ul>\n\n\n\n<p>Luovuttaessamme tietojasi, j\u00e4\u00e4 vastuu tietojesi tietosuojasta aina meille. T\u00e4ss\u00e4 tapauksessa solmimme kolmannen tahon kanssa tietojen k\u00e4sittely\u00e4 ja tietojen yksityisyytt\u00e4 koskevan sopimuksen.<\/p>\n\n\n\n<h2 class=\"wp-block-heading\"><strong>KUINKA KAUAN S\u00c4ILYT\u00c4MME TIETOJASI?<\/strong><\/h2>\n\n\n\n<p>S\u00e4ilyt\u00e4mme tietojasi tietojen k\u00e4sittelyn tavoitteeseen liittyv\u00e4n tarpeen mukaisesti. Henkil\u00f6tietojen s\u00e4ilytt\u00e4misess\u00e4 perustumme erilaisiin kriteereihin:<\/p>\n\n\n\n<ul class=\"wp-block-list\">\n<li>liiketoimintaan liittyv\u00e4 tarve<\/li>\n\n\n\n<li>asiakkaille palvelun tarjoamiseen liittyv\u00e4 tarve<\/li>\n\n\n\n<li>lains\u00e4\u00e4d\u00e4nt\u00f6\u00f6n perustuva tarve<\/li>\n\n\n\n<li>sopimuksiin perustuva tarve<\/li>\n\n\n\n<li>vaateen esitt\u00e4misen oikeuteen perustuva tarve<\/li>\n<\/ul>\n\n\n\n<p>Esimerkiksi matkustajailmoituksia on meid\u00e4n s\u00e4ilytett\u00e4v\u00e4 kaksi vuotta matkailulakiin perustuen. Mik\u00e4li olet liittynyt uutiskirjeiden saajiin tai muihin suoramarkkinointikanaviin, s\u00e4ilyt\u00e4mme yhteystietosi siihen saakka, kunnes ilmoitat meille, ettet halua en\u00e4\u00e4 kyseisen suoramarkkinointikanavan ilmoituksia.<\/p>\n\n\n\n<h2 class=\"wp-block-heading\"><strong>MITK\u00c4 OVAT OIKEUTESI TIETOJESI OSALTA?<\/strong><\/h2>\n\n\n\n<p>Tiedon omistajana sinulla on seuraavat oikeudet:<\/p>\n\n\n\n<ul class=\"wp-block-list\">\n<li>Oikeus tutustua tietoihin \u2013 sinulla on oikeus tiet\u00e4\u00e4, mit\u00e4 tietoja sinusta s\u00e4ilytet\u00e4\u00e4n ja miten niit\u00e4 k\u00e4sitell\u00e4\u00e4n<\/li>\n\n\n\n<li>Oikeus tietojen korjaamiseen \u2013 mik\u00e4li henkil\u00f6tietosi ovat v\u00e4\u00e4r\u00e4t, on sinulla oikeus vaatia omien henkil\u00f6tietojesi korjaamista<\/li>\n\n\n\n<li>Oikeus k\u00e4sittelyn rajoittamiseen \u2013 sinulla on tietyiss\u00e4 tapauksissa oikeus kielt\u00e4\u00e4 tai rajoittaa omien henkil\u00f6tietojesi k\u00e4sittely\u00e4 (esimerkiksi ellet halua en\u00e4\u00e4 saada uutiskirjeit\u00e4)<\/li>\n\n\n\n<li>Oikeus tietojen poistamiseen eli oikeus olla unohdettu. T\u00e4t\u00e4 tosin tietyss\u00e4 laajuudessa, koska lakiin perustuen se ei ole aina mahdollista<\/li>\n\n\n\n<li>Oikeus esitt\u00e4\u00e4 omien tietojen k\u00e4sittelyyn liittyen vastav\u00e4itteit\u00e4 \u2013 k\u00e4sittelemme jokaisen tapauksen erikseen, ja tulos riippuu kyseisest\u00e4 tilanteesta<\/li>\n\n\n\n<li>Tietojen siirron oikeus \u2013 sinulla on oikeus vaatia meille l\u00e4hett\u00e4miesi tietojen siirt\u00e4mist\u00e4 itsellesi koneellisesti luettavassa muodossa. Voit vaatia suostumuksesi perusteella tai kanssasi solmitun sopimuksen t\u00e4ytt\u00e4mist\u00e4 varten k\u00e4ytett\u00e4vien henkil\u00f6tietojen siirt\u00e4mist\u00e4 toiselle vastuussa olevalle ty\u00f6ntekij\u00e4lle, mutta vain siin\u00e4 tapauksessa, ett\u00e4 se on teknisesti mahdollista.<\/li>\n<\/ul>\n\n\n\n<p>Tervis Spaa Gruppin verkkosivuja k\u00e4ytt\u00e4ess\u00e4si tai meihin liittyvien yritysten palveluja varatessasi olet tutustunut tietosuojaehtoihimme ja hyv\u00e4ksynyt ne.<\/p>\n\n\n\n<p>Tervis Spaa Grupp pid\u00e4tt\u00e4\u00e4 oikeudet muuttaa yritykseen liittyvi\u00e4 tietosuojaehtoja tarvittaessa. Uusin versio on esill\u00e4 verkkosivuillamme:&nbsp;<a href=\"https:\/\/www.spa.ee\/\" target=\"_blank\" rel=\"noreferrer noopener\">www.spa.ee<\/a>.<\/p>\n\n\n\n<p>Henkil\u00f6tietojen k\u00e4sittelyyn liittyv\u00e4t kysymykset pyyd\u00e4mme l\u00e4hett\u00e4m\u00e4\u00e4n s\u00e4hk\u00f6postilla osoitteeseen:\u00a0<a href=\"mailto:isikuandmed@spa.ee\">isikuandmed@spa.ee<\/a>.<\/p>\n","protected":false},"excerpt":{"rendered":"<p>Tervis Spaa Gruppin tietosuojaseloste Tervis Spaa Grupp arvostaa yksityisyytt\u00e4 ja haluaa s\u00e4ilytt\u00e4\u00e4 asiakkaiden luovuttamia henkil\u00f6tietoja turvallisesti. Otamme huomioon voimassa olevan lains\u00e4\u00e4d\u00e4nn\u00f6n ja asetukset ja teemme parhaamme, jotta henkil\u00f6tietosi olisivat suojattuja nyt ja tulevaisuudessa. T\u00e4m\u00e4 tietosuojaseloste kertoo, mit\u00e4 tietoja ker\u00e4\u00e4mme asiakkaistamme ja mit\u00e4 n\u00e4ill\u00e4 tiedoilla teemme. Pyyd\u00e4mme lukemaan selosteen l\u00e4pi ennen verkkosivujen k\u00e4ytt\u00f6\u00e4 ja edellyt\u00e4mme, ett\u00e4 [&hellip;]<\/p>\n","protected":false},"author":1,"featured_media":0,"parent":0,"menu_order":0,"comment_status":"closed","ping_status":"closed","template":"","meta":{"_acf_changed":false,"_seopress_robots_primary_cat":"","_seopress_titles_title":"","_seopress_titles_desc":"","_seopress_robots_index":"","_uag_custom_page_level_css":"","footnotes":""},"class_list":["post-1607","page","type-page","status-publish","hentry"],"acf":[],"uagb_featured_image_src":{"full":false,"thumbnail":false,"medium":false,"medium_large":false,"large":false,"1536x1536":false,"2048x2048":false,"gform-image-choice-sm":false,"gform-image-choice-md":false,"gform-image-choice-lg":false},"uagb_author_info":{"display_name":"paradiis","author_link":"https:\/\/veekeskus.eu\/fi\/author\/paradiis\/"},"uagb_comment_info":0,"uagb_excerpt":"Tervis Spaa Gruppin tietosuojaseloste Tervis Spaa Grupp arvostaa yksityisyytt\u00e4 ja haluaa s\u00e4ilytt\u00e4\u00e4 asiakkaiden luovuttamia henkil\u00f6tietoja turvallisesti. Otamme huomioon voimassa olevan lains\u00e4\u00e4d\u00e4nn\u00f6n ja asetukset ja teemme parhaamme, jotta henkil\u00f6tietosi olisivat suojattuja nyt ja tulevaisuudessa. T\u00e4m\u00e4 tietosuojaseloste kertoo, mit\u00e4 tietoja ker\u00e4\u00e4mme asiakkaistamme ja mit\u00e4 n\u00e4ill\u00e4 tiedoilla teemme. Pyyd\u00e4mme lukemaan selosteen l\u00e4pi ennen verkkosivujen k\u00e4ytt\u00f6\u00e4 ja edellyt\u00e4mme, ett\u00e4&hellip;","publishpress_future_action":{"enabled":false,"date":"2026-05-07 19:58:55","action":"change-status","newStatus":"draft","terms":[],"taxonomy":"translation_priority","extraData":[]},"publishpress_future_workflow_manual_trigger":{"enabledWorkflows":[]},"_links":{"self":[{"href":"https:\/\/veekeskus.eu\/fi\/wp-json\/wp\/v2\/pages\/1607","targetHints":{"allow":["GET"]}}],"collection":[{"href":"https:\/\/veekeskus.eu\/fi\/wp-json\/wp\/v2\/pages"}],"about":[{"href":"https:\/\/veekeskus.eu\/fi\/wp-json\/wp\/v2\/types\/page"}],"author":[{"embeddable":true,"href":"https:\/\/veekeskus.eu\/fi\/wp-json\/wp\/v2\/users\/1"}],"replies":[{"embeddable":true,"href":"https:\/\/veekeskus.eu\/fi\/wp-json\/wp\/v2\/comments?post=1607"}],"version-history":[{"count":2,"href":"https:\/\/veekeskus.eu\/fi\/wp-json\/wp\/v2\/pages\/1607\/revisions"}],"predecessor-version":[{"id":2326,"href":"https:\/\/veekeskus.eu\/fi\/wp-json\/wp\/v2\/pages\/1607\/revisions\/2326"}],"wp:attachment":[{"href":"https:\/\/veekeskus.eu\/fi\/wp-json\/wp\/v2\/media?parent=1607"}],"curies":[{"name":"wp","href":"https:\/\/api.w.org\/{rel}","templated":true}]}}