{"id":1271,"date":"2024-01-15T08:58:45","date_gmt":"2024-01-15T06:58:45","guid":{"rendered":"https:\/\/veekeskus.eu\/veekeskus\/saunakeskus\/"},"modified":"2025-03-25T16:01:45","modified_gmt":"2025-03-25T14:01:45","slug":"saunakeskus","status":"publish","type":"page","link":"https:\/\/veekeskus.eu\/fi\/vesipuisto\/saunakeskus\/","title":{"rendered":"Saunakeskus &#8221;Paradiisi saunad&#8221;"},"content":{"rendered":"\n<h2 class=\"wp-block-heading\"><strong>Maailman saunat samasta paikasta \u2013 paratiiseja Japanista Persiaan ja Suomeen.&nbsp;<\/strong><\/h2>\n\n\n\n<p>Vesipuiston toisessa kerroksessa sijaitseva erillinen saunakeskus &#8221;Paradiisi Saunad&#8221; tarjoaa eri kansojen ja kulttuurien tunnetuimpia saunanautintoja. T\u00e4\u00e4lt\u00e4 l\u00f6yd\u00e4t koko maailman saunat samasta paikasta \u2013 paratiiseja Japanista Persiaan ja Suomeen. Viihtyis\u00e4ss\u00e4 ja monipuolisessa saunakeskuksessa p\u00e4\u00e4set irti arjesta ja voit nautiskella omaan tahtiisi. Vesikeskuksen h\u00e4lin\u00e4 j\u00e4\u00e4 suljettujen ovien taakse, joten voit rentoutua rauhassa yksin tai koko perheen kanssa. &nbsp;<\/p>\n\n\n\n<div style=\"height:60px\" aria-hidden=\"true\" class=\"wp-block-spacer\"><\/div>\n\n\n\n<div class=\"wp-block-columns is-layout-flex wp-container-core-columns-is-layout-9d6595d7 wp-block-columns-is-layout-flex\">\n<div class=\"wp-block-column is-layout-flow wp-block-column-is-layout-flow\" style=\"flex-basis:33.33%\">\n<h3 class=\"wp-block-heading\">Oma rauha<\/h3>\n<\/div>\n\n\n\n<div class=\"wp-block-column is-layout-flow wp-block-column-is-layout-flow\" style=\"flex-basis:66.66%\">\n<p>Saunoihin p\u00e4\u00e4sev\u00e4t vain saunakeskuksen rannekkeen ostaneet asiakkaat. N\u00e4in vesipuiston h\u00e4lin\u00e4 ei p\u00e4\u00e4se h\u00e4iritsem\u00e4\u00e4n saunoissa nautiskelijoita.<\/p>\n<\/div>\n<\/div>\n\n\n\n<div class=\"wp-block-columns is-layout-flex wp-container-core-columns-is-layout-9d6595d7 wp-block-columns-is-layout-flex\">\n<div class=\"wp-block-column is-layout-flow wp-block-column-is-layout-flow\" style=\"flex-basis:33.33%\">\n<h3 class=\"wp-block-heading\">8 el\u00e4myst\u00e4<\/h3>\n<\/div>\n\n\n\n<div class=\"wp-block-column is-layout-flow wp-block-column-is-layout-flow\" style=\"flex-basis:66.66%\">\n<p>Sinua odottavat japanilainen kylpy, aromisauna, h\u00f6yrysauna, suolasauna, sanarium (matalal\u00e4mp\u00f6sauna), avanto, vesiallas ja eritt\u00e4in kuuma l\u00f6ylysauna.<\/p>\n<\/div>\n<\/div>\n\n\n\n<div class=\"wp-block-columns is-layout-flex wp-container-core-columns-is-layout-9d6595d7 wp-block-columns-is-layout-flex\">\n<div class=\"wp-block-column is-layout-flow wp-block-column-is-layout-flow\" style=\"flex-basis:33.33%\">\n<h3 class=\"wp-block-heading\">Koko perhe on tyytyv\u00e4inen<\/h3>\n<\/div>\n\n\n\n<div class=\"wp-block-column is-layout-flow wp-block-column-is-layout-flow\" style=\"flex-basis:66.66%\">\n<p>Vesikeskuksemme tarjoaa jotain koko perheelle. Lapset saavat pit\u00e4\u00e4 hauskaa vesikeskuksessa ja saunakeskuksessa voit rentoutua rauhassa.<\/p>\n<\/div>\n<\/div>\n\n\n\n<div class=\"wp-block-columns is-layout-flex wp-container-core-columns-is-layout-9d6595d7 wp-block-columns-is-layout-flex\">\n<div class=\"wp-block-column is-layout-flow wp-block-column-is-layout-flow\" style=\"flex-basis:33.33%\">\n<h3 class=\"wp-block-heading\">Olympus \/ aromisauna<\/h3>\n<\/div>\n\n\n\n<div class=\"wp-block-column is-layout-flow wp-block-column-is-layout-flow\" style=\"flex-basis:66.66%\">\n<p>Korkealla ulottumattomissa sijaitseva kreikkalaisten jumalien kotipaikka. Meill\u00e4 se tarkoittaa ylellisen olon luovaa aromisaunaa eteerisine \u00f6ljyineen.<\/p>\n<\/div>\n<\/div>\n\n\n\n<div class=\"wp-block-columns is-layout-flex wp-container-core-columns-is-layout-9d6595d7 wp-block-columns-is-layout-flex\">\n<div class=\"wp-block-column is-layout-flow wp-block-column-is-layout-flow\" style=\"flex-basis:33.33%\">\n<h3 class=\"wp-block-heading\">Shambala \/ h\u00f6yrysauna<\/h3>\n<\/div>\n\n\n\n<div class=\"wp-block-column is-layout-flow wp-block-column-is-layout-flow\" style=\"flex-basis:66.66%\">\n<p>Himalajassa pilvien taakse piiloutuva kuningaskunta. Meill\u00e4 se merkitsee rauhallista mielialaa ja sumun taakse k\u00e4tkeytyvi\u00e4 vuorenhuippuja.<\/p>\n<\/div>\n<\/div>\n\n\n\n<div class=\"wp-block-columns is-layout-flex wp-container-core-columns-is-layout-9d6595d7 wp-block-columns-is-layout-flex\">\n<div class=\"wp-block-column is-layout-flow wp-block-column-is-layout-flow\" style=\"flex-basis:33.33%\">\n<h3 class=\"wp-block-heading\">Harem \/ suolasauna<\/h3>\n<\/div>\n\n\n\n<div class=\"wp-block-column is-layout-flow wp-block-column-is-layout-flow\" style=\"flex-basis:66.66%\">\n<p>Persiassa salainen paikka. Meill\u00e4 sit\u00e4 vastoin rauhallinen, mieli\u00e4 hivelev\u00e4 paikka suolan aromien ja valoleikkejen hemmottelussa.<\/p>\n<\/div>\n<\/div>\n\n\n\n<div class=\"wp-block-columns is-layout-flex wp-container-core-columns-is-layout-9d6595d7 wp-block-columns-is-layout-flex\">\n<div class=\"wp-block-column is-layout-flow wp-block-column-is-layout-flow\" style=\"flex-basis:33.33%\">\n<h3 class=\"wp-block-heading\">Elysia \/ sanarium<\/h3>\n<\/div>\n\n\n\n<div class=\"wp-block-column is-layout-flow wp-block-column-is-layout-flow\" style=\"flex-basis:66.66%\">\n<p>Kreikan sankarien ja autuaiden lepopaikka. Meill\u00e4 matalal\u00e4mp\u00f6sauna, jossa voit rentoutua ja nautiskella juuri sopivassa l\u00e4mp\u00f6tilassa.<\/p>\n<\/div>\n<\/div>\n\n\n\n<div class=\"wp-block-columns is-layout-flex wp-container-core-columns-is-layout-9d6595d7 wp-block-columns-is-layout-flex\">\n<div class=\"wp-block-column is-layout-flow wp-block-column-is-layout-flow\" style=\"flex-basis:33.33%\">\n<h3 class=\"wp-block-heading\">Hyperborea \/ l\u00f6ylysauna<\/h3>\n<\/div>\n\n\n\n<div class=\"wp-block-column is-layout-flow wp-block-column-is-layout-flow\" style=\"flex-basis:66.66%\">\n<p>Mytologinen kaukana pohjoisessa sijaitseva maa. Meill\u00e4 se tarkoittaa kuumaa l\u00f6ylysaunaa, joka panee n\u00e4kem\u00e4\u00e4n revontulia ja ik\u00e4v\u00f6im\u00e4\u00e4n lumihankia.<\/p>\n<\/div>\n<\/div>\n\n\n\n<div class=\"wp-block-columns is-layout-flex wp-container-core-columns-is-layout-9d6595d7 wp-block-columns-is-layout-flex\">\n<div class=\"wp-block-column is-layout-flow wp-block-column-is-layout-flow\" style=\"flex-basis:33.33%\">\n<h3 class=\"wp-block-heading\">Tengoku \/ Japanilainen kylpy<\/h3>\n<\/div>\n\n\n\n<div class=\"wp-block-column is-layout-flow wp-block-column-is-layout-flow\" style=\"flex-basis:66.66%\">\n<p>Japanin taivaan takana sijaitseva taivas. Meill\u00e4 se on kuuma kylpy, jossa keho, luut ja sielu l\u00e4mpenev\u00e4t ytimi\u00e4\u00e4n my\u00f6ten.<\/p>\n<\/div>\n<\/div>\n\n\n\n<div class=\"wp-block-columns is-layout-flex wp-container-core-columns-is-layout-9d6595d7 wp-block-columns-is-layout-flex\">\n<div class=\"wp-block-column is-layout-flow wp-block-column-is-layout-flow\" style=\"flex-basis:33.33%\">\n<h3 class=\"wp-block-heading\">Thule \/ kylm\u00e4vesiallas<\/h3>\n<\/div>\n\n\n\n<div class=\"wp-block-column is-layout-flow wp-block-column-is-layout-flow\" style=\"flex-basis:66.66%\">\n<p>Myyttinen saari Skandinaviassa. Meill\u00e4 viile\u00e4 vesinautinto, joka karaistaa kuumista saunoista hehkuvaa kehoa.<\/p>\n<\/div>\n<\/div>\n\n\n\n<div class=\"wp-block-columns is-layout-flex wp-container-core-columns-is-layout-9d6595d7 wp-block-columns-is-layout-flex\">\n<div class=\"wp-block-column is-layout-flow wp-block-column-is-layout-flow\" style=\"flex-basis:33.33%\">\n<h3 class=\"wp-block-heading\">Atlantis \/ vesiallas<\/h3>\n<\/div>\n\n\n\n<div class=\"wp-block-column is-layout-flow wp-block-column-is-layout-flow\" style=\"flex-basis:66.66%\">\n<p>Atlantin valtameren pohjassa lep\u00e4\u00e4v\u00e4 myyttinen vedenalainen kaupunki. Meill\u00e4 se on vesiallas, jossa voit rentoutua ja nauttia hierovista suihkuista.<\/p>\n<\/div>\n<\/div>\n\n\n\n<p>Tutustu hinnaston <a href=\"https:\/\/veekeskus.eu\/fi\/hinnat\/\" target=\"_blank\" rel=\"noreferrer noopener\">t\u00e4ss\u00e4<\/a>.<\/p>\n\n\n\n<div style=\"height:50px\" aria-hidden=\"true\" class=\"wp-block-spacer\"><\/div>\n\n\n<section class=\"teade wow fadeIn parallax\" data-stellar-background-ratio=\"0.4\"><div class=\"bg-charcoal-gray padding-nine-all text-center mt-100\"><h5 class=\"font-weight-600 alt-font text-white\">Saunakeskus Paradiisi Saunad<\/h5><div class=\"text-white text-large\">\n<p>on suljettu huoltoa varten 23.-27.8.2026. <br>Lis\u00e4tietoja huoltop\u00e4ivist\u00e4 saa vesikeskuksen kassalta tai soittamalla numeroon +372 445 1666.<\/p>\n<\/div><\/div><\/section>\n\n\n\n<div style=\"height:50px\" aria-hidden=\"true\" class=\"wp-block-spacer\"><\/div>\n\n\n\n<figure class=\"wp-block-gallery has-nested-images columns-4 wp-block-gallery-1 is-layout-flex wp-block-gallery-is-layout-flex\">\n<figure class=\"wp-block-image size-large\"><a href=\"https:\/\/veekeskus.eu\/wp-content\/uploads\/2024\/01\/770x788-1-2.jpg\" data-lbwps-width=\"770\" data-lbwps-height=\"788\" data-lbwps-srcsmall=\"https:\/\/veekeskus.eu\/wp-content\/uploads\/2024\/01\/770x788-1-2-704x720.jpg\"><img alt=\"\" loading=\"lazy\" decoding=\"async\" width=\"770\" height=\"788\" data-id=\"232\" src=\"https:\/\/veekeskus.eu\/wp-content\/uploads\/2024\/01\/770x788-1-2.jpg\" alt=\"\" class=\"wp-image-232\" srcset=\"https:\/\/veekeskus.eu\/wp-content\/uploads\/2024\/01\/770x788-1-2.jpg 770w, https:\/\/veekeskus.eu\/wp-content\/uploads\/2024\/01\/770x788-1-2-704x720.jpg 704w, https:\/\/veekeskus.eu\/wp-content\/uploads\/2024\/01\/770x788-1-2-768x786.jpg 768w\" sizes=\"auto, (max-width: 770px) 100vw, 770px\" \/><\/a><\/figure>\n\n\n\n<figure class=\"wp-block-image size-large\"><a href=\"https:\/\/veekeskus.eu\/wp-content\/uploads\/2024\/01\/770x788-2-2.jpg\" data-lbwps-width=\"770\" data-lbwps-height=\"788\" data-lbwps-srcsmall=\"https:\/\/veekeskus.eu\/wp-content\/uploads\/2024\/01\/770x788-2-2-704x720.jpg\"><img alt=\"\" loading=\"lazy\" decoding=\"async\" width=\"770\" height=\"788\" data-id=\"233\" src=\"https:\/\/veekeskus.eu\/wp-content\/uploads\/2024\/01\/770x788-2-2.jpg\" alt=\"\" class=\"wp-image-233\" srcset=\"https:\/\/veekeskus.eu\/wp-content\/uploads\/2024\/01\/770x788-2-2.jpg 770w, https:\/\/veekeskus.eu\/wp-content\/uploads\/2024\/01\/770x788-2-2-704x720.jpg 704w, https:\/\/veekeskus.eu\/wp-content\/uploads\/2024\/01\/770x788-2-2-768x786.jpg 768w\" sizes=\"auto, (max-width: 770px) 100vw, 770px\" \/><\/a><\/figure>\n\n\n\n<figure class=\"wp-block-image size-large tall\"><a href=\"https:\/\/veekeskus.eu\/wp-content\/uploads\/2024\/01\/770x1604-1-2.jpg\" data-lbwps-width=\"770\" data-lbwps-height=\"1604\" data-lbwps-srcsmall=\"https:\/\/veekeskus.eu\/wp-content\/uploads\/2024\/01\/770x1604-1-2-346x720.jpg\"><img alt=\"\" loading=\"lazy\" decoding=\"async\" width=\"691\" height=\"1440\" data-id=\"243\" src=\"https:\/\/veekeskus.eu\/wp-content\/uploads\/2024\/01\/770x1604-1-2-691x1440.jpg\" alt=\"\" class=\"wp-image-243\" srcset=\"https:\/\/veekeskus.eu\/wp-content\/uploads\/2024\/01\/770x1604-1-2-691x1440.jpg 691w, https:\/\/veekeskus.eu\/wp-content\/uploads\/2024\/01\/770x1604-1-2-346x720.jpg 346w, https:\/\/veekeskus.eu\/wp-content\/uploads\/2024\/01\/770x1604-1-2-768x1600.jpg 768w, https:\/\/veekeskus.eu\/wp-content\/uploads\/2024\/01\/770x1604-1-2-737x1536.jpg 737w, https:\/\/veekeskus.eu\/wp-content\/uploads\/2024\/01\/770x1604-1-2.jpg 770w\" sizes=\"auto, (max-width: 691px) 100vw, 691px\" \/><\/a><\/figure>\n\n\n\n<figure class=\"wp-block-image size-large\"><a href=\"https:\/\/veekeskus.eu\/wp-content\/uploads\/2024\/01\/770x788-7-3.jpg\" data-lbwps-width=\"770\" data-lbwps-height=\"788\" data-lbwps-srcsmall=\"https:\/\/veekeskus.eu\/wp-content\/uploads\/2024\/01\/770x788-7-3-704x720.jpg\"><img loading=\"lazy\" decoding=\"async\" width=\"770\" height=\"788\" data-id=\"238\" src=\"https:\/\/veekeskus.eu\/wp-content\/uploads\/2024\/01\/770x788-7-3.jpg\" alt=\"saunakeskus\" class=\"wp-image-238\" srcset=\"https:\/\/veekeskus.eu\/wp-content\/uploads\/2024\/01\/770x788-7-3.jpg 770w, https:\/\/veekeskus.eu\/wp-content\/uploads\/2024\/01\/770x788-7-3-704x720.jpg 704w, https:\/\/veekeskus.eu\/wp-content\/uploads\/2024\/01\/770x788-7-3-768x786.jpg 768w\" sizes=\"auto, (max-width: 770px) 100vw, 770px\" \/><\/a><\/figure>\n\n\n\n<figure class=\"wp-block-image size-large\"><a href=\"https:\/\/veekeskus.eu\/wp-content\/uploads\/2024\/01\/770x788-8-3.jpg\" data-lbwps-width=\"770\" data-lbwps-height=\"788\" data-lbwps-srcsmall=\"https:\/\/veekeskus.eu\/wp-content\/uploads\/2024\/01\/770x788-8-3-704x720.jpg\"><img alt=\"\" loading=\"lazy\" decoding=\"async\" width=\"770\" height=\"788\" data-id=\"239\" src=\"https:\/\/veekeskus.eu\/wp-content\/uploads\/2024\/01\/770x788-8-3.jpg\" alt=\"\" class=\"wp-image-239\" srcset=\"https:\/\/veekeskus.eu\/wp-content\/uploads\/2024\/01\/770x788-8-3.jpg 770w, https:\/\/veekeskus.eu\/wp-content\/uploads\/2024\/01\/770x788-8-3-704x720.jpg 704w, https:\/\/veekeskus.eu\/wp-content\/uploads\/2024\/01\/770x788-8-3-768x786.jpg 768w\" sizes=\"auto, (max-width: 770px) 100vw, 770px\" \/><\/a><\/figure>\n\n\n\n<figure class=\"wp-block-image size-large\"><a href=\"https:\/\/veekeskus.eu\/wp-content\/uploads\/2024\/01\/770x788-9-2.jpg\" data-lbwps-width=\"770\" data-lbwps-height=\"788\" data-lbwps-srcsmall=\"https:\/\/veekeskus.eu\/wp-content\/uploads\/2024\/01\/770x788-9-2-704x720.jpg\"><img alt=\"\" loading=\"lazy\" decoding=\"async\" width=\"770\" height=\"788\" data-id=\"240\" src=\"https:\/\/veekeskus.eu\/wp-content\/uploads\/2024\/01\/770x788-9-2.jpg\" alt=\"\" class=\"wp-image-240\" srcset=\"https:\/\/veekeskus.eu\/wp-content\/uploads\/2024\/01\/770x788-9-2.jpg 770w, https:\/\/veekeskus.eu\/wp-content\/uploads\/2024\/01\/770x788-9-2-704x720.jpg 704w, https:\/\/veekeskus.eu\/wp-content\/uploads\/2024\/01\/770x788-9-2-768x786.jpg 768w\" sizes=\"auto, (max-width: 770px) 100vw, 770px\" \/><\/a><\/figure>\n\n\n\n<figure class=\"wp-block-image size-large\"><a href=\"https:\/\/veekeskus.eu\/wp-content\/uploads\/2024\/01\/770x788-10-2.jpg\" data-lbwps-width=\"770\" data-lbwps-height=\"788\" data-lbwps-srcsmall=\"https:\/\/veekeskus.eu\/wp-content\/uploads\/2024\/01\/770x788-10-2-704x720.jpg\"><img alt=\"\" loading=\"lazy\" decoding=\"async\" width=\"770\" height=\"788\" data-id=\"241\" src=\"https:\/\/veekeskus.eu\/wp-content\/uploads\/2024\/01\/770x788-10-2.jpg\" alt=\"\" class=\"wp-image-241\" srcset=\"https:\/\/veekeskus.eu\/wp-content\/uploads\/2024\/01\/770x788-10-2.jpg 770w, https:\/\/veekeskus.eu\/wp-content\/uploads\/2024\/01\/770x788-10-2-704x720.jpg 704w, https:\/\/veekeskus.eu\/wp-content\/uploads\/2024\/01\/770x788-10-2-768x786.jpg 768w\" sizes=\"auto, (max-width: 770px) 100vw, 770px\" \/><\/a><\/figure>\n<\/figure>\n\n\n\n<div style=\"height:100px\" aria-hidden=\"true\" class=\"wp-block-spacer\"><\/div>\n","protected":false},"excerpt":{"rendered":"<p>Maailman saunat samasta paikasta \u2013 paratiiseja Japanista Persiaan ja Suomeen.&nbsp; Vesipuiston toisessa kerroksessa sijaitseva erillinen saunakeskus &#8221;Paradiisi Saunad&#8221; tarjoaa eri kansojen ja kulttuurien tunnetuimpia saunanautintoja. T\u00e4\u00e4lt\u00e4 l\u00f6yd\u00e4t koko maailman saunat samasta paikasta \u2013 paratiiseja Japanista Persiaan ja Suomeen. Viihtyis\u00e4ss\u00e4 ja monipuolisessa saunakeskuksessa p\u00e4\u00e4set irti arjesta ja voit nautiskella omaan tahtiisi. Vesikeskuksen h\u00e4lin\u00e4 j\u00e4\u00e4 suljettujen ovien [&hellip;]<\/p>\n","protected":false},"author":1,"featured_media":851,"parent":1175,"menu_order":0,"comment_status":"closed","ping_status":"closed","template":"","meta":{"_acf_changed":false,"_seopress_robots_primary_cat":"","_seopress_titles_title":"","_seopress_titles_desc":"","_seopress_robots_index":"","_uag_custom_page_level_css":"","footnotes":""},"class_list":["post-1271","page","type-page","status-publish","has-post-thumbnail","hentry"],"acf":[],"uagb_featured_image_src":{"full":["https:\/\/veekeskus.eu\/wp-content\/uploads\/2024\/01\/saunakeskus.jpg",1920,982,false],"thumbnail":["https:\/\/veekeskus.eu\/wp-content\/uploads\/2024\/01\/saunakeskus-320x320.jpg",320,320,true],"medium":["https:\/\/veekeskus.eu\/wp-content\/uploads\/2024\/01\/saunakeskus-720x368.jpg",720,368,true],"medium_large":["https:\/\/veekeskus.eu\/wp-content\/uploads\/2024\/01\/saunakeskus-768x393.jpg",768,393,true],"large":["https:\/\/veekeskus.eu\/wp-content\/uploads\/2024\/01\/saunakeskus-1440x737.jpg",1440,737,true],"1536x1536":["https:\/\/veekeskus.eu\/wp-content\/uploads\/2024\/01\/saunakeskus-1536x786.jpg",1536,786,true],"2048x2048":["https:\/\/veekeskus.eu\/wp-content\/uploads\/2024\/01\/saunakeskus.jpg",1920,982,false],"gform-image-choice-sm":["https:\/\/veekeskus.eu\/wp-content\/uploads\/2024\/01\/saunakeskus.jpg",300,153,false],"gform-image-choice-md":["https:\/\/veekeskus.eu\/wp-content\/uploads\/2024\/01\/saunakeskus.jpg",400,205,false],"gform-image-choice-lg":["https:\/\/veekeskus.eu\/wp-content\/uploads\/2024\/01\/saunakeskus.jpg",600,307,false]},"uagb_author_info":{"display_name":"paradiis","author_link":"https:\/\/veekeskus.eu\/fi\/author\/paradiis\/"},"uagb_comment_info":0,"uagb_excerpt":"Maailman saunat samasta paikasta \u2013 paratiiseja Japanista Persiaan ja Suomeen.&nbsp; Vesipuiston toisessa kerroksessa sijaitseva erillinen saunakeskus &#8221;Paradiisi Saunad&#8221; tarjoaa eri kansojen ja kulttuurien tunnetuimpia saunanautintoja. T\u00e4\u00e4lt\u00e4 l\u00f6yd\u00e4t koko maailman saunat samasta paikasta \u2013 paratiiseja Japanista Persiaan ja Suomeen. Viihtyis\u00e4ss\u00e4 ja monipuolisessa saunakeskuksessa p\u00e4\u00e4set irti arjesta ja voit nautiskella omaan tahtiisi. Vesikeskuksen h\u00e4lin\u00e4 j\u00e4\u00e4 suljettujen ovien&hellip;","publishpress_future_action":{"enabled":false,"date":"2026-04-14 13:56:53","action":"change-status","newStatus":"draft","terms":[],"taxonomy":"translation_priority","extraData":[]},"publishpress_future_workflow_manual_trigger":{"enabledWorkflows":[]},"_links":{"self":[{"href":"https:\/\/veekeskus.eu\/fi\/wp-json\/wp\/v2\/pages\/1271","targetHints":{"allow":["GET"]}}],"collection":[{"href":"https:\/\/veekeskus.eu\/fi\/wp-json\/wp\/v2\/pages"}],"about":[{"href":"https:\/\/veekeskus.eu\/fi\/wp-json\/wp\/v2\/types\/page"}],"author":[{"embeddable":true,"href":"https:\/\/veekeskus.eu\/fi\/wp-json\/wp\/v2\/users\/1"}],"replies":[{"embeddable":true,"href":"https:\/\/veekeskus.eu\/fi\/wp-json\/wp\/v2\/comments?post=1271"}],"version-history":[{"count":6,"href":"https:\/\/veekeskus.eu\/fi\/wp-json\/wp\/v2\/pages\/1271\/revisions"}],"predecessor-version":[{"id":3105,"href":"https:\/\/veekeskus.eu\/fi\/wp-json\/wp\/v2\/pages\/1271\/revisions\/3105"}],"up":[{"embeddable":true,"href":"https:\/\/veekeskus.eu\/fi\/wp-json\/wp\/v2\/pages\/1175"}],"wp:featuredmedia":[{"embeddable":true,"href":"https:\/\/veekeskus.eu\/fi\/wp-json\/wp\/v2\/media\/851"}],"wp:attachment":[{"href":"https:\/\/veekeskus.eu\/fi\/wp-json\/wp\/v2\/media?parent=1271"}],"curies":[{"name":"wp","href":"https:\/\/api.w.org\/{rel}","templated":true}]}}