{"id":1264,"date":"2024-01-15T08:37:43","date_gmt":"2024-01-15T06:37:43","guid":{"rendered":"https:\/\/veekeskus.eu\/sport\/"},"modified":"2026-04-14T13:10:37","modified_gmt":"2026-04-14T10:10:37","slug":"urheilu","status":"publish","type":"page","link":"https:\/\/veekeskus.eu\/fi\/urheilu\/","title":{"rendered":"Urheilu"},"content":{"rendered":"\n<h2 class=\"wp-block-heading\">Keilailu ja biljardi<\/h2>\n\n\n\n<p>Tervise Paradiisin pohjakerroksessa sijaitsee 6-ratainen keilahalli, joka sopii mainiosti syntym\u00e4p\u00e4ivien, juhlien, yritystilaisuuksien ja turnausten j\u00e4rjest\u00e4miseen.<\/p>\n\n\n\n<p>Keilailu on mukavaa ja aktiivista ajanvietett\u00e4.<\/p>\n\n\n\n<p>Pallon vieritt\u00e4misen lis\u00e4ksi voit nauttia herkullisia pikkupurtavia ja virkist\u00e4vi\u00e4 juomia. Tutustu keilabaarin menu <a href=\"https:\/\/terviseparadiis.ee\/fi\/tarjottimet\/\" target=\"_blank\" rel=\"noreferrer noopener\">t\u00e4\u00e4lt\u00e4<\/a>.<\/p>\n\n\n\n<p>Olemme koonneet keilailusyntym\u00e4p\u00e4iv\u00e4paketteja lapsille. Tutustu lasten syntym\u00e4p\u00e4iv\u00e4paketteihin <a href=\"https:\/\/veekeskus.eu\/fi\/syntymapaivapaketit\/\" target=\"_blank\" rel=\"noreferrer noopener\">t\u00e4\u00e4lt\u00e4.<\/a><\/p>\n\n\n\n<div style=\"height:50px\" aria-hidden=\"true\" class=\"wp-block-spacer\"><\/div>\n\n\n\n<h6 class=\"wp-block-heading\">Biljardi \u2013 mukavaa ajanviettoa perheen ja yst\u00e4vien kanssa<\/h6>\n\n\n\n<p>Kodikas ja yksityinen biljardihuone sijaitsee Tervise Paradiisin pohjakerroksessa, keilahallin vieress\u00e4.<\/p>\n\n\n\n<p>Keilauksen ja biljardin hinnaston l\u00f6yd\u00e4t <a href=\"https:\/\/veekeskus.eu\/fi\/hinnat\/\" data-type=\"link\" data-id=\"https:\/\/veekeskus.eu\/fi\/hinnat\/\" target=\"_blank\" rel=\"noreferrer noopener\">t\u00e4\u00e4lt\u00e4<\/a><\/p>\n\n\n\n<p>Lis\u00e4tietoja ja keilailun ja biljardin varaaminen puhelimitse +372 445 1616.<\/p>\n\n\n<section class=\"teade wow fadeIn parallax\" data-stellar-background-ratio=\"0.4\"><div class=\"bg-deep-pink padding-nine-all text-center mt-100\"><h5 class=\"font-weight-600 alt-font text-white\">Keilaratojen\u00a0huoltp\u00e4iv\u00e4<\/h5><div class=\"text-white text-large\">\n<p>on joka kuukauden toinen keskkiviikko. Keilarajat avataan klo 19:00.<\/p>\n\n\n\n<p><\/p>\n<\/div><\/div><\/section>\n\n\n\n<figure class=\"wp-block-gallery has-nested-images columns-default is-cropped wp-block-gallery-1 is-layout-flex wp-block-gallery-is-layout-flex\">\n<figure class=\"wp-block-image size-large\"><img alt=\"\" loading=\"lazy\" decoding=\"async\" width=\"770\" height=\"788\" data-id=\"173\" src=\"https:\/\/veekeskus.eu\/wp-content\/uploads\/2024\/01\/770x788-10-1.jpg\" alt=\"\" class=\"wp-image-173\" srcset=\"https:\/\/veekeskus.eu\/wp-content\/uploads\/2024\/01\/770x788-10-1.jpg 770w, https:\/\/veekeskus.eu\/wp-content\/uploads\/2024\/01\/770x788-10-1-704x720.jpg 704w, https:\/\/veekeskus.eu\/wp-content\/uploads\/2024\/01\/770x788-10-1-768x786.jpg 768w\" sizes=\"auto, (max-width: 770px) 100vw, 770px\" \/><\/figure>\n\n\n\n<figure class=\"wp-block-image size-large\"><img alt=\"\" loading=\"lazy\" decoding=\"async\" width=\"770\" height=\"788\" data-id=\"172\" src=\"https:\/\/veekeskus.eu\/wp-content\/uploads\/2024\/01\/770x788-9-1.jpg\" alt=\"\" class=\"wp-image-172\" srcset=\"https:\/\/veekeskus.eu\/wp-content\/uploads\/2024\/01\/770x788-9-1.jpg 770w, https:\/\/veekeskus.eu\/wp-content\/uploads\/2024\/01\/770x788-9-1-704x720.jpg 704w, https:\/\/veekeskus.eu\/wp-content\/uploads\/2024\/01\/770x788-9-1-768x786.jpg 768w\" sizes=\"auto, (max-width: 770px) 100vw, 770px\" \/><\/figure>\n\n\n\n<figure class=\"wp-block-image size-large\"><img alt=\"\" loading=\"lazy\" decoding=\"async\" width=\"770\" height=\"788\" data-id=\"170\" src=\"https:\/\/veekeskus.eu\/wp-content\/uploads\/2024\/01\/770x788-7-1.jpg\" alt=\"\" class=\"wp-image-170\" srcset=\"https:\/\/veekeskus.eu\/wp-content\/uploads\/2024\/01\/770x788-7-1.jpg 770w, https:\/\/veekeskus.eu\/wp-content\/uploads\/2024\/01\/770x788-7-1-704x720.jpg 704w, https:\/\/veekeskus.eu\/wp-content\/uploads\/2024\/01\/770x788-7-1-768x786.jpg 768w\" sizes=\"auto, (max-width: 770px) 100vw, 770px\" \/><\/figure>\n\n\n\n<figure class=\"wp-block-image size-large\"><img loading=\"lazy\" decoding=\"async\" width=\"770\" height=\"788\" data-id=\"171\" src=\"https:\/\/veekeskus.eu\/wp-content\/uploads\/2024\/01\/770x788-8-1.jpg\" alt=\"urheilu\" class=\"wp-image-171\" srcset=\"https:\/\/veekeskus.eu\/wp-content\/uploads\/2024\/01\/770x788-8-1.jpg 770w, https:\/\/veekeskus.eu\/wp-content\/uploads\/2024\/01\/770x788-8-1-704x720.jpg 704w, https:\/\/veekeskus.eu\/wp-content\/uploads\/2024\/01\/770x788-8-1-768x786.jpg 768w\" sizes=\"auto, (max-width: 770px) 100vw, 770px\" \/><\/figure>\n<\/figure>\n\n\n\n<div style=\"height:50px\" aria-hidden=\"true\" class=\"wp-block-spacer\"><\/div>\n\n\n\n<h2 class=\"wp-block-heading\">Uimahalli<\/h2>\n\n\n\n<p>T<strong>Tervise Paradiisin uimahalli sijaitsee 1. kerroksessa. 25 metrin altaassa on nelj\u00e4 rataa. Uimahallissa on sek\u00e4 naisten ett\u00e4 miesten saunaosastot.<\/strong><\/p>\n\n\n\n<p>Uimisen lis\u00e4ksi voit osallistua my\u00f6s ryhm\u00e4tunneille &#8211; vesiaerobiciin, vesijuoksuun, AquaLatino, VesilaudHiit ja AquaCombat.ym.<\/p>\n\n\n\n<p>Uima-altaan syvyys on 1,35 m-1,55 m.<\/p>\n\n\n\n<p>Uimahallin hinnaston l\u00f6yd\u00e4t <a href=\"https:\/\/veekeskus.eu\/fi\/hinnat\/\" data-type=\"link\" data-id=\"https:\/\/veekeskus.eu\/fi\/hinnat\/\" target=\"_blank\" rel=\"noreferrer noopener\">t\u00e4\u00e4lt\u00e4<\/a><\/p>\n\n\n<section class=\"teade wow fadeIn parallax\" data-stellar-background-ratio=\"0.4\"><div class=\"bg-deep-pink padding-nine-all text-center mt-100\"><h5 class=\"font-weight-600 alt-font text-white\">Tervise Paradiisin uima-allas<\/h5><div class=\"text-white text-large\">\n<p>on suljettu huoltoa varten 23. &#8211; 27.8.2026.<\/p>\n<\/div><\/div><\/section>\n\n\n\n<figure class=\"wp-block-gallery has-nested-images columns-4 wp-block-gallery-2 is-layout-flex wp-block-gallery-is-layout-flex\">\n<figure class=\"wp-block-image size-full\"><a href=\"https:\/\/veekeskus.eu\/wp-content\/uploads\/2024\/03\/Tervise-Paradiis-ujula-swimming-pool.jpg\" data-lbwps-width=\"770\" data-lbwps-height=\"788\" data-lbwps-srcsmall=\"https:\/\/veekeskus.eu\/wp-content\/uploads\/2024\/03\/Tervise-Paradiis-ujula-swimming-pool-704x720.jpg\"><img alt=\"\" loading=\"lazy\" decoding=\"async\" width=\"770\" height=\"788\" data-id=\"610\" src=\"https:\/\/veekeskus.eu\/wp-content\/uploads\/2024\/03\/Tervise-Paradiis-ujula-swimming-pool.jpg\" alt=\"\" class=\"wp-image-610\" srcset=\"https:\/\/veekeskus.eu\/wp-content\/uploads\/2024\/03\/Tervise-Paradiis-ujula-swimming-pool.jpg 770w, https:\/\/veekeskus.eu\/wp-content\/uploads\/2024\/03\/Tervise-Paradiis-ujula-swimming-pool-704x720.jpg 704w, https:\/\/veekeskus.eu\/wp-content\/uploads\/2024\/03\/Tervise-Paradiis-ujula-swimming-pool-768x786.jpg 768w\" sizes=\"auto, (max-width: 770px) 100vw, 770px\" \/><\/a><\/figure>\n\n\n\n<figure class=\"wp-block-image size-full\"><a href=\"https:\/\/veekeskus.eu\/wp-content\/uploads\/2024\/03\/Tervise-Paradiis-ujula.jpg\" data-lbwps-width=\"770\" data-lbwps-height=\"788\" data-lbwps-srcsmall=\"https:\/\/veekeskus.eu\/wp-content\/uploads\/2024\/03\/Tervise-Paradiis-ujula-704x720.jpg\"><img alt=\"\" loading=\"lazy\" decoding=\"async\" width=\"770\" height=\"788\" data-id=\"627\" src=\"https:\/\/veekeskus.eu\/wp-content\/uploads\/2024\/03\/Tervise-Paradiis-ujula.jpg\" alt=\"\" class=\"wp-image-627\" srcset=\"https:\/\/veekeskus.eu\/wp-content\/uploads\/2024\/03\/Tervise-Paradiis-ujula.jpg 770w, https:\/\/veekeskus.eu\/wp-content\/uploads\/2024\/03\/Tervise-Paradiis-ujula-704x720.jpg 704w, https:\/\/veekeskus.eu\/wp-content\/uploads\/2024\/03\/Tervise-Paradiis-ujula-768x786.jpg 768w\" sizes=\"auto, (max-width: 770px) 100vw, 770px\" \/><\/a><\/figure>\n\n\n\n<figure class=\"wp-block-image size-large\"><a href=\"https:\/\/veekeskus.eu\/wp-content\/uploads\/2024\/01\/770x788-3.jpg\" data-lbwps-width=\"770\" data-lbwps-height=\"788\" data-lbwps-srcsmall=\"https:\/\/veekeskus.eu\/wp-content\/uploads\/2024\/01\/770x788-3-704x720.jpg\"><img alt=\"\" loading=\"lazy\" decoding=\"async\" width=\"770\" height=\"788\" data-id=\"213\" src=\"https:\/\/veekeskus.eu\/wp-content\/uploads\/2024\/01\/770x788-3.jpg\" alt=\"\" class=\"wp-image-213\" srcset=\"https:\/\/veekeskus.eu\/wp-content\/uploads\/2024\/01\/770x788-3.jpg 770w, https:\/\/veekeskus.eu\/wp-content\/uploads\/2024\/01\/770x788-3-704x720.jpg 704w, https:\/\/veekeskus.eu\/wp-content\/uploads\/2024\/01\/770x788-3-768x786.jpg 768w\" sizes=\"auto, (max-width: 770px) 100vw, 770px\" \/><\/a><\/figure>\n\n\n\n<figure class=\"wp-block-image size-full\"><a href=\"https:\/\/veekeskus.eu\/wp-content\/uploads\/2024\/03\/ujuja.jpg\" data-lbwps-width=\"770\" data-lbwps-height=\"788\" data-lbwps-srcsmall=\"https:\/\/veekeskus.eu\/wp-content\/uploads\/2024\/03\/ujuja-704x720.jpg\"><img alt=\"\" loading=\"lazy\" decoding=\"async\" width=\"770\" height=\"788\" data-id=\"633\" src=\"https:\/\/veekeskus.eu\/wp-content\/uploads\/2024\/03\/ujuja.jpg\" alt=\"\" class=\"wp-image-633\" srcset=\"https:\/\/veekeskus.eu\/wp-content\/uploads\/2024\/03\/ujuja.jpg 770w, https:\/\/veekeskus.eu\/wp-content\/uploads\/2024\/03\/ujuja-704x720.jpg 704w, https:\/\/veekeskus.eu\/wp-content\/uploads\/2024\/03\/ujuja-768x786.jpg 768w\" sizes=\"auto, (max-width: 770px) 100vw, 770px\" \/><\/a><\/figure>\n<\/figure>\n\n\n\n<div style=\"height:50px\" aria-hidden=\"true\" class=\"wp-block-spacer\"><\/div>\n\n\n\n<h2 class=\"wp-block-heading\">Kuntosali<\/h2>\n\n\n\n<p>Avara kuntosali on avoinna joka p\u00e4iv\u00e4. Voit halutessasi teett\u00e4\u00e4 itsellesi henkil\u00f6kohtaisen harjoitusohjelman personal trainerin avustuksella. Kuntosalilla j\u00e4rjestet\u00e4\u00e4n my\u00f6s ryhm\u00e4tunteja. Gym80- ja Technogym-laitteilla varustetulla salilla my\u00f6s tottumaton k\u00e4vij\u00e4 tuntee olonsa miellytt\u00e4v\u00e4ksi ja p\u00e4\u00e4see kiinni harjoitteluun. Laitteet ovat turvallisia ja helppok\u00e4ytt\u00f6isi\u00e4. Hyvi\u00e4 kuntosalitapoja noudattamalla takaat itsellesi miellytt\u00e4v\u00e4n kuntoiluel\u00e4myksen.<\/p>\n\n\n\n<p>Kuntosalin hinnaston l\u00f6yd\u00e4t <a href=\"https:\/\/veekeskus.eu\/fi\/hinnat\/\" data-type=\"link\" data-id=\"https:\/\/veekeskus.eu\/fi\/hinnat\/\" target=\"_blank\" rel=\"noreferrer noopener\">t\u00e4\u00e4lt\u00e4<\/a>.<\/p>\n\n\n\n<p>Lis\u00e4tietoja ja ryhm\u00e4tuntejan varaaminen puhelimitse +372 445 1666.<\/p>\n\n\n\n<figure class=\"wp-block-gallery has-nested-images columns-default wp-block-gallery-3 is-layout-flex wp-block-gallery-is-layout-flex\">\n<figure class=\"wp-block-image size-full\"><a href=\"https:\/\/veekeskus.eu\/wp-content\/uploads\/2024\/01\/770x788-11.jpg\" data-lbwps-width=\"770\" data-lbwps-height=\"788\" data-lbwps-srcsmall=\"https:\/\/veekeskus.eu\/wp-content\/uploads\/2024\/01\/770x788-11-704x720.jpg\"><img alt=\"\" loading=\"lazy\" decoding=\"async\" width=\"770\" height=\"788\" data-id=\"219\" src=\"https:\/\/veekeskus.eu\/wp-content\/uploads\/2024\/01\/770x788-11.jpg\" alt=\"\" class=\"wp-image-219\" srcset=\"https:\/\/veekeskus.eu\/wp-content\/uploads\/2024\/01\/770x788-11.jpg 770w, https:\/\/veekeskus.eu\/wp-content\/uploads\/2024\/01\/770x788-11-704x720.jpg 704w, https:\/\/veekeskus.eu\/wp-content\/uploads\/2024\/01\/770x788-11-768x786.jpg 768w\" sizes=\"auto, (max-width: 770px) 100vw, 770px\" \/><\/a><\/figure>\n\n\n\n<figure class=\"wp-block-image size-full\"><a href=\"https:\/\/veekeskus.eu\/wp-content\/uploads\/2024\/01\/770x788-5.jpg\" data-lbwps-width=\"770\" data-lbwps-height=\"788\" data-lbwps-srcsmall=\"https:\/\/veekeskus.eu\/wp-content\/uploads\/2024\/01\/770x788-5-704x720.jpg\"><img alt=\"\" loading=\"lazy\" decoding=\"async\" width=\"770\" height=\"788\" data-id=\"215\" src=\"https:\/\/veekeskus.eu\/wp-content\/uploads\/2024\/01\/770x788-5.jpg\" alt=\"\" class=\"wp-image-215\" srcset=\"https:\/\/veekeskus.eu\/wp-content\/uploads\/2024\/01\/770x788-5.jpg 770w, https:\/\/veekeskus.eu\/wp-content\/uploads\/2024\/01\/770x788-5-704x720.jpg 704w, https:\/\/veekeskus.eu\/wp-content\/uploads\/2024\/01\/770x788-5-768x786.jpg 768w\" sizes=\"auto, (max-width: 770px) 100vw, 770px\" \/><\/a><\/figure>\n\n\n\n<figure class=\"wp-block-image size-large\"><a href=\"https:\/\/veekeskus.eu\/wp-content\/uploads\/2024\/01\/770x788-8-2.jpg\" data-lbwps-width=\"770\" data-lbwps-height=\"788\" data-lbwps-srcsmall=\"https:\/\/veekeskus.eu\/wp-content\/uploads\/2024\/01\/770x788-8-2-704x720.jpg\"><img alt=\"\" loading=\"lazy\" decoding=\"async\" width=\"770\" height=\"788\" data-id=\"218\" src=\"https:\/\/veekeskus.eu\/wp-content\/uploads\/2024\/01\/770x788-8-2.jpg\" alt=\"\" class=\"wp-image-218\" srcset=\"https:\/\/veekeskus.eu\/wp-content\/uploads\/2024\/01\/770x788-8-2.jpg 770w, https:\/\/veekeskus.eu\/wp-content\/uploads\/2024\/01\/770x788-8-2-704x720.jpg 704w, https:\/\/veekeskus.eu\/wp-content\/uploads\/2024\/01\/770x788-8-2-768x786.jpg 768w\" sizes=\"auto, (max-width: 770px) 100vw, 770px\" \/><\/a><\/figure>\n\n\n\n<figure class=\"wp-block-image size-large\"><a href=\"https:\/\/veekeskus.eu\/wp-content\/uploads\/2024\/01\/770x788-7-2.jpg\" data-lbwps-width=\"770\" data-lbwps-height=\"788\" data-lbwps-srcsmall=\"https:\/\/veekeskus.eu\/wp-content\/uploads\/2024\/01\/770x788-7-2-704x720.jpg\"><img alt=\"\" loading=\"lazy\" decoding=\"async\" width=\"770\" height=\"788\" data-id=\"217\" src=\"https:\/\/veekeskus.eu\/wp-content\/uploads\/2024\/01\/770x788-7-2.jpg\" alt=\"\" class=\"wp-image-217\" srcset=\"https:\/\/veekeskus.eu\/wp-content\/uploads\/2024\/01\/770x788-7-2.jpg 770w, https:\/\/veekeskus.eu\/wp-content\/uploads\/2024\/01\/770x788-7-2-704x720.jpg 704w, https:\/\/veekeskus.eu\/wp-content\/uploads\/2024\/01\/770x788-7-2-768x786.jpg 768w\" sizes=\"auto, (max-width: 770px) 100vw, 770px\" \/><\/a><\/figure>\n<\/figure>\n\n\n\n<div style=\"height:50px\" aria-hidden=\"true\" class=\"wp-block-spacer\"><\/div>\n","protected":false},"excerpt":{"rendered":"<p>Keilailu ja biljardi Tervise Paradiisin pohjakerroksessa sijaitsee 6-ratainen keilahalli, joka sopii mainiosti syntym\u00e4p\u00e4ivien, juhlien, yritystilaisuuksien ja turnausten j\u00e4rjest\u00e4miseen. Keilailu on mukavaa ja aktiivista ajanvietett\u00e4. Pallon vieritt\u00e4misen lis\u00e4ksi voit nauttia herkullisia pikkupurtavia ja virkist\u00e4vi\u00e4 juomia. Tutustu keilabaarin menu t\u00e4\u00e4lt\u00e4. Olemme koonneet keilailusyntym\u00e4p\u00e4iv\u00e4paketteja lapsille. Tutustu lasten syntym\u00e4p\u00e4iv\u00e4paketteihin t\u00e4\u00e4lt\u00e4. Biljardi \u2013 mukavaa ajanviettoa perheen ja yst\u00e4vien kanssa Kodikas [&hellip;]<\/p>\n","protected":false},"author":1,"featured_media":847,"parent":0,"menu_order":0,"comment_status":"closed","ping_status":"closed","template":"","meta":{"_acf_changed":false,"_seopress_robots_primary_cat":"","_seopress_titles_title":"","_seopress_titles_desc":"Urheilu - Tervise Paradiisin pohjakerroksessa sijaitsee 6-ratainen keilahalli","_seopress_robots_index":"","_uag_custom_page_level_css":"","footnotes":""},"class_list":["post-1264","page","type-page","status-publish","has-post-thumbnail","hentry"],"acf":[],"uagb_featured_image_src":{"full":["https:\/\/veekeskus.eu\/wp-content\/uploads\/2024\/01\/sport.jpg",1920,982,false],"thumbnail":["https:\/\/veekeskus.eu\/wp-content\/uploads\/2024\/01\/sport-320x320.jpg",320,320,true],"medium":["https:\/\/veekeskus.eu\/wp-content\/uploads\/2024\/01\/sport-720x368.jpg",720,368,true],"medium_large":["https:\/\/veekeskus.eu\/wp-content\/uploads\/2024\/01\/sport-768x393.jpg",768,393,true],"large":["https:\/\/veekeskus.eu\/wp-content\/uploads\/2024\/01\/sport-1440x737.jpg",1440,737,true],"1536x1536":["https:\/\/veekeskus.eu\/wp-content\/uploads\/2024\/01\/sport-1536x786.jpg",1536,786,true],"2048x2048":["https:\/\/veekeskus.eu\/wp-content\/uploads\/2024\/01\/sport.jpg",1920,982,false],"gform-image-choice-sm":["https:\/\/veekeskus.eu\/wp-content\/uploads\/2024\/01\/sport.jpg",300,153,false],"gform-image-choice-md":["https:\/\/veekeskus.eu\/wp-content\/uploads\/2024\/01\/sport.jpg",400,205,false],"gform-image-choice-lg":["https:\/\/veekeskus.eu\/wp-content\/uploads\/2024\/01\/sport.jpg",600,307,false]},"uagb_author_info":{"display_name":"paradiis","author_link":"https:\/\/veekeskus.eu\/fi\/author\/paradiis\/"},"uagb_comment_info":0,"uagb_excerpt":"Keilailu ja biljardi Tervise Paradiisin pohjakerroksessa sijaitsee 6-ratainen keilahalli, joka sopii mainiosti syntym\u00e4p\u00e4ivien, juhlien, yritystilaisuuksien ja turnausten j\u00e4rjest\u00e4miseen. Keilailu on mukavaa ja aktiivista ajanvietett\u00e4. Pallon vieritt\u00e4misen lis\u00e4ksi voit nauttia herkullisia pikkupurtavia ja virkist\u00e4vi\u00e4 juomia. Tutustu keilabaarin menu t\u00e4\u00e4lt\u00e4. Olemme koonneet keilailusyntym\u00e4p\u00e4iv\u00e4paketteja lapsille. Tutustu lasten syntym\u00e4p\u00e4iv\u00e4paketteihin t\u00e4\u00e4lt\u00e4. Biljardi \u2013 mukavaa ajanviettoa perheen ja yst\u00e4vien kanssa Kodikas&hellip;","publishpress_future_action":{"enabled":false,"date":"2026-05-07 03:46:08","action":"change-status","newStatus":"draft","terms":[],"taxonomy":"translation_priority","extraData":[]},"publishpress_future_workflow_manual_trigger":{"enabledWorkflows":[]},"_links":{"self":[{"href":"https:\/\/veekeskus.eu\/fi\/wp-json\/wp\/v2\/pages\/1264","targetHints":{"allow":["GET"]}}],"collection":[{"href":"https:\/\/veekeskus.eu\/fi\/wp-json\/wp\/v2\/pages"}],"about":[{"href":"https:\/\/veekeskus.eu\/fi\/wp-json\/wp\/v2\/types\/page"}],"author":[{"embeddable":true,"href":"https:\/\/veekeskus.eu\/fi\/wp-json\/wp\/v2\/users\/1"}],"replies":[{"embeddable":true,"href":"https:\/\/veekeskus.eu\/fi\/wp-json\/wp\/v2\/comments?post=1264"}],"version-history":[{"count":10,"href":"https:\/\/veekeskus.eu\/fi\/wp-json\/wp\/v2\/pages\/1264\/revisions"}],"predecessor-version":[{"id":3888,"href":"https:\/\/veekeskus.eu\/fi\/wp-json\/wp\/v2\/pages\/1264\/revisions\/3888"}],"wp:featuredmedia":[{"embeddable":true,"href":"https:\/\/veekeskus.eu\/fi\/wp-json\/wp\/v2\/media\/847"}],"wp:attachment":[{"href":"https:\/\/veekeskus.eu\/fi\/wp-json\/wp\/v2\/media?parent=1264"}],"curies":[{"name":"wp","href":"https:\/\/api.w.org\/{rel}","templated":true}]}}