{"id":1189,"date":"2024-01-15T08:37:23","date_gmt":"2024-01-15T06:37:23","guid":{"rendered":"https:\/\/veekeskus.eu\/hinnad\/"},"modified":"2026-03-31T16:38:15","modified_gmt":"2026-03-31T13:38:15","slug":"hinnat","status":"publish","type":"page","link":"https:\/\/veekeskus.eu\/fi\/hinnat\/","title":{"rendered":"Hinnat"},"content":{"rendered":"\n<h2 class=\"wp-block-heading\"><\/h2>\n\n\n\n<div class=\"wp-block-uagb-tabs uagb-block-d26a0608 uagb-tabs__wrap uagb-tabs__hstyle2-desktop uagb-tabs__vstyle6-tablet uagb-tabs__stack1-mobile\" data-tab-active=\"0\"><ul class=\"uagb-tabs__panel uagb-tabs__align-center\" role=\"tablist\"><li class=\"uagb-tab uagb-tabs__active\" role=\"none\"><a href=\"#uagb-tabs__tab0\" class=\"uagb-tabs-list uagb-tabs__icon-position-left\" data-tab=\"0\" role=\"tab\"><div>Vesipuisto<\/div><\/a><\/li><li class=\"uagb-tab \" role=\"none\"><a href=\"#uagb-tabs__tab1\" class=\"uagb-tabs-list uagb-tabs__icon-position-left\" data-tab=\"1\" role=\"tab\"><div>Urheilu<\/div><\/a><\/li><li class=\"uagb-tab \" role=\"none\"><a href=\"#uagb-tabs__tab2\" class=\"uagb-tabs-list uagb-tabs__icon-position-left\" data-tab=\"2\" role=\"tab\"><div>Keilaus ja biljardi<\/div><\/a><\/li><li class=\"uagb-tab \" role=\"none\"><a href=\"#uagb-tabs__tab3\" class=\"uagb-tabs-list uagb-tabs__icon-position-left\" data-tab=\"3\" role=\"tab\"><div>Lasten syntym\u00e4p\u00e4iv\u00e4<\/div><\/a><\/li><\/ul><div class=\"uagb-tabs__body-wrap\">\n<div class=\"wp-block-uagb-tabs-child uagb-tabs__body-container uagb-inner-tab-0\" aria-labelledby=\"uagb-tabs__tab0\">\n<h2 class=\"wp-block-heading\">Vesipuiston hinnasto<\/h2>\n\n\n\n<p><strong>P\u00e4\u00e4sylipun ostamalla vahvistat, ett\u00e4 olet perehtynyt <a href=\"https:\/\/veekeskus.eu\/fi\/vesipuiston-asiakkaan-ohjeet-ja-saannot\/\" target=\"_blank\" rel=\"noreferrer noopener\">vesipuiston s\u00e4\u00e4nt\u00f6ihin<\/a> ja sitoudut noudattamaan niit\u00e4.<\/strong><br>HUOM! Muistathan tutustua vesipuiston <a href=\"https:\/\/veekeskus.eu\/fi\/aukioloajat\/\" target=\"_blank\" rel=\"noreferrer noopener\">aukioloaikoihin<\/a>.<\/p>\n\n\n\n<div style=\"height:30px\" aria-hidden=\"true\" class=\"wp-block-spacer\"><\/div>\n\n\n\n<figure class=\"wp-block-table is-style-stripes\"><table><thead><tr><th class=\"has-text-align-left\" data-align=\"left\"><strong>3 TUNNIN LIPPU<\/strong><br><strong><strong><strong><strong><strong>05.01-31.05.2026 ja 01.09.2026-03.01.2027<\/strong><\/strong><\/strong><\/strong><\/strong><\/th><th class=\"has-text-align-center\" data-align=\"center\"><strong>Aikuinen<\/strong><\/th><th class=\"has-text-align-center\" data-align=\"center\"><strong>Alennuslippu<br>4 &#8211; 6 vuot.<br>(6 mm)<\/strong><\/th><th class=\"has-text-align-center\" data-align=\"center\"><strong>Alennuslippu<\/strong><\/th><th class=\"has-text-align-center\" data-align=\"center\"><strong>Perhelippu<\/strong><\/th><\/tr><\/thead><tbody><tr><td class=\"has-text-align-left\" data-align=\"left\"><strong>Ma-To<\/strong><\/td><td class=\"has-text-align-center\" data-align=\"center\"><\/td><td class=\"has-text-align-center\" data-align=\"center\"><\/td><td class=\"has-text-align-center\" data-align=\"center\"><\/td><td class=\"has-text-align-center\" data-align=\"center\"><\/td><\/tr><tr><td class=\"has-text-align-left\" data-align=\"left\">vesipuisto<\/td><td class=\"has-text-align-center\" data-align=\"center\">22 \u20ac<\/td><td class=\"has-text-align-center\" data-align=\"center\">5 \u20ac<\/td><td class=\"has-text-align-center\" data-align=\"center\">18 \u20ac<\/td><td class=\"has-text-align-center\" data-align=\"center\">60 \u20ac<\/td><\/tr><tr><td class=\"has-text-align-left\" data-align=\"left\">vesipuisto + uimahalli + saunakeskus<\/td><td class=\"has-text-align-center\" data-align=\"center\">32 \u20ac<\/td><td class=\"has-text-align-center\" data-align=\"center\">10 \u20ac<\/td><td class=\"has-text-align-center\" data-align=\"center\">25 \u20ac<\/td><td class=\"has-text-align-center\" data-align=\"center\">82 \u20ac<\/td><\/tr><tr><td class=\"has-text-align-left\" data-align=\"left\"><strong>Pe-Su \/ Viron kansallispyhin\u00e4 ja koulujen loma-aikoina<\/strong><\/td><td class=\"has-text-align-center\" data-align=\"center\"><\/td><td class=\"has-text-align-center\" data-align=\"center\"><\/td><td class=\"has-text-align-center\" data-align=\"center\"><\/td><td class=\"has-text-align-center\" data-align=\"center\"><\/td><\/tr><tr><td class=\"has-text-align-left\" data-align=\"left\">vesipuisto<\/td><td class=\"has-text-align-center\" data-align=\"center\">25 \u20ac<\/td><td class=\"has-text-align-center\" data-align=\"center\">6 \u20ac<\/td><td class=\"has-text-align-center\" data-align=\"center\">20 \u20ac<\/td><td class=\"has-text-align-center\" data-align=\"center\">70 \u20ac<\/td><\/tr><tr><td class=\"has-text-align-left\" data-align=\"left\">vesipuisto + uimahalli + saunakeskus<\/td><td class=\"has-text-align-center\" data-align=\"center\">36 \u20ac<\/td><td class=\"has-text-align-center\" data-align=\"center\">11 \u20ac<\/td><td class=\"has-text-align-center\" data-align=\"center\">29 \u20ac<\/td><td class=\"has-text-align-center\" data-align=\"center\">93 \u20ac<\/td><\/tr><tr><td class=\"has-text-align-left\" data-align=\"left\"><strong>P\u00c4IV\u00c4LIPPU<\/strong><br><strong><strong><strong><strong><strong>05.01-31.05.2026 ja 01.09.2026-03.01.2027<\/strong><\/strong><\/strong><\/strong><\/strong><\/td><td class=\"has-text-align-center\" data-align=\"center\"><strong>Aikuinen<\/strong><\/td><td class=\"has-text-align-center\" data-align=\"center\"><strong>Alennuslippu<br>4 &#8211; 6 vuot.<br>(6 mm)<\/strong><\/td><td class=\"has-text-align-center\" data-align=\"center\"><strong>Alennuslippu<\/strong><\/td><td class=\"has-text-align-center\" data-align=\"center\"><strong>Perhelippu<\/strong><\/td><\/tr><tr><td class=\"has-text-align-left\" data-align=\"left\"><strong>Ma-to<\/strong><\/td><td class=\"has-text-align-center\" data-align=\"center\"><\/td><td class=\"has-text-align-center\" data-align=\"center\"><\/td><td class=\"has-text-align-center\" data-align=\"center\"><\/td><td class=\"has-text-align-center\" data-align=\"center\"><\/td><\/tr><tr><td class=\"has-text-align-left\" data-align=\"left\">vesipuisto<\/td><td class=\"has-text-align-center\" data-align=\"center\">30 \u20ac<\/td><td class=\"has-text-align-center\" data-align=\"center\">8 \u20ac<\/td><td class=\"has-text-align-center\" data-align=\"center\">25 \u20ac<\/td><td class=\"has-text-align-center\" data-align=\"center\">80 \u20ac<\/td><\/tr><tr><td class=\"has-text-align-left\" data-align=\"left\">vesipuisto + uimahalli + saunakeskus<\/td><td class=\"has-text-align-center\" data-align=\"center\">35 \u20ac<\/td><td class=\"has-text-align-center\" data-align=\"center\">12 \u20ac<\/td><td class=\"has-text-align-center\" data-align=\"center\">30 \u20ac<\/td><td class=\"has-text-align-center\" data-align=\"center\">90 \u20ac<\/td><\/tr><tr><td class=\"has-text-align-left\" data-align=\"left\"><strong>Pe-Su \/ Viron kansallispyhin\u00e4 ja koulujen loma-aikoina<\/strong><\/td><td class=\"has-text-align-center\" data-align=\"center\"><\/td><td class=\"has-text-align-center\" data-align=\"center\"><\/td><td class=\"has-text-align-center\" data-align=\"center\"><\/td><td class=\"has-text-align-center\" data-align=\"center\"><\/td><\/tr><tr><td class=\"has-text-align-left\" data-align=\"left\">vesipuisto<\/td><td class=\"has-text-align-center\" data-align=\"center\">34 \u20ac<\/td><td class=\"has-text-align-center\" data-align=\"center\">9 \u20ac<\/td><td class=\"has-text-align-center\" data-align=\"center\">31 \u20ac<\/td><td class=\"has-text-align-center\" data-align=\"center\">88 \u20ac<\/td><\/tr><tr><td class=\"has-text-align-left\" data-align=\"left\">vesipuisto + uimahalli + saunakeskus<\/td><td class=\"has-text-align-center\" data-align=\"center\">40 \u20ac<\/td><td class=\"has-text-align-center\" data-align=\"center\">13 \u20ac<\/td><td class=\"has-text-align-center\" data-align=\"center\">35 \u20ac<\/td><td class=\"has-text-align-center\" data-align=\"center\">105 \u20ac<\/td><\/tr><tr><td class=\"has-text-align-left\" data-align=\"left\"><strong>KES\u00c4<br>3 TUNNIN LIPPU<\/strong><br><strong><strong>01.06-31.08<\/strong>.<strong>2026<\/strong><\/strong><\/td><td class=\"has-text-align-center\" data-align=\"center\"><strong>Aikuinen<\/strong><\/td><td class=\"has-text-align-center\" data-align=\"center\"><strong>Alennuslippu<br>4 &#8211; 6 vuot.<br>(6 mm)<\/strong><\/td><td class=\"has-text-align-center\" data-align=\"center\"><strong>Alennuslippu<\/strong><\/td><td class=\"has-text-align-center\" data-align=\"center\"><strong>Perhelippu<\/strong><\/td><\/tr><tr><td class=\"has-text-align-left\" data-align=\"left\"><strong>Ma-su<\/strong><\/td><td class=\"has-text-align-center\" data-align=\"center\"><\/td><td class=\"has-text-align-center\" data-align=\"center\"><\/td><td class=\"has-text-align-center\" data-align=\"center\"><\/td><td class=\"has-text-align-center\" data-align=\"center\"><\/td><\/tr><tr><td class=\"has-text-align-left\" data-align=\"left\">vesipuisto<\/td><td class=\"has-text-align-center\" data-align=\"center\">25 \u20ac<\/td><td class=\"has-text-align-center\" data-align=\"center\">6 \u20ac<\/td><td class=\"has-text-align-center\" data-align=\"center\">20 \u20ac<\/td><td class=\"has-text-align-center\" data-align=\"center\">70 \u20ac<\/td><\/tr><tr><td class=\"has-text-align-left\" data-align=\"left\">vesipuisto + uimahalli + saunakeskus<\/td><td class=\"has-text-align-center\" data-align=\"center\">36 \u20ac<\/td><td class=\"has-text-align-center\" data-align=\"center\">11 \u20ac<\/td><td class=\"has-text-align-center\" data-align=\"center\">29 \u20ac<\/td><td class=\"has-text-align-center\" data-align=\"center\">93 \u20ac<\/td><\/tr><tr><td class=\"has-text-align-left\" data-align=\"left\"><strong>KES\u00c4<br>P\u00c4IV\u00c4LIPPU <\/strong><br><strong><strong>01.06-31.08<\/strong>.<strong>2026<\/strong><\/strong><\/td><td class=\"has-text-align-center\" data-align=\"center\"><strong>Aikuinen<\/strong><\/td><td class=\"has-text-align-center\" data-align=\"center\"><strong>Alennuslippu<br>4 &#8211; 6 vuot.<br>(6 mm)<\/strong><\/td><td class=\"has-text-align-center\" data-align=\"center\"><strong>Alennuslippu<\/strong><\/td><td class=\"has-text-align-center\" data-align=\"center\">&nbsp;<strong>Perhelippu<\/strong><\/td><\/tr><tr><td class=\"has-text-align-left\" data-align=\"left\"><strong>Ma-su<\/strong><\/td><td class=\"has-text-align-center\" data-align=\"center\"><\/td><td class=\"has-text-align-center\" data-align=\"center\"><\/td><td class=\"has-text-align-center\" data-align=\"center\"><\/td><td class=\"has-text-align-center\" data-align=\"center\"><\/td><\/tr><tr><td class=\"has-text-align-left\" data-align=\"left\">vesipuisto<\/td><td class=\"has-text-align-center\" data-align=\"center\">34 \u20ac<\/td><td class=\"has-text-align-center\" data-align=\"center\">9 \u20ac<\/td><td class=\"has-text-align-center\" data-align=\"center\">31 \u20ac<\/td><td class=\"has-text-align-center\" data-align=\"center\">88 \u20ac<\/td><\/tr><tr><td class=\"has-text-align-left\" data-align=\"left\"><span style=\"font-size: 12px;\"><\/span>vesipuisto + uimahalli + saunakeskus<\/td><td class=\"has-text-align-center\" data-align=\"center\">40 \u20ac<\/td><td class=\"has-text-align-center\" data-align=\"center\">13 \u20ac<\/td><td class=\"has-text-align-center\" data-align=\"center\">35 \u20ac<\/td><td class=\"has-text-align-center\" data-align=\"center\">105 \u20ac<\/td><\/tr><\/tbody><\/table><\/figure>\n\n\n\n<div style=\"height:50px\" aria-hidden=\"true\" class=\"wp-block-spacer\"><\/div>\n\n\n\n<ul class=\"wp-block-list\">\n<li><strong>Alennuslipun <\/strong>voi ostaa voimassa olevalla el\u00e4kel\u00e4istodistuksella, invalidikortilla, opiskelija- tai koululaiskortilla sek\u00e4 ISIC- ja ITIC-korteilla.<\/li>\n\n\n\n<li><strong>Perhelippu<\/strong> on kahdelle aikuiselle ja kahdelle 15-v. tai sit\u00e4 nuoremmalle lapselle.<\/li>\n\n\n\n<li>3-vuotiaat ja sit\u00e4 nuoremmat lapset p\u00e4\u00e4sev\u00e4t vesipuistoon ilmaiseksi p\u00e4\u00e4sylipun lunastaneen aikuisen seurassa.<\/li>\n\n\n\n<li>Alle 3-vuotiaat (ja 3-vuotiaat) lapset voivat k\u00e4yd\u00e4 saunakeskuksessa ilmaiseksi saunakeskuksen p\u00e4\u00e4sylipun ostaneen aikuisen kanssa.<\/li>\n\n\n\n<li>Vesipuiston p\u00e4iv\u00e4lippu raukeaa vesipuistosta poistuttaessa.<\/li>\n\n\n\n<li><strong>HUOM!<\/strong> <strong>Viron kansallispyhin\u00e4 ja seuraavina p\u00e4ivin\u00e4 on voimassa viikonloppuhinta<\/strong>: 23.02-01.03.2026; 13.-19.04.2026; 26.10-1.11.2026; 21.12.2026-03.01.2027<\/li>\n\n\n\n<li>Unohdettuja ja kadonneita esineit\u00e4, jotka l\u00f6ydet\u00e4\u00e4n tai tuodaan henkil\u00f6kunnalle, s\u00e4ilytet\u00e4\u00e4n yksi (1) kuukausi, mink\u00e4 j\u00e4lkeen ne tuhotaan.<\/li>\n\n\n\n<li>Vesipuiston laitteet ja saunat suljetaan 20 minuuttia ennen vesipuiston sulkemisaikaa.<\/li>\n<\/ul>\n\n\n\n<figure class=\"wp-block-table is-style-stripes\"><table><tbody><tr><td><strong>LIS\u00c4PALVELUT<\/strong><\/td><td><\/td><\/tr><tr><td>Turvalokeron vuokra<\/td><td>2 \u20ac<\/td><\/tr><tr><td>Kylpytakin vuokra<\/td><td>4 \u20ac<\/td><\/tr><tr><td>Saunapyyhkeen vuokra<\/td><td>3 \u20ac<\/td><\/tr><tr><td>Kylpytakin takuuraha<\/td><td>15 \u20ac<\/td><\/tr><tr><td>Saunapyyhkeen takuuraha<\/td><td>7 \u20ac<\/td><\/tr><tr><td>Lis\u00e4maksu ylitetyst\u00e4 ajasta<\/td><td>0.20 \u20ac \/ 1 min<\/td><\/tr><tr><td>Vahingonkorvaus hukkuneesta aviamesta<\/td><td>12 \u20ac<\/td><\/tr><tr><td>Korvaus rannekkeen kadottamisesta<\/td><td>55 \u20ac<\/td><\/tr><tr><td>Vahingonkorvaus rannekkeen rikkomisesta<\/td><td>2 \u20ac<\/td><\/tr><\/tbody><\/table><\/figure>\n\n\n\n<div style=\"height:50px\" aria-hidden=\"true\" class=\"wp-block-spacer\"><\/div>\n\n\n<section class=\"teade wow fadeIn parallax\" data-stellar-background-ratio=\"0.4\"><div class=\"bg-deep-pink padding-nine-all text-center mt-100\"><h5 class=\"font-weight-600 alt-font text-white\">Huoltop\u00e4iv\u00e4t vesipuistossa ja saunakeskuksessa<\/h5><div class=\"text-white text-large\">\n<p><strong>2026 huoltop\u00e4iv\u00e4t vesipuistossa ovat:\u00a0<\/strong>03.03, 07.04, 12.05, 30.08-03.09, 06.10, 10.11, 08.12.\u00a0<br><br>Huoltop\u00e4ivin\u00e4 vesipuisto ja saunakeskus aukeavat vieraille klo 17:00.<\/p>\n\n\n\n<p>Tervise Paradiisin huoltop\u00e4ivin\u00e4 hotellin asiakkaat voivat vierailla my\u00f6s Tervis-kylpyl\u00e4hotellin sauna- ja vesikeskuksessa maksutta (3 tuntia).<\/p>\n\n\n\n<p><strong>Vesipuisto on suljettu huoltot\u00f6iden vuoksi 30.elokuuta &#8211; 3.syyskuuta.<\/strong> <br>Vesipuisto avautuu j\u00e4lleen 4.syyskuuta klo 15.00. Hotellivieraat, joiden majoitukseen sis\u00e4ltyy p\u00e4\u00e4sy vesipuistoon tai kylpyl\u00e4paketti, voivat huoltotauon aikana vierailla Paradiisi Saunad -saunakeskuksessa. Tervise Paradiisin huoltop\u00e4ivin\u00e4 hotellin asiakkaat voivat vierailla my\u00f6s Tervis-kylpyl\u00e4hotellin sauna- ja vesikeskuksessa maksutta (3 tuntia).<br><\/p>\n\n\n\n<p>Tervise Paradiisin uimahalli, kuntosali ja aerobic-salit ovat kuitenkin vesipuiston huoltop\u00e4ivin\u00e4 avoinna. <\/p>\n\n\n\n<p><strong>Saunakeskus \u201dParadiisi Saunad\u201d on suljettu<\/strong> huoltoa varten 23.-27.8.2026.<\/p>\n\n\n\n<p><br>Lis\u00e4tietoja huoltop\u00e4ivist\u00e4 saa vesikeskuksen kassalta tai soittamalla numeroon <a href=\"tel:+372 445 1666\" data-type=\"link\" data-id=\"callto:+3724451666\"><mark style=\"background-color:rgba(0, 0, 0, 0)\" class=\"has-inline-color has-white-color\"><strong>+372 445 1666<\/strong><\/mark><\/a>.<\/p>\n\n\n\n<p><\/p>\n<\/div><\/div><\/section>\n<\/div>\n\n\n\n<div class=\"wp-block-uagb-tabs-child uagb-tabs__body-container uagb-inner-tab-1\" aria-labelledby=\"uagb-tabs__tab1\">\n<h2 class=\"wp-block-heading\">Uimahallin ja kuntosalin hinnasto<\/h2>\n\n\n\n<h2 class=\"wp-block-heading\">2026<\/h2>\n\n\n\n<figure class=\"wp-block-table is-style-stripes\"><table class=\"has-fixed-layout\"><tbody><tr><td><strong>UINTI 1,5 tunti<\/strong><\/td><td class=\"has-text-align-center\" data-align=\"center\"><strong><strong>aikuinen<\/strong><\/strong><\/td><td class=\"has-text-align-center\" data-align=\"center\"><strong>alennuslippu*<\/strong><\/td><\/tr><tr><td>Ma-su klo 6:30-8:30<\/td><td class=\"has-text-align-center\" data-align=\"center\">7 \u20ac<\/td><td class=\"has-text-align-center\" data-align=\"center\">6 \u20ac<\/td><\/tr><tr><td>Ma-su klo 8:30-21:00<\/td><td class=\"has-text-align-center\" data-align=\"center\">8.50 \u20ac<\/td><td class=\"has-text-align-center\" data-align=\"center\">7.50 \u20ac<\/td><\/tr><tr><td><strong>OHJATTU LIIKUNTA<\/strong><\/td><td class=\"has-text-align-center\" data-align=\"center\"><\/td><td class=\"has-text-align-center\" data-align=\"center\"><\/td><\/tr><tr><td>vesiaerobic, vesijuoksu, aerobic, kiertoharjoittelu kuntosalissa<\/td><td class=\"has-text-align-center\" data-align=\"center\">8.50 \u20ac<\/td><td class=\"has-text-align-center\" data-align=\"center\">7.50 \u20ac<\/td><\/tr><tr><td><strong>KUNTOSALI<\/strong><\/td><td class=\"has-text-align-center\" data-align=\"center\"><\/td><td class=\"has-text-align-center\" data-align=\"center\"><\/td><\/tr><tr><td>Ma-su klo 6:30-21:00<\/td><td class=\"has-text-align-center\" data-align=\"center\">8.50 \u20ac<\/td><td class=\"has-text-align-center\" data-align=\"center\">6.50 \u20ac<\/td><\/tr><tr><td>Ma-pe klo 9:00-15:00<\/td><td class=\"has-text-align-center\" data-align=\"center\">7.50 \u20ac<\/td><td class=\"has-text-align-center\" data-align=\"center\">5.50 \u20ac<\/td><\/tr><tr><td><strong>KUNTOSALI + UINTI<\/strong><\/td><td class=\"has-text-align-center\" data-align=\"center\"><\/td><td class=\"has-text-align-center\" data-align=\"center\"><\/td><\/tr><tr><td>Ma-su klo 6:30-21:00<\/td><td class=\"has-text-align-center\" data-align=\"center\">14 \u20ac<\/td><td class=\"has-text-align-center\" data-align=\"center\">11 \u20ac<\/td><\/tr><\/tbody><\/table><\/figure>\n\n\n\n<p>*Alennuslipun ostajan on esitett\u00e4v\u00e4 joko el\u00e4kel\u00e4istodistus, oppilas- tai opiskelijakortti, ISIC- tai ITIC-kortti.<\/p>\n\n\n\n<figure class=\"wp-block-table is-style-stripes\"><table><tbody><tr><td><strong>LIS\u00c4PALVELUT<\/strong><\/td><td><\/td><\/tr><tr><td>Turvalokeron vuokra<\/td><td>2 \u20ac<\/td><\/tr><tr><td>Kylpytakin vuokra<\/td><td>4 \u20ac<\/td><\/tr><tr><td>Saunapyyhkeen vuokra<\/td><td>3 \u20ac<\/td><\/tr><tr><td>Kylpytakin takuuraha<\/td><td>15 \u20ac<\/td><\/tr><tr><td>Saunapyyhkeen takuuraha<\/td><td>7 \u20ac<\/td><\/tr><tr><td>Lis\u00e4maksu ylitetyst\u00e4 ajasta<\/td><td>0.20 \u20ac \/ 1 min<\/td><\/tr><tr><td>Vahingonkorvaus hukkuneesta aviamesta<\/td><td>12 \u20ac<\/td><\/tr><tr><td>Korvaus rannekkeen kadottamisesta<\/td><td>55 \u20ac<\/td><\/tr><tr><td>Vahingonkorvaus rannekkeen rikkomisesta<\/td><td>2 \u20ac<\/td><\/tr><\/tbody><\/table><\/figure>\n\n\n\n<div style=\"height:50px\" aria-hidden=\"true\" class=\"wp-block-spacer\"><\/div>\n\n\n<section class=\"teade wow fadeIn parallax\" data-stellar-background-ratio=\"0.4\"><div class=\"bg-deep-pink padding-nine-all text-center mt-100\"><h5 class=\"font-weight-600 alt-font text-white\">Tervise Paradiisin uima-allas<\/h5><div class=\"text-white text-large\">\n<p>on suljettu huoltoa varten 23. &#8211; 27.8.2026.<\/p>\n<\/div><\/div><\/section>\n<\/div>\n\n\n\n<div class=\"wp-block-uagb-tabs-child uagb-tabs__body-container uagb-inner-tab-2\" aria-labelledby=\"uagb-tabs__tab2\">\n<h2 class=\"wp-block-heading\">Keilaus ja biljardi <\/h2>\n\n\n\n<figure class=\"wp-block-table is-style-stripes\"><table class=\"has-fixed-layout\"><thead><tr><th class=\"has-text-align-left\" data-align=\"left\"><\/th><th class=\"has-text-align-center\" data-align=\"center\">Hinta<br>1 rataa 1 tunti<\/th><th class=\"has-text-align-center\" data-align=\"center\">Alennuslippu*<br>1 rataa 1 tunti<\/th><\/tr><\/thead><tbody><tr><td class=\"has-text-align-left\" data-align=\"left\">Ti-to klo 18:00 asti<\/td><td class=\"has-text-align-center\" data-align=\"center\">18 \u20ac<\/td><td class=\"has-text-align-center\" data-align=\"center\">15 \u20ac<\/td><\/tr><tr><td class=\"has-text-align-left\" data-align=\"left\">Ti-to alkaen klo 18:00<\/td><td class=\"has-text-align-center\" data-align=\"center\">30 \u20ac<\/td><td class=\"has-text-align-center\" data-align=\"center\">&#8211;<\/td><\/tr><tr><td class=\"has-text-align-left\" data-align=\"left\">Pe-su klo 18:00 asti<\/td><td class=\"has-text-align-center\" data-align=\"center\">30 \u20ac<\/td><td class=\"has-text-align-center\" data-align=\"center\">15 \u20ac<\/td><\/tr><tr><td class=\"has-text-align-left\" data-align=\"left\">Pe-su alkaen klo 18:00<\/td><td class=\"has-text-align-center\" data-align=\"center\">30 \u20ac<\/td><td class=\"has-text-align-center\" data-align=\"center\">&#8211;<\/td><\/tr><tr><td class=\"has-text-align-left\" data-align=\"left\"><strong>LIS\u00c4PALVELUT<\/strong><\/td><td class=\"has-text-align-center\" data-align=\"center\"><\/td><td class=\"has-text-align-center\" data-align=\"center\"><\/td><\/tr><tr><td class=\"has-text-align-left\" data-align=\"left\"><strong>Biljardi<\/strong> \/ 1 tunti<\/td><td class=\"has-text-align-center\" data-align=\"center\">7 \u20ac<\/td><td class=\"has-text-align-center\" data-align=\"center\"><\/td><\/tr><tr><td class=\"has-text-align-left\" data-align=\"left\">Keilausjalkineiden vuokraus<\/td><td class=\"has-text-align-center\" data-align=\"center\">1 \u20ac<\/td><td class=\"has-text-align-center\" data-align=\"center\"><\/td><\/tr><\/tbody><\/table><\/figure>\n\n\n\n<p>* Alennuslipun ostajan on esitett\u00e4v\u00e4 joko el\u00e4kel\u00e4istodistus, oppilas- tai opiskelijakortti, ISIC- tai ITIC-kortti.<br>** Pyyd\u00e4mme huomioimaan, ett\u00e4 henkil\u00f6kohtaisten v\u00e4lineiden k\u00e4ytt\u00f6 on omalla vastuulla.<\/p>\n\n\n<section class=\"teade wow fadeIn parallax\" data-stellar-background-ratio=\"0.4\"><div class=\"bg-deep-pink padding-nine-all text-center mt-100\"><h5 class=\"font-weight-600 alt-font text-white\">Keilaratojen\u00a0huoltp\u00e4iv\u00e4<\/h5><div class=\"text-white text-large\">\n<p>on joka kuukauden toinen keskkiviikko. Keilarajat avataan klo 19:00.<\/p>\n\n\n\n<p><\/p>\n<\/div><\/div><\/section>\n<\/div>\n\n\n\n<div class=\"wp-block-uagb-tabs-child uagb-tabs__body-container uagb-inner-tab-3\" aria-labelledby=\"uagb-tabs__tab3\">\n<p>Olemme valmistaneet syntym\u00e4p\u00e4iv\u00e4paketteja, joihin sis\u00e4ltyy vesikeskuksessa k\u00e4ynti ja ruokailu leikkihuoneessa. Lasten syntym\u00e4p\u00e4iv\u00e4paketit l\u00f6yd\u00e4t <a href=\"https:\/\/veekeskus.eu\/fi\/syntymapaivapaketit\/\" target=\"_blank\" rel=\"noreferrer noopener\">t\u00e4\u00e4lt\u00e4<\/a>.<\/p>\n<\/div>\n<\/div><\/div>\n\n\n\n<p>Tervise Paradiis spa-hotelli &amp; vesipuisto pid\u00e4tt\u00e4v\u00e4t oikeuden hinnanmuutoksiin.<\/p>\n\n\n\n<p><\/p>\n","protected":false},"excerpt":{"rendered":"<p>Tervise Paradiis spa-hotelli &amp; vesipuisto pid\u00e4tt\u00e4v\u00e4t oikeuden hinnanmuutoksiin.<\/p>\n","protected":false},"author":1,"featured_media":859,"parent":0,"menu_order":0,"comment_status":"closed","ping_status":"closed","template":"","meta":{"_acf_changed":false,"_seopress_robots_primary_cat":"","_seopress_titles_title":"","_seopress_titles_desc":"","_seopress_robots_index":"","_uag_custom_page_level_css":"","footnotes":""},"class_list":["post-1189","page","type-page","status-publish","has-post-thumbnail","hentry"],"acf":[],"uagb_featured_image_src":{"full":["https:\/\/veekeskus.eu\/wp-content\/uploads\/2024\/01\/hinnad.jpg",1920,982,false],"thumbnail":["https:\/\/veekeskus.eu\/wp-content\/uploads\/2024\/01\/hinnad-320x320.jpg",320,320,true],"medium":["https:\/\/veekeskus.eu\/wp-content\/uploads\/2024\/01\/hinnad-720x368.jpg",720,368,true],"medium_large":["https:\/\/veekeskus.eu\/wp-content\/uploads\/2024\/01\/hinnad-768x393.jpg",768,393,true],"large":["https:\/\/veekeskus.eu\/wp-content\/uploads\/2024\/01\/hinnad-1440x737.jpg",1440,737,true],"1536x1536":["https:\/\/veekeskus.eu\/wp-content\/uploads\/2024\/01\/hinnad-1536x786.jpg",1536,786,true],"2048x2048":["https:\/\/veekeskus.eu\/wp-content\/uploads\/2024\/01\/hinnad.jpg",1920,982,false],"gform-image-choice-sm":["https:\/\/veekeskus.eu\/wp-content\/uploads\/2024\/01\/hinnad.jpg",300,153,false],"gform-image-choice-md":["https:\/\/veekeskus.eu\/wp-content\/uploads\/2024\/01\/hinnad.jpg",400,205,false],"gform-image-choice-lg":["https:\/\/veekeskus.eu\/wp-content\/uploads\/2024\/01\/hinnad.jpg",600,307,false]},"uagb_author_info":{"display_name":"paradiis","author_link":"https:\/\/veekeskus.eu\/fi\/author\/paradiis\/"},"uagb_comment_info":0,"uagb_excerpt":"Tervise Paradiis spa-hotelli &amp; vesipuisto pid\u00e4tt\u00e4v\u00e4t oikeuden hinnanmuutoksiin.","publishpress_future_action":{"enabled":false,"date":"2026-05-06 11:34:27","action":"change-status","newStatus":"draft","terms":[],"taxonomy":"translation_priority","extraData":[]},"publishpress_future_workflow_manual_trigger":{"enabledWorkflows":[]},"_links":{"self":[{"href":"https:\/\/veekeskus.eu\/fi\/wp-json\/wp\/v2\/pages\/1189","targetHints":{"allow":["GET"]}}],"collection":[{"href":"https:\/\/veekeskus.eu\/fi\/wp-json\/wp\/v2\/pages"}],"about":[{"href":"https:\/\/veekeskus.eu\/fi\/wp-json\/wp\/v2\/types\/page"}],"author":[{"embeddable":true,"href":"https:\/\/veekeskus.eu\/fi\/wp-json\/wp\/v2\/users\/1"}],"replies":[{"embeddable":true,"href":"https:\/\/veekeskus.eu\/fi\/wp-json\/wp\/v2\/comments?post=1189"}],"version-history":[{"count":76,"href":"https:\/\/veekeskus.eu\/fi\/wp-json\/wp\/v2\/pages\/1189\/revisions"}],"predecessor-version":[{"id":3821,"href":"https:\/\/veekeskus.eu\/fi\/wp-json\/wp\/v2\/pages\/1189\/revisions\/3821"}],"wp:featuredmedia":[{"embeddable":true,"href":"https:\/\/veekeskus.eu\/fi\/wp-json\/wp\/v2\/media\/859"}],"wp:attachment":[{"href":"https:\/\/veekeskus.eu\/fi\/wp-json\/wp\/v2\/media?parent=1189"}],"curies":[{"name":"wp","href":"https:\/\/api.w.org\/{rel}","templated":true}]}}