{"id":1179,"date":"2024-01-24T14:47:51","date_gmt":"2024-01-24T12:47:51","guid":{"rendered":"https:\/\/paradiis.barn.ee\/avaleht\/"},"modified":"2025-03-28T14:42:42","modified_gmt":"2025-03-28T12:42:42","slug":"avaleht","status":"publish","type":"page","link":"https:\/\/veekeskus.eu\/fi\/","title":{"rendered":"Viron suurin vesipuisto Tervise Paradiis"},"content":{"rendered":"\n<h1 class=\"wp-block-heading\">Tervise Paradiis on rentouttava paikka viett\u00e4\u00e4 aikaa perheen ja yst\u00e4vien kanssa!<\/h1>\n\n\n\n<p>Tervise Paradiis P\u00e4rnussa tarjoaa monipuoliset mahdollisuudet rentoutumiseen, kuntoiluun ja vesipuiston nautintoihin.<\/p>\n\n\n\n<p>Meill\u00e4 on 11 000 m2 avaruutta ja huvituksia sek\u00e4 unohtumaton merin\u00e4k\u00f6ala &#8211; eli nautintoja sek\u00e4 suurille ett\u00e4 pienille, nuorille kuin varttuneemmillekin veden yst\u00e4ville.<\/p>\n\n\n\n<h2 class=\"wp-block-heading\"><strong>Vesipuistosta l\u00f6ytyy<\/strong> <\/h2>\n\n\n\n<p>liukum\u00e4ki\u00e4, uima-altaita, porealtaita, vuolas vuoristojoki, vesiputouksia, l\u00f6ylysauna, h\u00f6yrysauna, virkist\u00e4v\u00e4t kylm\u00e4vesialtaat, Aqua-baari, l\u00e4mminvesiallas ulkona (avoinna my\u00f6s talvella!), kes\u00e4terassi ja baari.<\/p>\n\n\n\n<p>Vesikeskuksen toisessa kerroksessa sijaitseva erillinen <strong>saunakeskus <em>Paratiisin Saunat<\/em><\/strong> tarjoaa eri kansojen ja kulttuurien tunnetuimpia saunanautintoja. T\u00e4\u00e4lt\u00e4 l\u00f6yd\u00e4t koko maailman saunat samasta paikasta \u2013 paratiiseja Japanista Persiaan ja Suomeen.&nbsp;<\/p>\n\n\n\n<p>Tervise Paradiisin pohjakerroksessa sijaitsee <strong>6-ratainen keilahalli<\/strong>, joka sopii mainiosti syntym\u00e4p\u00e4ivien, juhlien, yritystilaisuuksien ja turnausten j\u00e4rjest\u00e4miseen. Pallon vieritt\u00e4misen lis\u00e4ksi voit nauttia herkullisia pikkupurtavia ja virkist\u00e4vi\u00e4 juomia.<\/p>\n\n\n\n<p>Tervise Paradiisissa on my\u00f6s t\u00e4ysin varusteltu <strong>kuntosali, 25 metrin 4-ratainen uima-allas ja ryhm\u00e4treenisali.<\/strong><\/p>\n\n\n\n<p>Tarjoamme erilaisia \u200b\u200bvalmiita paketteja vesikeskukseen tutustumiseen <strong>koulu- ja lastenryhmille<\/strong>. <\/p>\n","protected":false},"excerpt":{"rendered":"<p>Tervise Paradiis on rentouttava paikka viett\u00e4\u00e4 aikaa perheen ja yst\u00e4vien kanssa! Tervise Paradiis P\u00e4rnussa tarjoaa monipuoliset mahdollisuudet rentoutumiseen, kuntoiluun ja vesipuiston nautintoihin. Meill\u00e4 on 11 000 m2 avaruutta ja huvituksia sek\u00e4 unohtumaton merin\u00e4k\u00f6ala &#8211; eli nautintoja sek\u00e4 suurille ett\u00e4 pienille, nuorille kuin varttuneemmillekin veden yst\u00e4ville. Vesipuistosta l\u00f6ytyy liukum\u00e4ki\u00e4, uima-altaita, porealtaita, vuolas vuoristojoki, vesiputouksia, l\u00f6ylysauna, h\u00f6yrysauna, [&hellip;]<\/p>\n","protected":false},"author":1,"featured_media":0,"parent":0,"menu_order":0,"comment_status":"closed","ping_status":"closed","template":"template-index.php","meta":{"_acf_changed":false,"_seopress_robots_primary_cat":"","_seopress_titles_title":"","_seopress_titles_desc":"","_seopress_robots_index":"","_uag_custom_page_level_css":"","footnotes":""},"class_list":["post-1179","page","type-page","status-publish","hentry"],"acf":[],"uagb_featured_image_src":{"full":false,"thumbnail":false,"medium":false,"medium_large":false,"large":false,"1536x1536":false,"2048x2048":false,"gform-image-choice-sm":false,"gform-image-choice-md":false,"gform-image-choice-lg":false},"uagb_author_info":{"display_name":"paradiis","author_link":"https:\/\/veekeskus.eu\/fi\/author\/paradiis\/"},"uagb_comment_info":0,"uagb_excerpt":"Tervise Paradiis on rentouttava paikka viett\u00e4\u00e4 aikaa perheen ja yst\u00e4vien kanssa! Tervise Paradiis P\u00e4rnussa tarjoaa monipuoliset mahdollisuudet rentoutumiseen, kuntoiluun ja vesipuiston nautintoihin. Meill\u00e4 on 11 000 m2 avaruutta ja huvituksia sek\u00e4 unohtumaton merin\u00e4k\u00f6ala &#8211; eli nautintoja sek\u00e4 suurille ett\u00e4 pienille, nuorille kuin varttuneemmillekin veden yst\u00e4ville. Vesipuistosta l\u00f6ytyy liukum\u00e4ki\u00e4, uima-altaita, porealtaita, vuolas vuoristojoki, vesiputouksia, l\u00f6ylysauna, h\u00f6yrysauna,&hellip;","publishpress_future_action":{"enabled":false,"date":"2026-05-07 11:57:13","action":"change-status","newStatus":"draft","terms":[],"taxonomy":"translation_priority","extraData":[]},"publishpress_future_workflow_manual_trigger":{"enabledWorkflows":[]},"_links":{"self":[{"href":"https:\/\/veekeskus.eu\/fi\/wp-json\/wp\/v2\/pages\/1179","targetHints":{"allow":["GET"]}}],"collection":[{"href":"https:\/\/veekeskus.eu\/fi\/wp-json\/wp\/v2\/pages"}],"about":[{"href":"https:\/\/veekeskus.eu\/fi\/wp-json\/wp\/v2\/types\/page"}],"author":[{"embeddable":true,"href":"https:\/\/veekeskus.eu\/fi\/wp-json\/wp\/v2\/users\/1"}],"replies":[{"embeddable":true,"href":"https:\/\/veekeskus.eu\/fi\/wp-json\/wp\/v2\/comments?post=1179"}],"version-history":[{"count":5,"href":"https:\/\/veekeskus.eu\/fi\/wp-json\/wp\/v2\/pages\/1179\/revisions"}],"predecessor-version":[{"id":3116,"href":"https:\/\/veekeskus.eu\/fi\/wp-json\/wp\/v2\/pages\/1179\/revisions\/3116"}],"wp:attachment":[{"href":"https:\/\/veekeskus.eu\/fi\/wp-json\/wp\/v2\/media?parent=1179"}],"curies":[{"name":"wp","href":"https:\/\/api.w.org\/{rel}","templated":true}]}}